{"id":2474,"date":"2019-06-21T12:38:52","date_gmt":"2019-06-21T10:38:52","guid":{"rendered":"https:\/\/projekte.cator.de\/dga-gruppe\/werk-dortmund\/"},"modified":"2019-07-12T11:05:27","modified_gmt":"2019-07-12T09:05:27","slug":"plant-dortmund","status":"publish","type":"page","link":"https:\/\/dga.de\/en\/company\/manufacturing-locations\/plant-dortmund\/","title":{"rendered":"Plant Dortmund"},"content":{"rendered":"<div class=\"fusion-fullwidth fullwidth-box fusion-builder-row-1 fusion-flex-container nonhundred-percent-fullwidth non-hundred-percent-height-scrolling\" style=\"--awb-border-radius-top-left:0px;--awb-border-radius-top-right:0px;--awb-border-radius-bottom-right:0px;--awb-border-radius-bottom-left:0px;--awb-flex-wrap:wrap;\" ><div class=\"fusion-builder-row fusion-row fusion-flex-align-items-flex-start fusion-flex-content-wrap\" style=\"max-width:1144px;margin-left: calc(-4% \/ 2 );margin-right: calc(-4% \/ 2 );\"><div class=\"fusion-layout-column fusion_builder_column fusion-builder-column-0 fusion_builder_column_1_1 1_1 fusion-flex-column\" style=\"--awb-bg-size:cover;--awb-width-large:100%;--awb-margin-top-large:0px;--awb-spacing-right-large:1.92%;--awb-margin-bottom-large:20px;--awb-spacing-left-large:1.92%;--awb-width-medium:100%;--awb-spacing-right-medium:1.92%;--awb-spacing-left-medium:1.92%;--awb-width-small:100%;--awb-spacing-right-small:1.92%;--awb-spacing-left-small:1.92%;\"><div class=\"fusion-column-wrapper fusion-column-has-shadow fusion-flex-justify-content-flex-start fusion-content-layout-column\"><div class=\"fusion-text fusion-text-1\"><h1>Plant Dortmund<\/h1>\n<\/div><\/div><\/div><div class=\"fusion-layout-column fusion_builder_column fusion-builder-column-1 fusion_builder_column_2_3 2_3 fusion-flex-column\" style=\"--awb-bg-size:cover;--awb-width-large:66.666666666667%;--awb-margin-top-large:0px;--awb-spacing-right-large:3.84%;--awb-margin-bottom-large:0px;--awb-spacing-left-large:2.88%;--awb-width-medium:100%;--awb-spacing-right-medium:1.92%;--awb-spacing-left-medium:1.92%;--awb-width-small:100%;--awb-spacing-right-small:1.92%;--awb-spacing-left-small:1.92%;\"><div class=\"fusion-column-wrapper fusion-flex-justify-content-flex-start fusion-content-layout-column\"><div class=\"fusion-text fusion-text-2\"><p>Dortmunder Gu\u00dfasphalt GmbH &amp; Co. KG was founded on 15 December 1970 by Deutag Mischwerke GmbH &amp; Co. OHG from Cologne, Tief- und Stra\u00dfenbaustoffe GmbH &amp; Co. KG from Gro\u00df-B\u00fclten and Hans Klein GmbH from Dortmund. Although the administration was located in the town of Soest, the production facilities were established in the Dortmund district of Huckarde on the grounds of Hans Klein GmbH at the harbour rail station.<\/p>\n<p>True to the company\u2019s name, mastic asphalt was produced with bitumen as a binding agent. This can be used in both road construction as well as industrial floors, bowling alley flooring, indoor screed or dam sealing. Even at an early stage, Dortmunder Gu\u00dfasphalt concentrated on developing new products aimed at satisfying the increasing market requirements. With the brand BIGUMA\u00ae, the company began manufacturing joint sealants for asphalt, concrete and paving at the end of the 1970s. Whether aviation areas, motorways or pedestrian zones \u2013 the BIGUMA\u00ae joint sealants still play a vital role in protecting traffic surfaces to greatly increase their durability.<\/p>\n<p>Further product groups, such as polymer-modified bitumen for special applications or block bitumen for building protection were added to the portfolio over the years. In response to a rapid rise in demand for dga products \u201cmade in Germany\u201d, the production facilities were extended with the \u201cAuf dem Br\u00fcmmer\u201d premises in 1988.<\/p>\n<p>Nowadays, Dortmunder Gu\u00dfasphalt in Dortmund primarily produces hot-applied joint, crack and repair sealants at both sites, these ultimately processed internationally.<\/p>\n<\/div><\/div><\/div><div class=\"fusion-layout-column fusion_builder_column fusion-builder-column-2 fusion_builder_column_1_3 1_3 fusion-flex-column\" style=\"--awb-bg-size:cover;--awb-width-large:33.333333333333%;--awb-margin-top-large:0px;--awb-spacing-right-large:5.76%;--awb-margin-bottom-large:0px;--awb-spacing-left-large:3.8399999999999%;--awb-width-medium:100%;--awb-spacing-right-medium:1.92%;--awb-spacing-left-medium:1.92%;--awb-width-small:100%;--awb-spacing-right-small:1.92%;--awb-spacing-left-small:1.92%;\"><div class=\"fusion-column-wrapper fusion-flex-justify-content-flex-start fusion-content-layout-column\"><div class=\"fusion-image-element \" style=\"--awb-caption-title-font-family:var(--h2_typography-font-family);--awb-caption-title-font-weight:var(--h2_typography-font-weight);--awb-caption-title-font-style:var(--h2_typography-font-style);--awb-caption-title-size:var(--h2_typography-font-size);--awb-caption-title-transform:var(--h2_typography-text-transform);--awb-caption-title-line-height:var(--h2_typography-line-height);--awb-caption-title-letter-spacing:var(--h2_typography-letter-spacing);\"><span class=\" fusion-imageframe imageframe-none imageframe-1 hover-type-none\"><img decoding=\"async\" width=\"1024\" height=\"575\" title=\"werk_dortmund_6\" src=\"https:\/\/dga.de\/wp-content\/uploads\/2019\/07\/werk_dortmund_6.jpg\" data-orig-src=\"http:\/\/dga.de\/wp-content\/uploads\/2019\/07\/werk_dortmund_6-1024x575.jpg\" alt class=\"lazyload img-responsive wp-image-3035\" srcset=\"data:image\/svg+xml,%3Csvg%20xmlns%3D%27http%3A%2F%2Fwww.w3.org%2F2000%2Fsvg%27%20width%3D%271200%27%20height%3D%27674%27%20viewBox%3D%270%200%201200%20674%27%3E%3Crect%20width%3D%271200%27%20height%3D%27674%27%20fill-opacity%3D%220%22%2F%3E%3C%2Fsvg%3E\" data-srcset=\"https:\/\/dga.de\/wp-content\/uploads\/2019\/07\/werk_dortmund_6-200x112.jpg 200w, https:\/\/dga.de\/wp-content\/uploads\/2019\/07\/werk_dortmund_6-400x225.jpg 400w, https:\/\/dga.de\/wp-content\/uploads\/2019\/07\/werk_dortmund_6-600x337.jpg 600w, https:\/\/dga.de\/wp-content\/uploads\/2019\/07\/werk_dortmund_6-800x449.jpg 800w, https:\/\/dga.de\/wp-content\/uploads\/2019\/07\/werk_dortmund_6.jpg 1200w\" data-sizes=\"auto\" data-orig-sizes=\"(max-width: 1024px) 100vw, (max-width: 640px) 100vw, 400px\" \/><\/span><\/div><div class=\"fusion-separator fusion-full-width-sep\" style=\"align-self: center;margin-left: auto;margin-right: auto;margin-top:20px;width:100%;\"><\/div><div class=\"fusion-image-element \" style=\"--awb-caption-title-font-family:var(--h2_typography-font-family);--awb-caption-title-font-weight:var(--h2_typography-font-weight);--awb-caption-title-font-style:var(--h2_typography-font-style);--awb-caption-title-size:var(--h2_typography-font-size);--awb-caption-title-transform:var(--h2_typography-text-transform);--awb-caption-title-line-height:var(--h2_typography-line-height);--awb-caption-title-letter-spacing:var(--h2_typography-letter-spacing);\"><span class=\" fusion-imageframe imageframe-none imageframe-2 hover-type-none\"><img decoding=\"async\" width=\"1024\" height=\"575\" title=\"werk_dortmund_3\" src=\"https:\/\/dga.de\/wp-content\/uploads\/2019\/07\/werk_dortmund_3.jpg\" data-orig-src=\"http:\/\/dga.de\/wp-content\/uploads\/2019\/07\/werk_dortmund_3-1024x575.jpg\" alt class=\"lazyload img-responsive wp-image-3033\" srcset=\"data:image\/svg+xml,%3Csvg%20xmlns%3D%27http%3A%2F%2Fwww.w3.org%2F2000%2Fsvg%27%20width%3D%271200%27%20height%3D%27674%27%20viewBox%3D%270%200%201200%20674%27%3E%3Crect%20width%3D%271200%27%20height%3D%27674%27%20fill-opacity%3D%220%22%2F%3E%3C%2Fsvg%3E\" data-srcset=\"https:\/\/dga.de\/wp-content\/uploads\/2019\/07\/werk_dortmund_3-200x112.jpg 200w, https:\/\/dga.de\/wp-content\/uploads\/2019\/07\/werk_dortmund_3-400x225.jpg 400w, https:\/\/dga.de\/wp-content\/uploads\/2019\/07\/werk_dortmund_3-600x337.jpg 600w, https:\/\/dga.de\/wp-content\/uploads\/2019\/07\/werk_dortmund_3-800x449.jpg 800w, https:\/\/dga.de\/wp-content\/uploads\/2019\/07\/werk_dortmund_3.jpg 1200w\" data-sizes=\"auto\" data-orig-sizes=\"(max-width: 1024px) 100vw, (max-width: 640px) 100vw, 400px\" \/><\/span><\/div><div class=\"fusion-separator fusion-full-width-sep\" style=\"align-self: center;margin-left: auto;margin-right: auto;margin-top:20px;width:100%;\"><\/div><div class=\"fusion-image-element \" style=\"--awb-caption-title-font-family:var(--h2_typography-font-family);--awb-caption-title-font-weight:var(--h2_typography-font-weight);--awb-caption-title-font-style:var(--h2_typography-font-style);--awb-caption-title-size:var(--h2_typography-font-size);--awb-caption-title-transform:var(--h2_typography-text-transform);--awb-caption-title-line-height:var(--h2_typography-line-height);--awb-caption-title-letter-spacing:var(--h2_typography-letter-spacing);\"><span class=\" fusion-imageframe imageframe-none imageframe-3 hover-type-none\"><img decoding=\"async\" width=\"1024\" height=\"575\" title=\"werk_dortmund_5\" src=\"https:\/\/dga.de\/wp-content\/uploads\/2019\/07\/werk_dortmund_5.jpg\" data-orig-src=\"http:\/\/dga.de\/wp-content\/uploads\/2019\/07\/werk_dortmund_5-1024x575.jpg\" alt class=\"lazyload img-responsive wp-image-3031\" srcset=\"data:image\/svg+xml,%3Csvg%20xmlns%3D%27http%3A%2F%2Fwww.w3.org%2F2000%2Fsvg%27%20width%3D%271200%27%20height%3D%27674%27%20viewBox%3D%270%200%201200%20674%27%3E%3Crect%20width%3D%271200%27%20height%3D%27674%27%20fill-opacity%3D%220%22%2F%3E%3C%2Fsvg%3E\" data-srcset=\"https:\/\/dga.de\/wp-content\/uploads\/2019\/07\/werk_dortmund_5-200x112.jpg 200w, https:\/\/dga.de\/wp-content\/uploads\/2019\/07\/werk_dortmund_5-400x225.jpg 400w, https:\/\/dga.de\/wp-content\/uploads\/2019\/07\/werk_dortmund_5-600x337.jpg 600w, https:\/\/dga.de\/wp-content\/uploads\/2019\/07\/werk_dortmund_5-800x449.jpg 800w, https:\/\/dga.de\/wp-content\/uploads\/2019\/07\/werk_dortmund_5.jpg 1200w\" data-sizes=\"auto\" data-orig-sizes=\"(max-width: 1024px) 100vw, (max-width: 640px) 100vw, 400px\" \/><\/span><\/div><\/div><\/div><\/div><\/div>\n","protected":false},"excerpt":{"rendered":"","protected":false},"author":1,"featured_media":0,"parent":2413,"menu_order":0,"comment_status":"closed","ping_status":"closed","template":"","meta":{"footnotes":""},"class_list":["post-2474","page","type-page","status-publish","hentry"],"_links":{"self":[{"href":"https:\/\/dga.de\/en\/wp-json\/wp\/v2\/pages\/2474","targetHints":{"allow":["GET"]}}],"collection":[{"href":"https:\/\/dga.de\/en\/wp-json\/wp\/v2\/pages"}],"about":[{"href":"https:\/\/dga.de\/en\/wp-json\/wp\/v2\/types\/page"}],"author":[{"embeddable":true,"href":"https:\/\/dga.de\/en\/wp-json\/wp\/v2\/users\/1"}],"replies":[{"embeddable":true,"href":"https:\/\/dga.de\/en\/wp-json\/wp\/v2\/comments?post=2474"}],"version-history":[{"count":0,"href":"https:\/\/dga.de\/en\/wp-json\/wp\/v2\/pages\/2474\/revisions"}],"up":[{"embeddable":true,"href":"https:\/\/dga.de\/en\/wp-json\/wp\/v2\/pages\/2413"}],"wp:attachment":[{"href":"https:\/\/dga.de\/en\/wp-json\/wp\/v2\/media?parent=2474"}],"curies":[{"name":"wp","href":"https:\/\/api.w.org\/{rel}","templated":true}]}}