{"id":1082,"date":"2019-03-26T11:49:31","date_gmt":"2019-03-26T10:49:31","guid":{"rendered":"http:\/\/dga-gruppe.cator.de\/produkt\/biguma-emulsion-pmb70\/"},"modified":"2023-07-28T12:20:34","modified_gmt":"2023-07-28T10:20:34","slug":"biguma-emulsion-pmb70","status":"publish","type":"product","link":"https:\/\/dga.de\/en\/product\/biguma-emulsion-pmb70\/","title":{"rendered":"BIGUMA\u00ae- Emulsion PMB70"},"content":{"rendered":"<p>BIGUMA\u00ae-\u00a0Emulsion PMB70 is used for \u201csurface treatment\u201d maintenance work according to the supplementary technical terms of contract and guidelines concerning the structural upkeep of traffic areas &#8211; asphalt constructions (ZTV BEA-StB 09\/13). The optimised flow properties of this emulsion allow for use on even substrates and slight slopes. BIGUMA\u00ae- Emulsion PMB70 is primarily used for surface treatments on construction class V to VI road pavements and is certified as a cationic bituminous emulsion according to the national framework TL BE-StB 15 and the harmonised European standard DIN EN 13808.<br \/>\nBIGUMA\u00ae-\u00a0Emulsion PMB70 wird \u00fcberwiegend f\u00fcr Oberfl\u00e4chenbehandlungen auf Verkehrsfl\u00e4chenbefestigungen der Bauklassen V bis VI eingesetzt und ist als kationische Bitumenemulsion gem\u00e4\u00df des nationalen Rahmenwerks TL BE-StB 15 und der harmonisierten europ\u00e4ischen Norm DIN EN 13808 zertifiziert<\/p>\n","protected":false},"excerpt":{"rendered":"<p>Bituminous emulsion for \u201csurface treatment\u201d maintenance work<\/p>\n[fusion_global id=\"12385\"]\n","protected":false},"featured_media":18989,"comment_status":"closed","ping_status":"closed","template":"","meta":[],"product_brand":[],"product_cat":[669,671],"product_tag":[],"class_list":{"0":"post-1082","1":"product","2":"type-product","3":"status-publish","4":"has-post-thumbnail","6":"product_cat-emulsions","7":"product_cat-maintenance-surface-treatment","9":"first","10":"instock","11":"product-type-simple"},"_links":{"self":[{"href":"https:\/\/dga.de\/en\/wp-json\/wp\/v2\/product\/1082","targetHints":{"allow":["GET"]}}],"collection":[{"href":"https:\/\/dga.de\/en\/wp-json\/wp\/v2\/product"}],"about":[{"href":"https:\/\/dga.de\/en\/wp-json\/wp\/v2\/types\/product"}],"replies":[{"embeddable":true,"href":"https:\/\/dga.de\/en\/wp-json\/wp\/v2\/comments?post=1082"}],"wp:featuredmedia":[{"embeddable":true,"href":"https:\/\/dga.de\/en\/wp-json\/wp\/v2\/media\/18989"}],"wp:attachment":[{"href":"https:\/\/dga.de\/en\/wp-json\/wp\/v2\/media?parent=1082"}],"wp:term":[{"taxonomy":"product_brand","embeddable":true,"href":"https:\/\/dga.de\/en\/wp-json\/wp\/v2\/product_brand?post=1082"},{"taxonomy":"product_cat","embeddable":true,"href":"https:\/\/dga.de\/en\/wp-json\/wp\/v2\/product_cat?post=1082"},{"taxonomy":"product_tag","embeddable":true,"href":"https:\/\/dga.de\/en\/wp-json\/wp\/v2\/product_tag?post=1082"}],"curies":[{"name":"wp","href":"https:\/\/api.w.org\/{rel}","templated":true}]}}