{"id":14089,"date":"2018-06-05T14:48:47","date_gmt":"2018-06-05T12:48:47","guid":{"rendered":"https:\/\/dga.de\/unternehmen\/ueber-dga\/"},"modified":"2026-02-16T11:04:44","modified_gmt":"2026-02-16T10:04:44","slug":"ueber-dga","status":"publish","type":"page","link":"https:\/\/dga.de\/fr\/unternehmen\/ueber-dga\/","title":{"rendered":"\u00c0 propos de dga"},"content":{"rendered":"<div class=\"fusion-fullwidth fullwidth-box fusion-builder-row-1 fusion-flex-container nonhundred-percent-fullwidth non-hundred-percent-height-scrolling\" style=\"--awb-border-radius-top-left:0px;--awb-border-radius-top-right:0px;--awb-border-radius-bottom-right:0px;--awb-border-radius-bottom-left:0px;--awb-flex-wrap:wrap;\" ><div class=\"fusion-builder-row fusion-row fusion-flex-align-items-flex-start fusion-flex-content-wrap\" style=\"max-width:1144px;margin-left: calc(-4% \/ 2 );margin-right: calc(-4% \/ 2 );\"><div class=\"fusion-layout-column fusion_builder_column fusion-builder-column-0 fusion_builder_column_2_3 2_3 fusion-flex-column\" style=\"--awb-bg-size:cover;--awb-width-large:66.666666666667%;--awb-margin-top-large:0px;--awb-spacing-right-large:3.84%;--awb-margin-bottom-large:0px;--awb-spacing-left-large:2.88%;--awb-width-medium:100%;--awb-spacing-right-medium:1.92%;--awb-spacing-left-medium:1.92%;--awb-width-small:100%;--awb-spacing-right-small:1.92%;--awb-spacing-left-small:1.92%;\"><div class=\"fusion-column-wrapper fusion-flex-justify-content-flex-start fusion-content-layout-column\"><div class=\"fusion-title title fusion-title-1 fusion-title-text fusion-title-size-one\" style=\"--awb-margin-top-small:0px;--awb-margin-right-small:0px;--awb-margin-bottom-small:20px;--awb-margin-left-small:0px;\"><div class=\"title-sep-container title-sep-container-left fusion-no-large-visibility fusion-no-medium-visibility fusion-no-small-visibility\"><div class=\"title-sep sep-single sep-solid\" style=\"border-color:#e0dede;\"><\/div><\/div><span class=\"awb-title-spacer fusion-no-large-visibility fusion-no-medium-visibility fusion-no-small-visibility\"><\/span><h1 class=\"fusion-title-heading title-heading-left\" style=\"margin:0;\">Dortmunder Gu\u00dfasphalt GmbH &amp; Co. KG<\/h1><span class=\"awb-title-spacer\"><\/span><div class=\"title-sep-container title-sep-container-right\"><div class=\"title-sep sep-single sep-solid\" style=\"border-color:#e0dede;\"><\/div><\/div><\/div><div class=\"fusion-title title fusion-title-2 fusion-sep-none fusion-title-text fusion-title-size-two\" style=\"--awb-margin-top-small:0px;--awb-margin-right-small:0px;--awb-margin-bottom-small:20px;--awb-margin-left-small:0px;\"><h2 class=\"fusion-title-heading title-heading-left\" style=\"margin:0;\">La qualit\u00e9 et l&rsquo;expertise au service du bitume<\/h2><\/div><div class=\"fusion-text fusion-text-1\"><p>Depuis plus de 50 ans, l&rsquo;entreprise Dortmunder Gu\u00dfasphalt GmbH &amp; Co. KG est l&rsquo;un des principaux fabricants de mat\u00e9riaux de construction bitumeux. En tant que groupe dga, nous produisons sur nos sites de Dortmund, Gro\u00dfr\u00f6hrsdorf et Vierlinden une large gamme de produits qui sont utilis\u00e9s dans la construction de routes ainsi que dans la protection des b\u00e2timents.<\/p>\n<p>De la construction de nouvelles routes au traitement de la chauss\u00e9e en passant par la r\u00e9habilitation des routes, nos produits applicables \u00e0 chaud et \u00e0 froid couvrent toutes les phases de la construction des routes. Dans la construction de b\u00e2timents, nos produits de protection des b\u00e2timents garantissent la protection des nouvelles constructions et la pr\u00e9servation des anciennes.<\/p>\n<p>Nos marques BIGUMA\u00ae, DOBAU\u00ae, PROXAN\u00ae, NILA\u00ae et COLZUMIX\u00ae garantissent une application simple et rapide, ainsi qu&rsquo;une logue dur\u00e9e de vie.<\/p>\n<p>Notre page d&rsquo;accueil vous offre des informations exhaustives ainsi qu&rsquo;une documentation compl\u00e8te sur nos produits standard.<br \/>\nEn outre, suivant notre devise \u00ab Qualit\u00e9 et expertise au service du bitume \u00bb, nous d\u00e9veloppons pour nos clients des solutions sur mesure pour leurs diff\u00e9rentes applications. Ce faisant, nous accordons une place de choix \u00e0 la consultation par des experts, et accordons \u00e0 nos clients des services complets allant jusqu&rsquo;au d\u00e9veloppement de produits finis.<\/p>\n<p>Contactez-nous directement. Nous sommes certains de trouver la solution de produit optimale pour vous aussi.<\/p>\n<\/div><\/div><\/div><div class=\"fusion-layout-column fusion_builder_column fusion-builder-column-1 fusion_builder_column_1_3 1_3 fusion-flex-column\" style=\"--awb-bg-size:cover;--awb-width-large:33.333333333333%;--awb-margin-top-large:0px;--awb-spacing-right-large:5.76%;--awb-margin-bottom-large:0px;--awb-spacing-left-large:3.84%;--awb-width-medium:100%;--awb-spacing-right-medium:1.92%;--awb-spacing-left-medium:1.92%;--awb-width-small:100%;--awb-spacing-right-small:1.92%;--awb-spacing-left-small:1.92%;\"><div class=\"fusion-column-wrapper fusion-flex-justify-content-flex-start fusion-content-layout-column\"><div class=\"fusion-separator fusion-full-width-sep\" style=\"align-self: center;margin-left: auto;margin-right: auto;margin-top:20px;width:100%;\"><\/div><div class=\"fusion-image-element \" style=\"--awb-caption-title-font-family:var(--h2_typography-font-family);--awb-caption-title-font-weight:var(--h2_typography-font-weight);--awb-caption-title-font-style:var(--h2_typography-font-style);--awb-caption-title-size:var(--h2_typography-font-size);--awb-caption-title-transform:var(--h2_typography-text-transform);--awb-caption-title-line-height:var(--h2_typography-line-height);--awb-caption-title-letter-spacing:var(--h2_typography-letter-spacing);\"><span class=\" fusion-imageframe imageframe-none imageframe-1 hover-type-none\"><img decoding=\"async\" width=\"300\" height=\"199\" title=\"ueber_dga_gelaende_2\" src=\"https:\/\/dga.de\/wp-content\/uploads\/2019\/06\/ueber_dga_gelaende_2.jpg\" data-orig-src=\"http:\/\/dga.de\/wp-content\/uploads\/2019\/06\/ueber_dga_gelaende_2-300x199.jpg\" alt class=\"lazyload img-responsive wp-image-2030\" srcset=\"data:image\/svg+xml,%3Csvg%20xmlns%3D%27http%3A%2F%2Fwww.w3.org%2F2000%2Fsvg%27%20width%3D%271029%27%20height%3D%27684%27%20viewBox%3D%270%200%201029%20684%27%3E%3Crect%20width%3D%271029%27%20height%3D%27684%27%20fill-opacity%3D%220%22%2F%3E%3C%2Fsvg%3E\" data-srcset=\"https:\/\/dga.de\/wp-content\/uploads\/2019\/06\/ueber_dga_gelaende_2-200x133.jpg 200w, https:\/\/dga.de\/wp-content\/uploads\/2019\/06\/ueber_dga_gelaende_2-400x266.jpg 400w, https:\/\/dga.de\/wp-content\/uploads\/2019\/06\/ueber_dga_gelaende_2-600x399.jpg 600w, https:\/\/dga.de\/wp-content\/uploads\/2019\/06\/ueber_dga_gelaende_2-800x532.jpg 800w, https:\/\/dga.de\/wp-content\/uploads\/2019\/06\/ueber_dga_gelaende_2.jpg 1029w\" data-sizes=\"auto\" data-orig-sizes=\"(max-width: 1024px) 100vw, (max-width: 640px) 100vw, 400px\" \/><\/span><\/div><div class=\"fusion-separator fusion-full-width-sep\" style=\"align-self: center;margin-left: auto;margin-right: auto;margin-top:20px;width:100%;\"><\/div><div class=\"fusion-image-element \" style=\"--awb-caption-title-font-family:var(--h2_typography-font-family);--awb-caption-title-font-weight:var(--h2_typography-font-weight);--awb-caption-title-font-style:var(--h2_typography-font-style);--awb-caption-title-size:var(--h2_typography-font-size);--awb-caption-title-transform:var(--h2_typography-text-transform);--awb-caption-title-line-height:var(--h2_typography-line-height);--awb-caption-title-letter-spacing:var(--h2_typography-letter-spacing);\"><span class=\" fusion-imageframe imageframe-none imageframe-2 hover-type-none\"><img decoding=\"async\" width=\"300\" height=\"199\" title=\"ueber_dga_gelaende_1\" src=\"https:\/\/dga.de\/wp-content\/uploads\/2019\/05\/ueber_dga_gelaende_1.jpg\" data-orig-src=\"http:\/\/dga.de\/wp-content\/uploads\/2019\/05\/ueber_dga_gelaende_1-300x199.jpg\" alt class=\"lazyload img-responsive wp-image-1658\" srcset=\"data:image\/svg+xml,%3Csvg%20xmlns%3D%27http%3A%2F%2Fwww.w3.org%2F2000%2Fsvg%27%20width%3D%271029%27%20height%3D%27684%27%20viewBox%3D%270%200%201029%20684%27%3E%3Crect%20width%3D%271029%27%20height%3D%27684%27%20fill-opacity%3D%220%22%2F%3E%3C%2Fsvg%3E\" data-srcset=\"https:\/\/dga.de\/wp-content\/uploads\/2019\/05\/ueber_dga_gelaende_1-200x133.jpg 200w, https:\/\/dga.de\/wp-content\/uploads\/2019\/05\/ueber_dga_gelaende_1-400x266.jpg 400w, https:\/\/dga.de\/wp-content\/uploads\/2019\/05\/ueber_dga_gelaende_1-600x399.jpg 600w, https:\/\/dga.de\/wp-content\/uploads\/2019\/05\/ueber_dga_gelaende_1-800x532.jpg 800w, https:\/\/dga.de\/wp-content\/uploads\/2019\/05\/ueber_dga_gelaende_1.jpg 1029w\" data-sizes=\"auto\" data-orig-sizes=\"(max-width: 1024px) 100vw, (max-width: 640px) 100vw, 400px\" \/><\/span><\/div><div class=\"fusion-separator fusion-full-width-sep\" style=\"align-self: center;margin-left: auto;margin-right: auto;margin-top:20px;width:100%;\"><\/div><div class=\"fusion-separator fusion-full-width-sep\" style=\"align-self: center;margin-left: auto;margin-right: auto;margin-top:20px;width:100%;\"><\/div><div class=\"fusion-image-element \" style=\"--awb-caption-title-font-family:var(--h2_typography-font-family);--awb-caption-title-font-weight:var(--h2_typography-font-weight);--awb-caption-title-font-style:var(--h2_typography-font-style);--awb-caption-title-size:var(--h2_typography-font-size);--awb-caption-title-transform:var(--h2_typography-text-transform);--awb-caption-title-line-height:var(--h2_typography-line-height);--awb-caption-title-letter-spacing:var(--h2_typography-letter-spacing);\"><span class=\" fusion-imageframe imageframe-none imageframe-3 hover-type-none\"><img decoding=\"async\" width=\"300\" height=\"199\" title=\"ueber_dga_bitumen_1\" src=\"https:\/\/dga.de\/wp-content\/uploads\/2019\/05\/ueber_dga_bitumen_1.jpg\" data-orig-src=\"http:\/\/dga.de\/wp-content\/uploads\/2019\/05\/ueber_dga_bitumen_1-300x199.jpg\" alt class=\"lazyload img-responsive wp-image-1656\" srcset=\"data:image\/svg+xml,%3Csvg%20xmlns%3D%27http%3A%2F%2Fwww.w3.org%2F2000%2Fsvg%27%20width%3D%271029%27%20height%3D%27684%27%20viewBox%3D%270%200%201029%20684%27%3E%3Crect%20width%3D%271029%27%20height%3D%27684%27%20fill-opacity%3D%220%22%2F%3E%3C%2Fsvg%3E\" data-srcset=\"https:\/\/dga.de\/wp-content\/uploads\/2019\/05\/ueber_dga_bitumen_1-200x133.jpg 200w, https:\/\/dga.de\/wp-content\/uploads\/2019\/05\/ueber_dga_bitumen_1-400x266.jpg 400w, https:\/\/dga.de\/wp-content\/uploads\/2019\/05\/ueber_dga_bitumen_1-600x399.jpg 600w, https:\/\/dga.de\/wp-content\/uploads\/2019\/05\/ueber_dga_bitumen_1-800x532.jpg 800w, https:\/\/dga.de\/wp-content\/uploads\/2019\/05\/ueber_dga_bitumen_1.jpg 1029w\" data-sizes=\"auto\" data-orig-sizes=\"(max-width: 1024px) 100vw, (max-width: 640px) 100vw, 400px\" \/><\/span><\/div><\/div><\/div><\/div><\/div>\n","protected":false},"excerpt":{"rendered":"","protected":false},"author":1,"featured_media":0,"parent":14082,"menu_order":1,"comment_status":"closed","ping_status":"closed","template":"","meta":{"footnotes":""},"class_list":["post-14089","page","type-page","status-publish","hentry"],"_links":{"self":[{"href":"https:\/\/dga.de\/fr\/wp-json\/wp\/v2\/pages\/14089","targetHints":{"allow":["GET"]}}],"collection":[{"href":"https:\/\/dga.de\/fr\/wp-json\/wp\/v2\/pages"}],"about":[{"href":"https:\/\/dga.de\/fr\/wp-json\/wp\/v2\/types\/page"}],"author":[{"embeddable":true,"href":"https:\/\/dga.de\/fr\/wp-json\/wp\/v2\/users\/1"}],"replies":[{"embeddable":true,"href":"https:\/\/dga.de\/fr\/wp-json\/wp\/v2\/comments?post=14089"}],"version-history":[{"count":0,"href":"https:\/\/dga.de\/fr\/wp-json\/wp\/v2\/pages\/14089\/revisions"}],"up":[{"embeddable":true,"href":"https:\/\/dga.de\/fr\/wp-json\/wp\/v2\/pages\/14082"}],"wp:attachment":[{"href":"https:\/\/dga.de\/fr\/wp-json\/wp\/v2\/media?parent=14089"}],"curies":[{"name":"wp","href":"https:\/\/api.w.org\/{rel}","templated":true}]}}