{"id":14107,"date":"2019-06-21T12:38:52","date_gmt":"2019-06-21T10:38:52","guid":{"rendered":"https:\/\/dga.de\/unternehmen\/produktionsstaetten\/werk-dortmund\/"},"modified":"2021-07-07T09:43:45","modified_gmt":"2021-07-07T07:43:45","slug":"werk-dortmund","status":"publish","type":"page","link":"https:\/\/dga.de\/fr\/unternehmen\/produktionsstaetten\/werk-dortmund\/","title":{"rendered":"Usine de Dortmund"},"content":{"rendered":"<div class=\"fusion-fullwidth fullwidth-box fusion-builder-row-1 fusion-flex-container nonhundred-percent-fullwidth non-hundred-percent-height-scrolling\" style=\"--awb-border-radius-top-left:0px;--awb-border-radius-top-right:0px;--awb-border-radius-bottom-right:0px;--awb-border-radius-bottom-left:0px;--awb-flex-wrap:wrap;\" ><div class=\"fusion-builder-row fusion-row fusion-flex-align-items-flex-start fusion-flex-content-wrap\" style=\"max-width:1144px;margin-left: calc(-4% \/ 2 );margin-right: calc(-4% \/ 2 );\"><div class=\"fusion-layout-column fusion_builder_column fusion-builder-column-0 fusion_builder_column_1_1 1_1 fusion-flex-column\" style=\"--awb-bg-size:cover;--awb-width-large:100%;--awb-margin-top-large:0px;--awb-spacing-right-large:1.92%;--awb-margin-bottom-large:20px;--awb-spacing-left-large:1.92%;--awb-width-medium:100%;--awb-spacing-right-medium:1.92%;--awb-spacing-left-medium:1.92%;--awb-width-small:100%;--awb-spacing-right-small:1.92%;--awb-spacing-left-small:1.92%;\"><div class=\"fusion-column-wrapper fusion-column-has-shadow fusion-flex-justify-content-flex-start fusion-content-layout-column\"><div class=\"fusion-text fusion-text-1\"><h1>Usine de Dortmund<\/h1>\n<\/div><\/div><\/div><div class=\"fusion-layout-column fusion_builder_column fusion-builder-column-1 fusion_builder_column_2_3 2_3 fusion-flex-column\" style=\"--awb-bg-size:cover;--awb-width-large:66.666666666667%;--awb-margin-top-large:0px;--awb-spacing-right-large:3.84%;--awb-margin-bottom-large:0px;--awb-spacing-left-large:2.88%;--awb-width-medium:100%;--awb-spacing-right-medium:1.92%;--awb-spacing-left-medium:1.92%;--awb-width-small:100%;--awb-spacing-right-small:1.92%;--awb-spacing-left-small:1.92%;\"><div class=\"fusion-column-wrapper fusion-flex-justify-content-flex-start fusion-content-layout-column\"><div class=\"fusion-text fusion-text-2\"><p>La soci\u00e9t\u00e9 Dortmunder Gu\u00dfasphalt GmbH &amp; Co. KG a \u00e9t\u00e9 fond\u00e9e le 15 d\u00e9cembre 1970 par l&rsquo;association des entreprises Deutag Mischwerke GmbH &amp; Co. OHG de Cologne, Tief- und Stra\u00dfenbaustoffe GmbH &amp; Co. KG de Gro\u00df B\u00fclten et Hans Klein GmbH de Dortmund. Si le service administratif se situait dans la ville de Soest, les installations de production se trouvaient quant \u00e0 elles dans le quartier Huckarde de Dortmund, dans les locaux de Hans Klein GmbH \u00e0 la gare du port.<\/p>\n<p>Comme son nom l&rsquo;indique, le groupe produisait de l&rsquo;asphalte coul\u00e9 en utilisant le bitume comme liant. Il \u00e9tait utilis\u00e9 dans la construction de routes ainsi que pour le rev\u00eatement de sols industriels, le rev\u00eatement des pistes de quilles, la chape int\u00e9rieure ou l&rsquo;\u00e9tanch\u00e9it\u00e9 des barrages. Tr\u00e8s t\u00f4t, le groupe Dortmunder Gu\u00dfasphalt s&rsquo;est sp\u00e9cialis\u00e9 dans le d\u00e9veloppement de nouveaux produits afin de r\u00e9pondre aux exigences croissantes du march\u00e9. \u00c0 la fin des ann\u00e9es 70, l&rsquo;entreprise a d\u00e9marr\u00e9 la production de masses de scellement pour l&rsquo;enrob\u00e9, le b\u00e9ton et les pav\u00e9s avec la marque BIGUMA\u00ae (BItumen GUmmi MAsse).<\/p>\n<p>Que ce soit dans les zones a\u00e9roportuaires, les autoroutes ou les tarmacs, les masses de scellement BIGUMA\u00ae contribuent jusqu&rsquo;\u00e0 nos jours \u00e0 la protection des zones de circulation et \u00e0 accro\u00eetre de mani\u00e8re significative leur dur\u00e9e de vie. Au fil des ann\u00e9es, d&rsquo;autres groupes de produits se sont ajout\u00e9s, tels que les bitumes modifi\u00e9s par polym\u00e8res pour des applications sp\u00e9ciales ou encore les bitumes en bloc pour la protection des b\u00e2timents. Les produits dga \u00ab Made in Germany \u00bb ont connu un succ\u00e8s tel qu&rsquo;en 1988, le groupe a proc\u00e9d\u00e9 \u00e0 une extension des installations de production avec le site de \u00ab Auf dem Br\u00fcmmer \u00bb.<\/p>\n<p>Aujourd&rsquo;hui, Dortmunder Gu\u00dfasphalt produit principalement sur ses deux sites de Dormund des masses de scellement, de fissuration et de r\u00e9novation applicables \u00e0 chaud qui sont vendues \u00e0 travers le monde.<\/p>\n<\/div><\/div><\/div><div class=\"fusion-layout-column fusion_builder_column fusion-builder-column-2 fusion_builder_column_1_3 1_3 fusion-flex-column\" style=\"--awb-bg-size:cover;--awb-width-large:33.333333333333%;--awb-margin-top-large:0px;--awb-spacing-right-large:5.76%;--awb-margin-bottom-large:0px;--awb-spacing-left-large:3.84%;--awb-width-medium:100%;--awb-spacing-right-medium:1.92%;--awb-spacing-left-medium:1.92%;--awb-width-small:100%;--awb-spacing-right-small:1.92%;--awb-spacing-left-small:1.92%;\"><div class=\"fusion-column-wrapper fusion-flex-justify-content-flex-start fusion-content-layout-column\"><div class=\"fusion-image-element \" style=\"--awb-caption-title-font-family:var(--h2_typography-font-family);--awb-caption-title-font-weight:var(--h2_typography-font-weight);--awb-caption-title-font-style:var(--h2_typography-font-style);--awb-caption-title-size:var(--h2_typography-font-size);--awb-caption-title-transform:var(--h2_typography-text-transform);--awb-caption-title-line-height:var(--h2_typography-line-height);--awb-caption-title-letter-spacing:var(--h2_typography-letter-spacing);\"><span class=\" fusion-imageframe imageframe-none imageframe-1 hover-type-none\"><img decoding=\"async\" width=\"1024\" height=\"575\" title=\"werk_dortmund_6\" src=\"https:\/\/dga.de\/wp-content\/uploads\/2019\/07\/werk_dortmund_6.jpg\" data-orig-src=\"http:\/\/dga.de\/wp-content\/uploads\/2019\/07\/werk_dortmund_6-1024x575.jpg\" alt class=\"lazyload img-responsive wp-image-3034\" srcset=\"data:image\/svg+xml,%3Csvg%20xmlns%3D%27http%3A%2F%2Fwww.w3.org%2F2000%2Fsvg%27%20width%3D%271200%27%20height%3D%27674%27%20viewBox%3D%270%200%201200%20674%27%3E%3Crect%20width%3D%271200%27%20height%3D%27674%27%20fill-opacity%3D%220%22%2F%3E%3C%2Fsvg%3E\" data-srcset=\"https:\/\/dga.de\/wp-content\/uploads\/2019\/07\/werk_dortmund_6-200x112.jpg 200w, https:\/\/dga.de\/wp-content\/uploads\/2019\/07\/werk_dortmund_6-400x225.jpg 400w, https:\/\/dga.de\/wp-content\/uploads\/2019\/07\/werk_dortmund_6-600x337.jpg 600w, https:\/\/dga.de\/wp-content\/uploads\/2019\/07\/werk_dortmund_6-800x449.jpg 800w, https:\/\/dga.de\/wp-content\/uploads\/2019\/07\/werk_dortmund_6.jpg 1200w\" data-sizes=\"auto\" data-orig-sizes=\"(max-width: 1024px) 100vw, (max-width: 640px) 100vw, 400px\" \/><\/span><\/div><div class=\"fusion-separator fusion-full-width-sep\" style=\"align-self: center;margin-left: auto;margin-right: auto;margin-top:20px;width:100%;\"><\/div><div class=\"fusion-image-element \" style=\"--awb-caption-title-font-family:var(--h2_typography-font-family);--awb-caption-title-font-weight:var(--h2_typography-font-weight);--awb-caption-title-font-style:var(--h2_typography-font-style);--awb-caption-title-size:var(--h2_typography-font-size);--awb-caption-title-transform:var(--h2_typography-text-transform);--awb-caption-title-line-height:var(--h2_typography-line-height);--awb-caption-title-letter-spacing:var(--h2_typography-letter-spacing);\"><span class=\" fusion-imageframe imageframe-none imageframe-2 hover-type-none\"><img decoding=\"async\" width=\"1024\" height=\"575\" title=\"werk_dortmund_3\" src=\"https:\/\/dga.de\/wp-content\/uploads\/2019\/07\/werk_dortmund_3.jpg\" data-orig-src=\"http:\/\/dga.de\/wp-content\/uploads\/2019\/07\/werk_dortmund_3-1024x575.jpg\" alt class=\"lazyload img-responsive wp-image-3032\" srcset=\"data:image\/svg+xml,%3Csvg%20xmlns%3D%27http%3A%2F%2Fwww.w3.org%2F2000%2Fsvg%27%20width%3D%271200%27%20height%3D%27674%27%20viewBox%3D%270%200%201200%20674%27%3E%3Crect%20width%3D%271200%27%20height%3D%27674%27%20fill-opacity%3D%220%22%2F%3E%3C%2Fsvg%3E\" data-srcset=\"https:\/\/dga.de\/wp-content\/uploads\/2019\/07\/werk_dortmund_3-200x112.jpg 200w, https:\/\/dga.de\/wp-content\/uploads\/2019\/07\/werk_dortmund_3-400x225.jpg 400w, https:\/\/dga.de\/wp-content\/uploads\/2019\/07\/werk_dortmund_3-600x337.jpg 600w, https:\/\/dga.de\/wp-content\/uploads\/2019\/07\/werk_dortmund_3-800x449.jpg 800w, https:\/\/dga.de\/wp-content\/uploads\/2019\/07\/werk_dortmund_3.jpg 1200w\" data-sizes=\"auto\" data-orig-sizes=\"(max-width: 1024px) 100vw, (max-width: 640px) 100vw, 400px\" \/><\/span><\/div><div class=\"fusion-separator fusion-full-width-sep\" style=\"align-self: center;margin-left: auto;margin-right: auto;margin-top:20px;width:100%;\"><\/div><div class=\"fusion-image-element \" style=\"--awb-caption-title-font-family:var(--h2_typography-font-family);--awb-caption-title-font-weight:var(--h2_typography-font-weight);--awb-caption-title-font-style:var(--h2_typography-font-style);--awb-caption-title-size:var(--h2_typography-font-size);--awb-caption-title-transform:var(--h2_typography-text-transform);--awb-caption-title-line-height:var(--h2_typography-line-height);--awb-caption-title-letter-spacing:var(--h2_typography-letter-spacing);\"><span class=\" fusion-imageframe imageframe-none imageframe-3 hover-type-none\"><img decoding=\"async\" width=\"1024\" height=\"575\" title=\"werk_dortmund_5\" src=\"https:\/\/dga.de\/wp-content\/uploads\/2019\/07\/werk_dortmund_5.jpg\" data-orig-src=\"http:\/\/dga.de\/wp-content\/uploads\/2019\/07\/werk_dortmund_5-1024x575.jpg\" alt class=\"lazyload img-responsive wp-image-3030\" srcset=\"data:image\/svg+xml,%3Csvg%20xmlns%3D%27http%3A%2F%2Fwww.w3.org%2F2000%2Fsvg%27%20width%3D%271200%27%20height%3D%27674%27%20viewBox%3D%270%200%201200%20674%27%3E%3Crect%20width%3D%271200%27%20height%3D%27674%27%20fill-opacity%3D%220%22%2F%3E%3C%2Fsvg%3E\" data-srcset=\"https:\/\/dga.de\/wp-content\/uploads\/2019\/07\/werk_dortmund_5-200x112.jpg 200w, https:\/\/dga.de\/wp-content\/uploads\/2019\/07\/werk_dortmund_5-400x225.jpg 400w, https:\/\/dga.de\/wp-content\/uploads\/2019\/07\/werk_dortmund_5-600x337.jpg 600w, https:\/\/dga.de\/wp-content\/uploads\/2019\/07\/werk_dortmund_5-800x449.jpg 800w, https:\/\/dga.de\/wp-content\/uploads\/2019\/07\/werk_dortmund_5.jpg 1200w\" data-sizes=\"auto\" data-orig-sizes=\"(max-width: 1024px) 100vw, (max-width: 640px) 100vw, 400px\" \/><\/span><\/div><\/div><\/div><\/div><\/div>\n","protected":false},"excerpt":{"rendered":"","protected":false},"author":1,"featured_media":0,"parent":14104,"menu_order":0,"comment_status":"closed","ping_status":"closed","template":"","meta":{"footnotes":""},"class_list":["post-14107","page","type-page","status-publish","hentry"],"_links":{"self":[{"href":"https:\/\/dga.de\/fr\/wp-json\/wp\/v2\/pages\/14107","targetHints":{"allow":["GET"]}}],"collection":[{"href":"https:\/\/dga.de\/fr\/wp-json\/wp\/v2\/pages"}],"about":[{"href":"https:\/\/dga.de\/fr\/wp-json\/wp\/v2\/types\/page"}],"author":[{"embeddable":true,"href":"https:\/\/dga.de\/fr\/wp-json\/wp\/v2\/users\/1"}],"replies":[{"embeddable":true,"href":"https:\/\/dga.de\/fr\/wp-json\/wp\/v2\/comments?post=14107"}],"version-history":[{"count":0,"href":"https:\/\/dga.de\/fr\/wp-json\/wp\/v2\/pages\/14107\/revisions"}],"up":[{"embeddable":true,"href":"https:\/\/dga.de\/fr\/wp-json\/wp\/v2\/pages\/14104"}],"wp:attachment":[{"href":"https:\/\/dga.de\/fr\/wp-json\/wp\/v2\/media?parent=14107"}],"curies":[{"name":"wp","href":"https:\/\/api.w.org\/{rel}","templated":true}]}}