{"id":14110,"date":"2019-06-21T12:46:08","date_gmt":"2019-06-21T10:46:08","guid":{"rendered":"https:\/\/dga.de\/unternehmen\/produktionsstaetten\/werk-wm-hilgers\/"},"modified":"2022-07-29T15:01:49","modified_gmt":"2022-07-29T13:01:49","slug":"werk-wm-hilgers","status":"publish","type":"page","link":"https:\/\/dga.de\/fr\/unternehmen\/produktionsstaetten\/werk-wm-hilgers\/","title":{"rendered":"Usine Wm. Hilgers"},"content":{"rendered":"<div class=\"fusion-fullwidth fullwidth-box fusion-builder-row-1 fusion-flex-container nonhundred-percent-fullwidth non-hundred-percent-height-scrolling\" style=\"--awb-border-radius-top-left:0px;--awb-border-radius-top-right:0px;--awb-border-radius-bottom-right:0px;--awb-border-radius-bottom-left:0px;--awb-flex-wrap:wrap;\" ><div class=\"fusion-builder-row fusion-row fusion-flex-align-items-flex-start fusion-flex-content-wrap\" style=\"max-width:1144px;margin-left: calc(-4% \/ 2 );margin-right: calc(-4% \/ 2 );\"><div class=\"fusion-layout-column fusion_builder_column fusion-builder-column-0 fusion_builder_column_1_1 1_1 fusion-flex-column\" style=\"--awb-bg-size:cover;--awb-width-large:100%;--awb-margin-top-large:0px;--awb-spacing-right-large:1.92%;--awb-margin-bottom-large:20px;--awb-spacing-left-large:1.92%;--awb-width-medium:100%;--awb-spacing-right-medium:1.92%;--awb-spacing-left-medium:1.92%;--awb-width-small:100%;--awb-spacing-right-small:1.92%;--awb-spacing-left-small:1.92%;\"><div class=\"fusion-column-wrapper fusion-column-has-shadow fusion-flex-justify-content-flex-start fusion-content-layout-column\"><div class=\"fusion-text fusion-text-1\"><h1>Usine Wm. Hilgers<\/h1>\n<\/div><\/div><\/div><div class=\"fusion-layout-column fusion_builder_column fusion-builder-column-1 fusion_builder_column_2_3 2_3 fusion-flex-column\" style=\"--awb-bg-size:cover;--awb-width-large:66.666666666667%;--awb-margin-top-large:0px;--awb-spacing-right-large:3.84%;--awb-margin-bottom-large:0px;--awb-spacing-left-large:2.88%;--awb-width-medium:100%;--awb-spacing-right-medium:1.92%;--awb-spacing-left-medium:1.92%;--awb-width-small:100%;--awb-spacing-right-small:1.92%;--awb-spacing-left-small:1.92%;\"><div class=\"fusion-column-wrapper fusion-flex-justify-content-flex-start fusion-content-layout-column\"><div class=\"fusion-text fusion-text-2\"><p>L&rsquo;usine Wm. Hilgers Chemie- und Kaltasphaltfabrik a \u00e9t\u00e9 fond\u00e9e en 1863 \u00e0 Cologne. Au d\u00e9but, l&rsquo;entreprise produisait principalement du goudron, de l&rsquo;huile et diverses graisses. En 1903, elle a d\u00e9m\u00e9nag\u00e9 \u00e0 D\u00fcsseldorf Reisholz, pour y occuper ce qui reste son si\u00e8ge jusqu&rsquo;\u00e0 nos jours. Au fil des ann\u00e9es, l&rsquo;entreprise Wm. Hilgers est pass\u00e9e du statut de producteur d&rsquo;huiles et de graisses \u00e0 celui de sp\u00e9cialiste dans la fabrication de diff\u00e9rents produits sp\u00e9ciaux.<\/p>\n<p>Au d\u00e9but des ann\u00e9es soixante, le programme de production comprenait, par exemple, des \u00e9mulsions de bitume en enrob\u00e9 froid, des p\u00e9troles bruts turcs, des lubrifiants et des distillats de r\u00e9sine. \u00c0 cette \u00e9poque d\u00e9j\u00e0, l&rsquo;accent \u00e9tait mis sur le d\u00e9veloppement de nouveaux produits \u00e0 base d&rsquo;\u00e9mulsion.<br \/>\nEn 1963, le logo de Hilgers a \u00e9t\u00e9 con\u00e7u, et est par ailleurs celui utilis\u00e9 jusqu&rsquo;\u00e0 ce jour : gr\u00e2ce \u00e0 deux couches de liquides imbriqu\u00e9es l&rsquo;une dans l&rsquo;autre, ce logo pr\u00e9sente par exemple la solution aux probl\u00e8mes d&rsquo;interfaces.<\/p>\n<p>Au d\u00e9part, l&rsquo;entreprise vendait ses produits dans un p\u00e9rim\u00e8tre r\u00e9gional de 50 km \u00e0 D\u00fcsseldorf, mais aujourd&rsquo;hui, les \u00e9mulsions Hilgers ont du succ\u00e8s et sont sollicit\u00e9es dans le monde entier. Le savoir-faire technique en mati\u00e8re de produits bitumeux applicables \u00e0 froid couvre \u00e0 la fois les syst\u00e8mes cationiques et anioniques utilis\u00e9s dans la construction routi\u00e8re et dans la protection des b\u00e2timents.<\/p>\n<p>Par le pass\u00e9, de nombreux \u00e9difices populaires ont b\u00e9n\u00e9fici\u00e9 d&rsquo;un \u00e9tanchement durable par Hilgers suivant sa devise : \u00ab Prot\u00e9geons le neuf, conservons l&rsquo;ancien \u00bb. Un exemple bien connu ici est celui du Zwinger de Dresde, qui a \u00e9t\u00e9 \u00e9tanch\u00e9ifi\u00e9 gr\u00e2ce aux produits de qualit\u00e9 de Hilgers.<\/p>\n<p>En raison de l&rsquo;\u00e9volution constante des produits, Hilgers est sp\u00e9cialis\u00e9 de nos jours dans des domaines totalement \u00e9loign\u00e9s du secteur classique de la construction. Que ce soit dans l&rsquo;agriculture pour la construction de pipelines, les produits interm\u00e9diaires pour l&rsquo;industrie textile ou dans le domaine de la protection contre la corrosion, les produits Hilgers couvrent ces secteurs particuliers et d&rsquo;autres encore.<\/p>\n<\/div><\/div><\/div><div class=\"fusion-layout-column fusion_builder_column fusion-builder-column-2 fusion_builder_column_1_3 1_3 fusion-flex-column\" style=\"--awb-bg-size:cover;--awb-width-large:33.333333333333%;--awb-margin-top-large:0px;--awb-spacing-right-large:5.76%;--awb-margin-bottom-large:0px;--awb-spacing-left-large:3.84%;--awb-width-medium:100%;--awb-spacing-right-medium:1.92%;--awb-spacing-left-medium:1.92%;--awb-width-small:100%;--awb-spacing-right-small:1.92%;--awb-spacing-left-small:1.92%;\"><div class=\"fusion-column-wrapper fusion-flex-justify-content-flex-start fusion-content-layout-column\"><div class=\"fusion-image-element \" style=\"--awb-caption-title-font-family:var(--h2_typography-font-family);--awb-caption-title-font-weight:var(--h2_typography-font-weight);--awb-caption-title-font-style:var(--h2_typography-font-style);--awb-caption-title-size:var(--h2_typography-font-size);--awb-caption-title-transform:var(--h2_typography-text-transform);--awb-caption-title-line-height:var(--h2_typography-line-height);--awb-caption-title-letter-spacing:var(--h2_typography-letter-spacing);\"><span class=\" fusion-imageframe imageframe-none imageframe-1 hover-type-none\"><img decoding=\"async\" width=\"1200\" height=\"900\" title=\"schichtenverbund_emulsion_dga\" src=\"https:\/\/dga.de\/wp-content\/uploads\/2021\/02\/schichtenverbund_emulsion_dga.jpg\" data-orig-src=\"https:\/\/dga.de\/wp-content\/uploads\/2021\/02\/schichtenverbund_emulsion_dga.jpg\" alt class=\"lazyload img-responsive wp-image-10459\" srcset=\"data:image\/svg+xml,%3Csvg%20xmlns%3D%27http%3A%2F%2Fwww.w3.org%2F2000%2Fsvg%27%20width%3D%271200%27%20height%3D%27900%27%20viewBox%3D%270%200%201200%20900%27%3E%3Crect%20width%3D%271200%27%20height%3D%27900%27%20fill-opacity%3D%220%22%2F%3E%3C%2Fsvg%3E\" data-srcset=\"https:\/\/dga.de\/wp-content\/uploads\/2021\/02\/schichtenverbund_emulsion_dga-200x150.jpg 200w, https:\/\/dga.de\/wp-content\/uploads\/2021\/02\/schichtenverbund_emulsion_dga-400x300.jpg 400w, https:\/\/dga.de\/wp-content\/uploads\/2021\/02\/schichtenverbund_emulsion_dga-600x450.jpg 600w, https:\/\/dga.de\/wp-content\/uploads\/2021\/02\/schichtenverbund_emulsion_dga-800x600.jpg 800w, https:\/\/dga.de\/wp-content\/uploads\/2021\/02\/schichtenverbund_emulsion_dga.jpg 1200w\" data-sizes=\"auto\" data-orig-sizes=\"(max-width: 1024px) 100vw, (max-width: 640px) 100vw, 400px\" \/><\/span><\/div><div class=\"fusion-separator fusion-full-width-sep\" style=\"align-self: center;margin-left: auto;margin-right: auto;margin-top:20px;width:100%;\"><\/div><div class=\"fusion-image-element \" style=\"--awb-caption-title-font-family:var(--h2_typography-font-family);--awb-caption-title-font-weight:var(--h2_typography-font-weight);--awb-caption-title-font-style:var(--h2_typography-font-style);--awb-caption-title-size:var(--h2_typography-font-size);--awb-caption-title-transform:var(--h2_typography-text-transform);--awb-caption-title-line-height:var(--h2_typography-line-height);--awb-caption-title-letter-spacing:var(--h2_typography-letter-spacing);\"><span class=\" fusion-imageframe imageframe-none imageframe-2 hover-type-none\"><img decoding=\"async\" width=\"899\" height=\"674\" title=\"werk_hilgers_6\" src=\"https:\/\/dga.de\/wp-content\/uploads\/2019\/07\/werk_hilgers_6.jpg\" data-orig-src=\"http:\/\/dga.de\/wp-content\/uploads\/2019\/07\/werk_hilgers_6.jpg\" alt class=\"lazyload img-responsive wp-image-3077\" srcset=\"data:image\/svg+xml,%3Csvg%20xmlns%3D%27http%3A%2F%2Fwww.w3.org%2F2000%2Fsvg%27%20width%3D%27899%27%20height%3D%27674%27%20viewBox%3D%270%200%20899%20674%27%3E%3Crect%20width%3D%27899%27%20height%3D%27674%27%20fill-opacity%3D%220%22%2F%3E%3C%2Fsvg%3E\" data-srcset=\"https:\/\/dga.de\/wp-content\/uploads\/2019\/07\/werk_hilgers_6-200x150.jpg 200w, https:\/\/dga.de\/wp-content\/uploads\/2019\/07\/werk_hilgers_6-400x300.jpg 400w, https:\/\/dga.de\/wp-content\/uploads\/2019\/07\/werk_hilgers_6-600x450.jpg 600w, https:\/\/dga.de\/wp-content\/uploads\/2019\/07\/werk_hilgers_6-800x600.jpg 800w, https:\/\/dga.de\/wp-content\/uploads\/2019\/07\/werk_hilgers_6.jpg 899w\" data-sizes=\"auto\" data-orig-sizes=\"(max-width: 1024px) 100vw, (max-width: 640px) 100vw, 400px\" \/><\/span><\/div><div class=\"fusion-separator fusion-full-width-sep\" style=\"align-self: center;margin-left: auto;margin-right: auto;margin-top:20px;width:100%;\"><\/div><div class=\"fusion-image-element \" style=\"--awb-caption-title-font-family:var(--h2_typography-font-family);--awb-caption-title-font-weight:var(--h2_typography-font-weight);--awb-caption-title-font-style:var(--h2_typography-font-style);--awb-caption-title-size:var(--h2_typography-font-size);--awb-caption-title-transform:var(--h2_typography-text-transform);--awb-caption-title-line-height:var(--h2_typography-line-height);--awb-caption-title-letter-spacing:var(--h2_typography-letter-spacing);\"><span class=\" fusion-imageframe imageframe-none imageframe-3 hover-type-none\"><img decoding=\"async\" width=\"899\" height=\"674\" title=\"werk_hilgers_7\" src=\"https:\/\/dga.de\/wp-content\/uploads\/2019\/07\/werk_hilgers_7.jpg\" data-orig-src=\"http:\/\/dga.de\/wp-content\/uploads\/2019\/07\/werk_hilgers_7.jpg\" alt class=\"lazyload img-responsive wp-image-3073\" srcset=\"data:image\/svg+xml,%3Csvg%20xmlns%3D%27http%3A%2F%2Fwww.w3.org%2F2000%2Fsvg%27%20width%3D%27899%27%20height%3D%27674%27%20viewBox%3D%270%200%20899%20674%27%3E%3Crect%20width%3D%27899%27%20height%3D%27674%27%20fill-opacity%3D%220%22%2F%3E%3C%2Fsvg%3E\" data-srcset=\"https:\/\/dga.de\/wp-content\/uploads\/2019\/07\/werk_hilgers_7-200x150.jpg 200w, https:\/\/dga.de\/wp-content\/uploads\/2019\/07\/werk_hilgers_7-400x300.jpg 400w, https:\/\/dga.de\/wp-content\/uploads\/2019\/07\/werk_hilgers_7-600x450.jpg 600w, https:\/\/dga.de\/wp-content\/uploads\/2019\/07\/werk_hilgers_7-800x600.jpg 800w, https:\/\/dga.de\/wp-content\/uploads\/2019\/07\/werk_hilgers_7.jpg 899w\" data-sizes=\"auto\" data-orig-sizes=\"(max-width: 1024px) 100vw, (max-width: 640px) 100vw, 400px\" \/><\/span><\/div><div class=\"fusion-separator fusion-full-width-sep\" style=\"align-self: center;margin-left: auto;margin-right: auto;margin-top:20px;width:100%;\"><\/div><\/div><\/div><\/div><\/div>\n","protected":false},"excerpt":{"rendered":"","protected":false},"author":1,"featured_media":0,"parent":14104,"menu_order":2,"comment_status":"closed","ping_status":"closed","template":"","meta":{"footnotes":""},"class_list":["post-14110","page","type-page","status-publish","hentry"],"_links":{"self":[{"href":"https:\/\/dga.de\/fr\/wp-json\/wp\/v2\/pages\/14110","targetHints":{"allow":["GET"]}}],"collection":[{"href":"https:\/\/dga.de\/fr\/wp-json\/wp\/v2\/pages"}],"about":[{"href":"https:\/\/dga.de\/fr\/wp-json\/wp\/v2\/types\/page"}],"author":[{"embeddable":true,"href":"https:\/\/dga.de\/fr\/wp-json\/wp\/v2\/users\/1"}],"replies":[{"embeddable":true,"href":"https:\/\/dga.de\/fr\/wp-json\/wp\/v2\/comments?post=14110"}],"version-history":[{"count":0,"href":"https:\/\/dga.de\/fr\/wp-json\/wp\/v2\/pages\/14110\/revisions"}],"up":[{"embeddable":true,"href":"https:\/\/dga.de\/fr\/wp-json\/wp\/v2\/pages\/14104"}],"wp:attachment":[{"href":"https:\/\/dga.de\/fr\/wp-json\/wp\/v2\/media?parent=14110"}],"curies":[{"name":"wp","href":"https:\/\/api.w.org\/{rel}","templated":true}]}}