{"id":14113,"date":"2019-06-21T12:55:39","date_gmt":"2019-06-21T10:55:39","guid":{"rendered":"https:\/\/dga.de\/unternehmen\/produktionsstaetten\/werk-tewe-bauchemie\/"},"modified":"2021-07-07T09:35:35","modified_gmt":"2021-07-07T07:35:35","slug":"werk-tewe-bauchemie","status":"publish","type":"page","link":"https:\/\/dga.de\/fr\/unternehmen\/produktionsstaetten\/werk-tewe-bauchemie\/","title":{"rendered":"Usine TEWE Bauchemie"},"content":{"rendered":"<div class=\"fusion-fullwidth fullwidth-box fusion-builder-row-1 fusion-flex-container nonhundred-percent-fullwidth non-hundred-percent-height-scrolling\" style=\"--awb-border-radius-top-left:0px;--awb-border-radius-top-right:0px;--awb-border-radius-bottom-right:0px;--awb-border-radius-bottom-left:0px;--awb-flex-wrap:wrap;\" ><div class=\"fusion-builder-row fusion-row fusion-flex-align-items-flex-start fusion-flex-content-wrap\" style=\"max-width:1144px;margin-left: calc(-4% \/ 2 );margin-right: calc(-4% \/ 2 );\"><div class=\"fusion-layout-column fusion_builder_column fusion-builder-column-0 fusion_builder_column_1_1 1_1 fusion-flex-column\" style=\"--awb-bg-size:cover;--awb-width-large:100%;--awb-margin-top-large:0px;--awb-spacing-right-large:1.92%;--awb-margin-bottom-large:20px;--awb-spacing-left-large:1.92%;--awb-width-medium:100%;--awb-spacing-right-medium:1.92%;--awb-spacing-left-medium:1.92%;--awb-width-small:100%;--awb-spacing-right-small:1.92%;--awb-spacing-left-small:1.92%;\"><div class=\"fusion-column-wrapper fusion-column-has-shadow fusion-flex-justify-content-flex-start fusion-content-layout-column\"><div class=\"fusion-text fusion-text-1\"><h1>Usine TEWE Bauchemie<\/h1>\n<\/div><\/div><\/div><div class=\"fusion-layout-column fusion_builder_column fusion-builder-column-1 fusion_builder_column_2_3 2_3 fusion-flex-column\" style=\"--awb-bg-size:cover;--awb-width-large:66.666666666667%;--awb-margin-top-large:0px;--awb-spacing-right-large:3.84%;--awb-margin-bottom-large:0px;--awb-spacing-left-large:2.88%;--awb-width-medium:100%;--awb-spacing-right-medium:1.92%;--awb-spacing-left-medium:1.92%;--awb-width-small:100%;--awb-spacing-right-small:1.92%;--awb-spacing-left-small:1.92%;\"><div class=\"fusion-column-wrapper fusion-flex-justify-content-flex-start fusion-content-layout-column\"><div class=\"fusion-text fusion-text-2\"><p>L&rsquo;entreprise TEWE a \u00e9t\u00e9 fond\u00e9e en 1992 sur l&rsquo;ancien site de Teerwerk (usine de goudron de houille) \u00e0 Erkner, d&rsquo;apr\u00e8s lequel l&rsquo;entreprise a \u00e9t\u00e9 baptis\u00e9e en parall\u00e8le.<br \/>\nAu d\u00e9but, des mat\u00e9riaux bitumeux pour la construction des routes, le g\u00e9nie civil et la construction de b\u00e2timents \u00e9taient produits sur ce site.<\/p>\n<p>Avec la vente de certaines zones de l&rsquo;usine de goudron de houille et la remise en \u00e9tat de la zone, l&rsquo;entreprise TEWE a d\u00e9m\u00e9nag\u00e9 en 1995 sur le nouveau site de Diedersdorf pr\u00e8s de Seelow. Le terrain de Diedersdorf \u00e9tait lou\u00e9 dans un d\u00e9but, mais f\u00fbt rachet\u00e9 en 1998 aupr\u00e8s de la compagnie fiduciaire.<br \/>\nAvec les ann\u00e9es, la soci\u00e9t\u00e9 TEWE s&rsquo;est progressivement sp\u00e9cialis\u00e9e dans l&rsquo;\u00e9limination sp\u00e9ciale des mat\u00e9riaux de construction contamin\u00e9s. Depuis 1998, l&rsquo;entreprise est certifi\u00e9e en tant qu&rsquo;entreprise sp\u00e9cialis\u00e9e dans la gestion des d\u00e9chets conform\u00e9ment \u00e0 l&rsquo;article 56 de la loi allemande sur le recyclage. En tant que l&rsquo;une des rares entreprises de Berlin et de Brandenburg, TEWE BC dispose \u00e0 la fois des comp\u00e9tences et de l&rsquo;autorisation pour traiter et recycler les d\u00e9chets miniers dans le domaine des d\u00e9chets sp\u00e9ciaux. En 2002, le groupe dga a achet\u00e9 la soci\u00e9t\u00e9 hambourgeaoise A+B Gesellschaft f\u00fcr Stra\u00dfenbaustoffe mbH et l&rsquo;a rebaptis\u00e9e Betriebsteil TEWE A+B.<\/p>\n<p>En raison de l&rsquo;espace g\u00e9n\u00e9reux qu&rsquo;offrait la soci\u00e9t\u00e9 TEWE, ce qui est inhabituel pour le groupe dga, le Betriebsteil A+B a d\u00e9m\u00e9nag\u00e9 en 2002 de Hambourg \u00e0 Diedersdorf. D\u00e9sormais, les mat\u00e9riaux thermoplastiques de marquage routier sont \u00e9galement produits sur ce site.<br \/>\nLes investissements continus de ces derni\u00e8res ann\u00e9es ont permis de d\u00e9velopper de nouveaux secteurs d&rsquo;activit\u00e9. Les installations de production modernes assurent une production \u00e9conomique et de haute qualit\u00e9 de mat\u00e9riaux de construction routi\u00e8re \u00e0 base de bitume. Les nouveaux b\u00e2timents de production et d&rsquo;\u00e9limination permettent de poursuivre la production et l&rsquo;\u00e9limination professionnelles et appropri\u00e9es des mat\u00e9riaux de construction routi\u00e8re \u00e0 l&rsquo;avenir, ce qui garantit en fin de compte la durabilit\u00e9 pour les personnes et l&rsquo;environnement.<\/p>\n<\/div><\/div><\/div><div class=\"fusion-layout-column fusion_builder_column fusion-builder-column-2 fusion_builder_column_1_3 1_3 fusion-flex-column\" style=\"--awb-bg-size:cover;--awb-width-large:33.333333333333%;--awb-margin-top-large:0px;--awb-spacing-right-large:5.76%;--awb-margin-bottom-large:0px;--awb-spacing-left-large:3.84%;--awb-width-medium:100%;--awb-spacing-right-medium:1.92%;--awb-spacing-left-medium:1.92%;--awb-width-small:100%;--awb-spacing-right-small:1.92%;--awb-spacing-left-small:1.92%;\"><div class=\"fusion-column-wrapper fusion-flex-justify-content-flex-start fusion-content-layout-column\"><div class=\"fusion-image-element \" style=\"--awb-caption-title-font-family:var(--h2_typography-font-family);--awb-caption-title-font-weight:var(--h2_typography-font-weight);--awb-caption-title-font-style:var(--h2_typography-font-style);--awb-caption-title-size:var(--h2_typography-font-size);--awb-caption-title-transform:var(--h2_typography-text-transform);--awb-caption-title-line-height:var(--h2_typography-line-height);--awb-caption-title-letter-spacing:var(--h2_typography-letter-spacing);\"><span class=\" fusion-imageframe imageframe-none imageframe-1 hover-type-none\"><img decoding=\"async\" width=\"1011\" height=\"674\" title=\"werk_tewe_3\" src=\"https:\/\/dga.de\/wp-content\/uploads\/2019\/07\/werk_tewe_3.jpg\" data-orig-src=\"http:\/\/dga.de\/wp-content\/uploads\/2019\/07\/werk_tewe_3.jpg\" alt class=\"lazyload img-responsive wp-image-3090\" srcset=\"data:image\/svg+xml,%3Csvg%20xmlns%3D%27http%3A%2F%2Fwww.w3.org%2F2000%2Fsvg%27%20width%3D%271011%27%20height%3D%27674%27%20viewBox%3D%270%200%201011%20674%27%3E%3Crect%20width%3D%271011%27%20height%3D%27674%27%20fill-opacity%3D%220%22%2F%3E%3C%2Fsvg%3E\" data-srcset=\"https:\/\/dga.de\/wp-content\/uploads\/2019\/07\/werk_tewe_3-200x133.jpg 200w, https:\/\/dga.de\/wp-content\/uploads\/2019\/07\/werk_tewe_3-400x267.jpg 400w, https:\/\/dga.de\/wp-content\/uploads\/2019\/07\/werk_tewe_3-600x400.jpg 600w, https:\/\/dga.de\/wp-content\/uploads\/2019\/07\/werk_tewe_3-800x533.jpg 800w, https:\/\/dga.de\/wp-content\/uploads\/2019\/07\/werk_tewe_3.jpg 1011w\" data-sizes=\"auto\" data-orig-sizes=\"(max-width: 1024px) 100vw, (max-width: 640px) 100vw, 400px\" \/><\/span><\/div><div class=\"fusion-separator fusion-full-width-sep\" style=\"align-self: center;margin-left: auto;margin-right: auto;margin-top:20px;width:100%;\"><\/div><div class=\"fusion-image-element \" style=\"--awb-caption-title-font-family:var(--h2_typography-font-family);--awb-caption-title-font-weight:var(--h2_typography-font-weight);--awb-caption-title-font-style:var(--h2_typography-font-style);--awb-caption-title-size:var(--h2_typography-font-size);--awb-caption-title-transform:var(--h2_typography-text-transform);--awb-caption-title-line-height:var(--h2_typography-line-height);--awb-caption-title-letter-spacing:var(--h2_typography-letter-spacing);\"><span class=\" fusion-imageframe imageframe-none imageframe-2 hover-type-none\"><img decoding=\"async\" width=\"1024\" height=\"683\" title=\"werk_tewe_5\" src=\"https:\/\/dga.de\/wp-content\/uploads\/2019\/07\/werk_tewe_5.jpg\" data-orig-src=\"http:\/\/dga.de\/wp-content\/uploads\/2019\/07\/werk_tewe_5-1024x683.jpg\" alt class=\"lazyload img-responsive wp-image-3097\" srcset=\"data:image\/svg+xml,%3Csvg%20xmlns%3D%27http%3A%2F%2Fwww.w3.org%2F2000%2Fsvg%27%20width%3D%271200%27%20height%3D%27800%27%20viewBox%3D%270%200%201200%20800%27%3E%3Crect%20width%3D%271200%27%20height%3D%27800%27%20fill-opacity%3D%220%22%2F%3E%3C%2Fsvg%3E\" data-srcset=\"https:\/\/dga.de\/wp-content\/uploads\/2019\/07\/werk_tewe_5-200x133.jpg 200w, https:\/\/dga.de\/wp-content\/uploads\/2019\/07\/werk_tewe_5-400x267.jpg 400w, https:\/\/dga.de\/wp-content\/uploads\/2019\/07\/werk_tewe_5-600x400.jpg 600w, https:\/\/dga.de\/wp-content\/uploads\/2019\/07\/werk_tewe_5-800x533.jpg 800w, https:\/\/dga.de\/wp-content\/uploads\/2019\/07\/werk_tewe_5.jpg 1200w\" data-sizes=\"auto\" data-orig-sizes=\"(max-width: 1024px) 100vw, (max-width: 640px) 100vw, 400px\" \/><\/span><\/div><div class=\"fusion-separator fusion-full-width-sep\" style=\"align-self: center;margin-left: auto;margin-right: auto;margin-top:20px;width:100%;\"><\/div><div class=\"fusion-image-element \" style=\"--awb-caption-title-font-family:var(--h2_typography-font-family);--awb-caption-title-font-weight:var(--h2_typography-font-weight);--awb-caption-title-font-style:var(--h2_typography-font-style);--awb-caption-title-size:var(--h2_typography-font-size);--awb-caption-title-transform:var(--h2_typography-text-transform);--awb-caption-title-line-height:var(--h2_typography-line-height);--awb-caption-title-letter-spacing:var(--h2_typography-letter-spacing);\"><span class=\" fusion-imageframe imageframe-none imageframe-3 hover-type-none\"><img decoding=\"async\" width=\"953\" height=\"674\" title=\"werk_tewe_7\" src=\"https:\/\/dga.de\/wp-content\/uploads\/2019\/07\/werk_tewe_7.jpg\" data-orig-src=\"http:\/\/dga.de\/wp-content\/uploads\/2019\/07\/werk_tewe_7.jpg\" alt class=\"lazyload img-responsive wp-image-3126\" srcset=\"data:image\/svg+xml,%3Csvg%20xmlns%3D%27http%3A%2F%2Fwww.w3.org%2F2000%2Fsvg%27%20width%3D%27953%27%20height%3D%27674%27%20viewBox%3D%270%200%20953%20674%27%3E%3Crect%20width%3D%27953%27%20height%3D%27674%27%20fill-opacity%3D%220%22%2F%3E%3C%2Fsvg%3E\" data-srcset=\"https:\/\/dga.de\/wp-content\/uploads\/2019\/07\/werk_tewe_7-200x141.jpg 200w, https:\/\/dga.de\/wp-content\/uploads\/2019\/07\/werk_tewe_7-400x283.jpg 400w, https:\/\/dga.de\/wp-content\/uploads\/2019\/07\/werk_tewe_7-600x424.jpg 600w, https:\/\/dga.de\/wp-content\/uploads\/2019\/07\/werk_tewe_7-800x566.jpg 800w, https:\/\/dga.de\/wp-content\/uploads\/2019\/07\/werk_tewe_7.jpg 953w\" data-sizes=\"auto\" data-orig-sizes=\"(max-width: 1024px) 100vw, (max-width: 640px) 100vw, 400px\" \/><\/span><\/div><\/div><\/div><\/div><\/div>\n","protected":false},"excerpt":{"rendered":"","protected":false},"author":1,"featured_media":0,"parent":14104,"menu_order":3,"comment_status":"closed","ping_status":"closed","template":"","meta":{"footnotes":""},"class_list":["post-14113","page","type-page","status-publish","hentry"],"_links":{"self":[{"href":"https:\/\/dga.de\/fr\/wp-json\/wp\/v2\/pages\/14113","targetHints":{"allow":["GET"]}}],"collection":[{"href":"https:\/\/dga.de\/fr\/wp-json\/wp\/v2\/pages"}],"about":[{"href":"https:\/\/dga.de\/fr\/wp-json\/wp\/v2\/types\/page"}],"author":[{"embeddable":true,"href":"https:\/\/dga.de\/fr\/wp-json\/wp\/v2\/users\/1"}],"replies":[{"embeddable":true,"href":"https:\/\/dga.de\/fr\/wp-json\/wp\/v2\/comments?post=14113"}],"version-history":[{"count":0,"href":"https:\/\/dga.de\/fr\/wp-json\/wp\/v2\/pages\/14113\/revisions"}],"up":[{"embeddable":true,"href":"https:\/\/dga.de\/fr\/wp-json\/wp\/v2\/pages\/14104"}],"wp:attachment":[{"href":"https:\/\/dga.de\/fr\/wp-json\/wp\/v2\/media?parent=14113"}],"curies":[{"name":"wp","href":"https:\/\/api.w.org\/{rel}","templated":true}]}}