{"id":14116,"date":"2019-06-21T15:40:30","date_gmt":"2019-06-21T13:40:30","guid":{"rendered":"https:\/\/dga.de\/unternehmen\/produktionsstaetten\/werk-isoliererzeugnisse-grossroehrsdorf\/"},"modified":"2021-07-07T09:42:28","modified_gmt":"2021-07-07T07:42:28","slug":"werk-isoliererzeugnisse-grossroehrsdorf","status":"publish","type":"page","link":"https:\/\/dga.de\/fr\/unternehmen\/produktionsstaetten\/werk-isoliererzeugnisse-grossroehrsdorf\/","title":{"rendered":"Usine Isoliererzeugnisse Gro\u00dfr\u00f6hrsdorf"},"content":{"rendered":"<div class=\"fusion-fullwidth fullwidth-box fusion-builder-row-1 fusion-flex-container nonhundred-percent-fullwidth non-hundred-percent-height-scrolling\" style=\"--awb-border-radius-top-left:0px;--awb-border-radius-top-right:0px;--awb-border-radius-bottom-right:0px;--awb-border-radius-bottom-left:0px;--awb-flex-wrap:wrap;\" ><div class=\"fusion-builder-row fusion-row fusion-flex-align-items-flex-start fusion-flex-content-wrap\" style=\"max-width:1144px;margin-left: calc(-4% \/ 2 );margin-right: calc(-4% \/ 2 );\"><div class=\"fusion-layout-column fusion_builder_column fusion-builder-column-0 fusion_builder_column_1_1 1_1 fusion-flex-column\" style=\"--awb-bg-size:cover;--awb-width-large:100%;--awb-margin-top-large:0px;--awb-spacing-right-large:1.92%;--awb-margin-bottom-large:20px;--awb-spacing-left-large:1.92%;--awb-width-medium:100%;--awb-spacing-right-medium:1.92%;--awb-spacing-left-medium:1.92%;--awb-width-small:100%;--awb-spacing-right-small:1.92%;--awb-spacing-left-small:1.92%;\"><div class=\"fusion-column-wrapper fusion-column-has-shadow fusion-flex-justify-content-flex-start fusion-content-layout-column\"><div class=\"fusion-text fusion-text-1\"><h1>Usine Isoliererzeugnisse Gro\u00dfr\u00f6hrsdorf<\/h1>\n<\/div><\/div><\/div><div class=\"fusion-layout-column fusion_builder_column fusion-builder-column-1 fusion_builder_column_2_3 2_3 fusion-flex-column\" style=\"--awb-bg-size:cover;--awb-width-large:66.666666666667%;--awb-margin-top-large:0px;--awb-spacing-right-large:3.84%;--awb-margin-bottom-large:0px;--awb-spacing-left-large:2.88%;--awb-width-medium:100%;--awb-spacing-right-medium:1.92%;--awb-spacing-left-medium:1.92%;--awb-width-small:100%;--awb-spacing-right-small:1.92%;--awb-spacing-left-small:1.92%;\"><div class=\"fusion-column-wrapper fusion-flex-justify-content-flex-start fusion-content-layout-column\"><div class=\"fusion-text fusion-text-2\"><p>Fond\u00e9e en 1845 sous le nom de Bandweberei C. F. Sch\u00f6ne, l&rsquo;entreprise a connu une histoire longue et pleine de changements. \u00c0 la fin du 19e si\u00e8cle, la ville de Gro\u00dfr\u00f6hrsdorf est devenue le si\u00e8ge de l&rsquo;industrie de la construction en Saxe. Pour ISO \u00e9galement, des bandes textiles y ont \u00e9t\u00e9 tiss\u00e9es pour divers domaines d&rsquo;application tels que l&rsquo;habillement, les usages techniques ou les rubans de couronnes.<\/p>\n<p>En raison des conditions qui r\u00e9gnaient apr\u00e8s la 2nde Guerre mondiale et la division de l&rsquo;Allemagne, l&rsquo;Allemagne de l&rsquo;Est manquait des bandes de protection contre la corrosion pour le rev\u00eatement des conduites d&rsquo;acier souterraines. Le pays a donc commenc\u00e9 \u00e0 saturer et \u00e0 enduire les bandes auto-tiss\u00e9es de bitume modifi\u00e9. Ce fut le d\u00e9but de la transformation plus durable de l&rsquo;entreprise, qui est pass\u00e9e d&rsquo;une usine textile \u00e0 la fabrication de produits pour l&rsquo;industrie du b\u00e2timent. En 1972, l&rsquo;entreprise, qui \u00e9tait jusqu&rsquo;alors priv\u00e9e, a \u00e9t\u00e9 nationalis\u00e9e de force. \u00c0 la fin des ann\u00e9es 70, la production textile a \u00e9t\u00e9 arr\u00eat\u00e9e. Les bandes anticorrosion \u00ab Sch\u00f6ne \u00bb, constamment am\u00e9lior\u00e9es et perfectionn\u00e9es, ont \u00e9t\u00e9 les seuls produits de ce type en RDA pendant des d\u00e9cennies.<\/p>\n<p>Avec le revirement politique de 1989\/1990, l&rsquo;entreprise a d\u00fb faire face aux exigences de la concurrence sur le march\u00e9. En peu de temps, des produits importants ont obtenu le certificat DIN. Avec le rachat par la dga, la production de mat\u00e9riaux de construction \u00e0 base de bitume pour la construction des routes a d\u00e9marr\u00e9. Les nombreux investissements ont permis de mettre la technologie de production \u00e0 la pointe du progr\u00e8s, en plus des extensions structurelles et des nouveaux b\u00e2timents. Aujourd&rsquo;hui, ISO produit des mat\u00e9riaux de construction complexes parmi lesquels l&rsquo;on compte, outre les produits de construction routi\u00e8re BIGUMA\u00ae, les bandes ISO, appr\u00e9ci\u00e9es dans le monde entier. Elles sont utilis\u00e9es par exemple pour la protection contre la corrosion ou comme bandes autocollantes d&rsquo;\u00e9tanch\u00e9it\u00e9 et de r\u00e9paration. La grande flexibilit\u00e9 de l&rsquo;entreprise garantit la r\u00e9alisation la plus rapide possible des exigences des clients.<\/p>\n<\/div><\/div><\/div><div class=\"fusion-layout-column fusion_builder_column fusion-builder-column-2 fusion_builder_column_1_3 1_3 fusion-flex-column\" style=\"--awb-bg-size:cover;--awb-width-large:33.333333333333%;--awb-margin-top-large:0px;--awb-spacing-right-large:5.76%;--awb-margin-bottom-large:0px;--awb-spacing-left-large:3.84%;--awb-width-medium:100%;--awb-spacing-right-medium:1.92%;--awb-spacing-left-medium:1.92%;--awb-width-small:100%;--awb-spacing-right-small:1.92%;--awb-spacing-left-small:1.92%;\"><div class=\"fusion-column-wrapper fusion-flex-justify-content-flex-start fusion-content-layout-column\"><div class=\"fusion-image-element \" style=\"--awb-caption-title-font-family:var(--h2_typography-font-family);--awb-caption-title-font-weight:var(--h2_typography-font-weight);--awb-caption-title-font-style:var(--h2_typography-font-style);--awb-caption-title-size:var(--h2_typography-font-size);--awb-caption-title-transform:var(--h2_typography-text-transform);--awb-caption-title-line-height:var(--h2_typography-line-height);--awb-caption-title-letter-spacing:var(--h2_typography-letter-spacing);\"><span class=\" fusion-imageframe imageframe-none imageframe-1 hover-type-none\"><img decoding=\"async\" width=\"1011\" height=\"674\" title=\"werk_iso_3\" src=\"https:\/\/dga.de\/wp-content\/uploads\/2019\/07\/werk_iso_3.jpg\" data-orig-src=\"http:\/\/dga.de\/wp-content\/uploads\/2019\/07\/werk_iso_3.jpg\" alt class=\"lazyload img-responsive wp-image-3109\" srcset=\"data:image\/svg+xml,%3Csvg%20xmlns%3D%27http%3A%2F%2Fwww.w3.org%2F2000%2Fsvg%27%20width%3D%271011%27%20height%3D%27674%27%20viewBox%3D%270%200%201011%20674%27%3E%3Crect%20width%3D%271011%27%20height%3D%27674%27%20fill-opacity%3D%220%22%2F%3E%3C%2Fsvg%3E\" data-srcset=\"https:\/\/dga.de\/wp-content\/uploads\/2019\/07\/werk_iso_3-200x133.jpg 200w, https:\/\/dga.de\/wp-content\/uploads\/2019\/07\/werk_iso_3-400x267.jpg 400w, https:\/\/dga.de\/wp-content\/uploads\/2019\/07\/werk_iso_3-600x400.jpg 600w, https:\/\/dga.de\/wp-content\/uploads\/2019\/07\/werk_iso_3-800x533.jpg 800w, https:\/\/dga.de\/wp-content\/uploads\/2019\/07\/werk_iso_3.jpg 1011w\" data-sizes=\"auto\" data-orig-sizes=\"(max-width: 1024px) 100vw, (max-width: 640px) 100vw, 400px\" \/><\/span><\/div><div class=\"fusion-separator fusion-full-width-sep\" style=\"align-self: center;margin-left: auto;margin-right: auto;margin-top:20px;width:100%;\"><\/div><div class=\"fusion-image-element \" style=\"--awb-caption-title-font-family:var(--h2_typography-font-family);--awb-caption-title-font-weight:var(--h2_typography-font-weight);--awb-caption-title-font-style:var(--h2_typography-font-style);--awb-caption-title-size:var(--h2_typography-font-size);--awb-caption-title-transform:var(--h2_typography-text-transform);--awb-caption-title-line-height:var(--h2_typography-line-height);--awb-caption-title-letter-spacing:var(--h2_typography-letter-spacing);\"><span class=\" fusion-imageframe imageframe-none imageframe-2 hover-type-none\"><img decoding=\"async\" width=\"1011\" height=\"674\" title=\"werk_iso_4\" src=\"https:\/\/dga.de\/wp-content\/uploads\/2019\/07\/werk_iso_4.jpg\" data-orig-src=\"http:\/\/dga.de\/wp-content\/uploads\/2019\/07\/werk_iso_4.jpg\" alt class=\"lazyload img-responsive wp-image-3111\" srcset=\"data:image\/svg+xml,%3Csvg%20xmlns%3D%27http%3A%2F%2Fwww.w3.org%2F2000%2Fsvg%27%20width%3D%271011%27%20height%3D%27674%27%20viewBox%3D%270%200%201011%20674%27%3E%3Crect%20width%3D%271011%27%20height%3D%27674%27%20fill-opacity%3D%220%22%2F%3E%3C%2Fsvg%3E\" data-srcset=\"https:\/\/dga.de\/wp-content\/uploads\/2019\/07\/werk_iso_4-200x133.jpg 200w, https:\/\/dga.de\/wp-content\/uploads\/2019\/07\/werk_iso_4-400x267.jpg 400w, https:\/\/dga.de\/wp-content\/uploads\/2019\/07\/werk_iso_4-600x400.jpg 600w, https:\/\/dga.de\/wp-content\/uploads\/2019\/07\/werk_iso_4-800x533.jpg 800w, https:\/\/dga.de\/wp-content\/uploads\/2019\/07\/werk_iso_4.jpg 1011w\" data-sizes=\"auto\" data-orig-sizes=\"(max-width: 1024px) 100vw, (max-width: 640px) 100vw, 400px\" \/><\/span><\/div><div class=\"fusion-separator fusion-full-width-sep\" style=\"align-self: center;margin-left: auto;margin-right: auto;margin-top:20px;width:100%;\"><\/div><div class=\"fusion-image-element \" style=\"--awb-caption-title-font-family:var(--h2_typography-font-family);--awb-caption-title-font-weight:var(--h2_typography-font-weight);--awb-caption-title-font-style:var(--h2_typography-font-style);--awb-caption-title-size:var(--h2_typography-font-size);--awb-caption-title-transform:var(--h2_typography-text-transform);--awb-caption-title-line-height:var(--h2_typography-line-height);--awb-caption-title-letter-spacing:var(--h2_typography-letter-spacing);\"><span class=\" fusion-imageframe imageframe-none imageframe-3 hover-type-none\"><img decoding=\"async\" width=\"1024\" height=\"675\" title=\"werk_iso_6\" src=\"https:\/\/dga.de\/wp-content\/uploads\/2019\/07\/werk_iso_6.jpg\" data-orig-src=\"http:\/\/dga.de\/wp-content\/uploads\/2019\/07\/werk_iso_6-1024x675.jpg\" alt class=\"lazyload img-responsive wp-image-3119\" srcset=\"data:image\/svg+xml,%3Csvg%20xmlns%3D%27http%3A%2F%2Fwww.w3.org%2F2000%2Fsvg%27%20width%3D%271214%27%20height%3D%27800%27%20viewBox%3D%270%200%201214%20800%27%3E%3Crect%20width%3D%271214%27%20height%3D%27800%27%20fill-opacity%3D%220%22%2F%3E%3C%2Fsvg%3E\" data-srcset=\"https:\/\/dga.de\/wp-content\/uploads\/2019\/07\/werk_iso_6-200x132.jpg 200w, https:\/\/dga.de\/wp-content\/uploads\/2019\/07\/werk_iso_6-400x264.jpg 400w, https:\/\/dga.de\/wp-content\/uploads\/2019\/07\/werk_iso_6-600x395.jpg 600w, https:\/\/dga.de\/wp-content\/uploads\/2019\/07\/werk_iso_6-800x527.jpg 800w, https:\/\/dga.de\/wp-content\/uploads\/2019\/07\/werk_iso_6-1200x791.jpg 1200w, https:\/\/dga.de\/wp-content\/uploads\/2019\/07\/werk_iso_6.jpg 1214w\" data-sizes=\"auto\" data-orig-sizes=\"(max-width: 1024px) 100vw, (max-width: 640px) 100vw, 400px\" \/><\/span><\/div><\/div><\/div><\/div><\/div>\n","protected":false},"excerpt":{"rendered":"","protected":false},"author":1,"featured_media":0,"parent":14104,"menu_order":4,"comment_status":"closed","ping_status":"closed","template":"","meta":{"footnotes":""},"class_list":["post-14116","page","type-page","status-publish","hentry"],"_links":{"self":[{"href":"https:\/\/dga.de\/fr\/wp-json\/wp\/v2\/pages\/14116","targetHints":{"allow":["GET"]}}],"collection":[{"href":"https:\/\/dga.de\/fr\/wp-json\/wp\/v2\/pages"}],"about":[{"href":"https:\/\/dga.de\/fr\/wp-json\/wp\/v2\/types\/page"}],"author":[{"embeddable":true,"href":"https:\/\/dga.de\/fr\/wp-json\/wp\/v2\/users\/1"}],"replies":[{"embeddable":true,"href":"https:\/\/dga.de\/fr\/wp-json\/wp\/v2\/comments?post=14116"}],"version-history":[{"count":0,"href":"https:\/\/dga.de\/fr\/wp-json\/wp\/v2\/pages\/14116\/revisions"}],"up":[{"embeddable":true,"href":"https:\/\/dga.de\/fr\/wp-json\/wp\/v2\/pages\/14104"}],"wp:attachment":[{"href":"https:\/\/dga.de\/fr\/wp-json\/wp\/v2\/media?parent=14116"}],"curies":[{"name":"wp","href":"https:\/\/api.w.org\/{rel}","templated":true}]}}