{"id":14125,"date":"2018-06-05T14:53:05","date_gmt":"2018-06-05T12:53:05","guid":{"rendered":"https:\/\/dga.de\/unternehmen\/forschung-und-entwicklung\/"},"modified":"2021-12-21T10:26:03","modified_gmt":"2021-12-21T09:26:03","slug":"forschung-und-entwicklung","status":"publish","type":"page","link":"https:\/\/dga.de\/fr\/unternehmen\/forschung-und-entwicklung\/","title":{"rendered":"Recherche et d\u00e9veloppement"},"content":{"rendered":"<div class=\"fusion-fullwidth fullwidth-box fusion-builder-row-1 fusion-flex-container nonhundred-percent-fullwidth non-hundred-percent-height-scrolling\" style=\"--awb-border-radius-top-left:0px;--awb-border-radius-top-right:0px;--awb-border-radius-bottom-right:0px;--awb-border-radius-bottom-left:0px;--awb-flex-wrap:wrap;\" ><div class=\"fusion-builder-row fusion-row fusion-flex-align-items-flex-start fusion-flex-content-wrap\" style=\"max-width:1144px;margin-left: calc(-4% \/ 2 );margin-right: calc(-4% \/ 2 );\"><div class=\"fusion-layout-column fusion_builder_column fusion-builder-column-0 fusion_builder_column_1_1 1_1 fusion-flex-column\" style=\"--awb-bg-size:cover;--awb-width-large:100%;--awb-margin-top-large:0px;--awb-spacing-right-large:1.92%;--awb-margin-bottom-large:20px;--awb-spacing-left-large:1.92%;--awb-width-medium:100%;--awb-spacing-right-medium:1.92%;--awb-spacing-left-medium:1.92%;--awb-width-small:100%;--awb-spacing-right-small:1.92%;--awb-spacing-left-small:1.92%;\"><div class=\"fusion-column-wrapper fusion-column-has-shadow fusion-flex-justify-content-flex-start fusion-content-layout-column\"><div class=\"fusion-text fusion-text-1\"><h1>Recherche et d\u00e9veloppement<\/h1>\n<\/div><\/div><\/div><div class=\"fusion-layout-column fusion_builder_column fusion-builder-column-1 fusion_builder_column_2_3 2_3 fusion-flex-column\" style=\"--awb-bg-size:cover;--awb-width-large:66.666666666667%;--awb-margin-top-large:0px;--awb-spacing-right-large:3.84%;--awb-margin-bottom-large:0px;--awb-spacing-left-large:2.88%;--awb-width-medium:100%;--awb-spacing-right-medium:1.92%;--awb-spacing-left-medium:1.92%;--awb-width-small:100%;--awb-spacing-right-small:1.92%;--awb-spacing-left-small:1.92%;\"><div class=\"fusion-column-wrapper fusion-flex-justify-content-flex-start fusion-content-layout-column\"><div class=\"fusion-text fusion-text-2\" style=\"--awb-text-transform:none;\"><p>Notre succ\u00e8s en tant que l&rsquo;un des principaux producteurs de produits bitumineux pour la construction de routes et la protection des b\u00e2timents repose sur plusieurs piliers : nos d\u00e9cennies d&rsquo;exp\u00e9rience et notre expertise approfondie ne sont que deux d&rsquo;entre eux.<\/p>\n<p>L&rsquo;am\u00e9lioration continue de nos produits et de nos processus de production ainsi que le d\u00e9veloppement de mat\u00e9riaux encore plus efficaces font \u00e9galement partie de la recette de notre succ\u00e8s. \u00c0 cette fin, nos employ\u00e9s qualifi\u00e9s disposent de laboratoires modernes dot\u00e9s d&rsquo;\u00e9quipements techniques de haute qualit\u00e9.<\/p>\n<p>Ils surveillent et optimisent en permanence les propri\u00e9t\u00e9s importantes des produits, telles que la stabilit\u00e9, la fluidit\u00e9 et l&rsquo;adh\u00e9rence. Cela permet de garantir \u00e0 nos clients une qualit\u00e9 \u00e9lev\u00e9e constante et des caract\u00e9ristiques de traitement optimales de nos produits. Nous travaillons en \u00e9troite collaboration avec des laboratoires d&rsquo;essai et des organismes d&rsquo;homologation. Nous nous concentrons \u00e9galement sur le d\u00e9veloppement de nouvelles solutions sp\u00e9cifiques aux clients. Nous cr\u00e9ons pour nos clients des produits sur mesure pour leurs applications individuelles, et fournissons des conseils professionnels et des tests de laboratoire approfondis tout au long du processus, jusqu&rsquo;au produit fini. Ce faisant, nous embrassons aussi constamment de nouveaux domaines d&rsquo;application.<\/p>\n<p>Vous cherchez une solution pour un produit particulier ou avez besoin d&rsquo;une consultation d&rsquo;expert ? <a href=\"https:\/\/dga.de\/fr\/unternehmen\/ansprechpartner\/anwendungstechnik\/\">N&rsquo;h\u00e9sitez pas \u00e0 nous contacter<\/a> !<\/p>\n<\/div><\/div><\/div><div class=\"fusion-layout-column fusion_builder_column fusion-builder-column-2 fusion_builder_column_1_3 1_3 fusion-flex-column\" style=\"--awb-bg-size:cover;--awb-width-large:33.333333333333%;--awb-margin-top-large:0px;--awb-spacing-right-large:5.76%;--awb-margin-bottom-large:0px;--awb-spacing-left-large:3.84%;--awb-width-medium:100%;--awb-spacing-right-medium:1.92%;--awb-spacing-left-medium:1.92%;--awb-width-small:100%;--awb-spacing-right-small:1.92%;--awb-spacing-left-small:1.92%;\"><div class=\"fusion-column-wrapper fusion-flex-justify-content-flex-start fusion-content-layout-column\"><div class=\"fusion-image-element \" style=\"--awb-caption-title-font-family:var(--h2_typography-font-family);--awb-caption-title-font-weight:var(--h2_typography-font-weight);--awb-caption-title-font-style:var(--h2_typography-font-style);--awb-caption-title-size:var(--h2_typography-font-size);--awb-caption-title-transform:var(--h2_typography-text-transform);--awb-caption-title-line-height:var(--h2_typography-line-height);--awb-caption-title-letter-spacing:var(--h2_typography-letter-spacing);\"><span class=\" fusion-imageframe imageframe-none imageframe-1 hover-type-none\"><img decoding=\"async\" width=\"300\" height=\"200\" alt=\"Forschung und Entwicklung dga\" title=\"forschung_entwicklung_1\" src=\"https:\/\/dga.de\/wp-content\/uploads\/2019\/07\/forschung_entwicklung_1.jpg\" data-orig-src=\"http:\/\/dga.de\/wp-content\/uploads\/2019\/07\/forschung_entwicklung_1-300x200.jpg\" class=\"lazyload img-responsive wp-image-2901\" srcset=\"data:image\/svg+xml,%3Csvg%20xmlns%3D%27http%3A%2F%2Fwww.w3.org%2F2000%2Fsvg%27%20width%3D%275184%27%20height%3D%273456%27%20viewBox%3D%270%200%205184%203456%27%3E%3Crect%20width%3D%275184%27%20height%3D%273456%27%20fill-opacity%3D%220%22%2F%3E%3C%2Fsvg%3E\" data-srcset=\"https:\/\/dga.de\/wp-content\/uploads\/2019\/07\/forschung_entwicklung_1-200x133.jpg 200w, https:\/\/dga.de\/wp-content\/uploads\/2019\/07\/forschung_entwicklung_1-400x267.jpg 400w, https:\/\/dga.de\/wp-content\/uploads\/2019\/07\/forschung_entwicklung_1-600x400.jpg 600w, https:\/\/dga.de\/wp-content\/uploads\/2019\/07\/forschung_entwicklung_1-800x533.jpg 800w, https:\/\/dga.de\/wp-content\/uploads\/2019\/07\/forschung_entwicklung_1-1200x800.jpg 1200w, https:\/\/dga.de\/wp-content\/uploads\/2019\/07\/forschung_entwicklung_1.jpg 5184w\" data-sizes=\"auto\" data-orig-sizes=\"(max-width: 1024px) 100vw, (max-width: 640px) 100vw, 400px\" \/><\/span><\/div><div class=\"fusion-separator fusion-full-width-sep\" style=\"align-self: center;margin-left: auto;margin-right: auto;margin-top:20px;width:100%;\"><\/div><div class=\"fusion-image-element \" style=\"--awb-caption-title-font-family:var(--h2_typography-font-family);--awb-caption-title-font-weight:var(--h2_typography-font-weight);--awb-caption-title-font-style:var(--h2_typography-font-style);--awb-caption-title-size:var(--h2_typography-font-size);--awb-caption-title-transform:var(--h2_typography-text-transform);--awb-caption-title-line-height:var(--h2_typography-line-height);--awb-caption-title-letter-spacing:var(--h2_typography-letter-spacing);\"><span class=\" fusion-imageframe imageframe-none imageframe-2 hover-type-none\"><img decoding=\"async\" width=\"300\" height=\"200\" alt=\"Forschung und Entwicklung dga\" title=\"forschung_entwicklung_2\" src=\"https:\/\/dga.de\/wp-content\/uploads\/2019\/07\/forschung_entwicklung_2.jpg\" data-orig-src=\"http:\/\/dga.de\/wp-content\/uploads\/2019\/07\/forschung_entwicklung_2-300x200.jpg\" class=\"lazyload img-responsive wp-image-2897\" srcset=\"data:image\/svg+xml,%3Csvg%20xmlns%3D%27http%3A%2F%2Fwww.w3.org%2F2000%2Fsvg%27%20width%3D%275184%27%20height%3D%273456%27%20viewBox%3D%270%200%205184%203456%27%3E%3Crect%20width%3D%275184%27%20height%3D%273456%27%20fill-opacity%3D%220%22%2F%3E%3C%2Fsvg%3E\" data-srcset=\"https:\/\/dga.de\/wp-content\/uploads\/2019\/07\/forschung_entwicklung_2-200x133.jpg 200w, https:\/\/dga.de\/wp-content\/uploads\/2019\/07\/forschung_entwicklung_2-400x267.jpg 400w, https:\/\/dga.de\/wp-content\/uploads\/2019\/07\/forschung_entwicklung_2-600x400.jpg 600w, https:\/\/dga.de\/wp-content\/uploads\/2019\/07\/forschung_entwicklung_2-800x533.jpg 800w, https:\/\/dga.de\/wp-content\/uploads\/2019\/07\/forschung_entwicklung_2-1200x800.jpg 1200w, https:\/\/dga.de\/wp-content\/uploads\/2019\/07\/forschung_entwicklung_2.jpg 5184w\" data-sizes=\"auto\" data-orig-sizes=\"(max-width: 1024px) 100vw, (max-width: 640px) 100vw, 400px\" \/><\/span><\/div><div class=\"fusion-separator fusion-full-width-sep\" style=\"align-self: center;margin-left: auto;margin-right: auto;margin-top:20px;width:100%;\"><\/div><\/div><\/div><\/div><\/div>\n","protected":false},"excerpt":{"rendered":"","protected":false},"author":1,"featured_media":0,"parent":14082,"menu_order":5,"comment_status":"closed","ping_status":"closed","template":"","meta":{"footnotes":""},"class_list":["post-14125","page","type-page","status-publish","hentry"],"_links":{"self":[{"href":"https:\/\/dga.de\/fr\/wp-json\/wp\/v2\/pages\/14125","targetHints":{"allow":["GET"]}}],"collection":[{"href":"https:\/\/dga.de\/fr\/wp-json\/wp\/v2\/pages"}],"about":[{"href":"https:\/\/dga.de\/fr\/wp-json\/wp\/v2\/types\/page"}],"author":[{"embeddable":true,"href":"https:\/\/dga.de\/fr\/wp-json\/wp\/v2\/users\/1"}],"replies":[{"embeddable":true,"href":"https:\/\/dga.de\/fr\/wp-json\/wp\/v2\/comments?post=14125"}],"version-history":[{"count":0,"href":"https:\/\/dga.de\/fr\/wp-json\/wp\/v2\/pages\/14125\/revisions"}],"up":[{"embeddable":true,"href":"https:\/\/dga.de\/fr\/wp-json\/wp\/v2\/pages\/14082"}],"wp:attachment":[{"href":"https:\/\/dga.de\/fr\/wp-json\/wp\/v2\/media?parent=14125"}],"curies":[{"name":"wp","href":"https:\/\/api.w.org\/{rel}","templated":true}]}}