{"id":14128,"date":"2018-06-05T14:53:28","date_gmt":"2018-06-05T12:53:28","guid":{"rendered":"https:\/\/dga.de\/unternehmen\/qualitaetsmanagement\/"},"modified":"2021-07-07T10:42:28","modified_gmt":"2021-07-07T08:42:28","slug":"qualitaetsmanagement","status":"publish","type":"page","link":"https:\/\/dga.de\/fr\/unternehmen\/qualitaetsmanagement\/","title":{"rendered":"Gestion de la qualit\u00e9"},"content":{"rendered":"<div class=\"fusion-fullwidth fullwidth-box fusion-builder-row-1 fusion-flex-container nonhundred-percent-fullwidth non-hundred-percent-height-scrolling\" style=\"--awb-border-radius-top-left:0px;--awb-border-radius-top-right:0px;--awb-border-radius-bottom-right:0px;--awb-border-radius-bottom-left:0px;--awb-flex-wrap:wrap;\" ><div class=\"fusion-builder-row fusion-row fusion-flex-align-items-flex-start fusion-flex-content-wrap\" style=\"max-width:1144px;margin-left: calc(-4% \/ 2 );margin-right: calc(-4% \/ 2 );\"><div class=\"fusion-layout-column fusion_builder_column fusion-builder-column-0 fusion_builder_column_1_1 1_1 fusion-flex-column\" style=\"--awb-bg-size:cover;--awb-width-large:100%;--awb-margin-top-large:0px;--awb-spacing-right-large:1.92%;--awb-margin-bottom-large:20px;--awb-spacing-left-large:1.92%;--awb-width-medium:100%;--awb-spacing-right-medium:1.92%;--awb-spacing-left-medium:1.92%;--awb-width-small:100%;--awb-spacing-right-small:1.92%;--awb-spacing-left-small:1.92%;\"><div class=\"fusion-column-wrapper fusion-column-has-shadow fusion-flex-justify-content-flex-start fusion-content-layout-column\"><div class=\"fusion-text fusion-text-1\"><h1>Gestion de la qualit\u00e9<\/h1>\n<\/div><\/div><\/div><div class=\"fusion-layout-column fusion_builder_column fusion-builder-column-1 fusion_builder_column_2_3 2_3 fusion-flex-column\" style=\"--awb-bg-size:cover;--awb-width-large:66.666666666667%;--awb-margin-top-large:0px;--awb-spacing-right-large:3.84%;--awb-margin-bottom-large:0px;--awb-spacing-left-large:2.88%;--awb-width-medium:100%;--awb-spacing-right-medium:1.92%;--awb-spacing-left-medium:1.92%;--awb-width-small:100%;--awb-spacing-right-small:1.92%;--awb-spacing-left-small:1.92%;\"><div class=\"fusion-column-wrapper fusion-flex-justify-content-flex-start fusion-content-layout-column\"><div class=\"fusion-text fusion-text-2\"><p>Nous devons notre forte position sur le march\u00e9 dans les domaines de la construction routi\u00e8re et de la protection des b\u00e2timents \u00e0 notre politique de qualit\u00e9 couronn\u00e9e de succ\u00e8s. Nos clients b\u00e9n\u00e9ficient de notre soutien total \u00e0 toutes les \u00e9tapes de leur projet, de la consultation approfondie \u00e0 l&rsquo;\u00e9laboration de solutions personnalis\u00e9es en passant par la livraison du produit final, pr\u00eat \u00e0 \u00eatre appliqu\u00e9. Leur s\u00e9curit\u00e9 de planification b\u00e9n\u00e9ficie de notre fiabilit\u00e9 en tant que fournisseur. Notre but ultime est d&rsquo;offrir des produits et des services de la plus haute qualit\u00e9. Nous utilisons un syst\u00e8me efficace de gestion de la qualit\u00e9 afin de garantir que toutes les \u00e9tapes de production, de la r\u00e9ception des mati\u00e8res premi\u00e8res jusqu&rsquo;\u00e0 la mise en bouteille des produits, sont surveill\u00e9es, contr\u00f4l\u00e9es et continuellement am\u00e9lior\u00e9es par nos soins. En outre, notre politique de qualit\u00e9 sert de ligne directrice \u00e0 nos employ\u00e9s dans leur travail quotidien.<\/p>\n<p>Le groupe dga est certifi\u00e9 ISO 9001:2015. Nos produits disposent \u00e9galement de nombreux certificats et homologations pour le march\u00e9 local et international. Le respect des r\u00e9glementations l\u00e9gales, des normes sp\u00e9cifiques \u00e0 chaque pays et des exigences convenues pour les produits \u00e9tablit une base solide et durable de confiance entre nous et nos clients et garantit le niveau de qualit\u00e9 \u00e9lev\u00e9 de nos produits.<\/p>\n<p>Dans le cadre de la transformation des ressources naturelles, nous sommes tr\u00e8s conscients de notre responsabilit\u00e9 en mati\u00e8re de protection de l&rsquo;environnement et d&rsquo;utilisation durable de tous les facteurs de production. L&rsquo;introduction d&rsquo;un syst\u00e8me de gestion de l&rsquo;\u00e9nergie conforme \u00e0 la norme DIN EN ISO 50001:2011-2013 refl\u00e8te notre engagement \u00e0 assumer cette responsabilit\u00e9.<\/p>\n<p>Dans la mesure du possible, nos employ\u00e9s minimisent leur consommation d&rsquo;\u00e9nergie et contribuent \u00e0 la r\u00e9alisation des objectifs \u00e9nerg\u00e9tiques mondiaux.<\/p>\n<\/div><\/div><\/div><div class=\"fusion-layout-column fusion_builder_column fusion-builder-column-2 fusion_builder_column_1_3 1_3 fusion-flex-column\" style=\"--awb-bg-size:cover;--awb-width-large:33.333333333333%;--awb-margin-top-large:0px;--awb-spacing-right-large:5.76%;--awb-margin-bottom-large:0px;--awb-spacing-left-large:3.84%;--awb-width-medium:100%;--awb-spacing-right-medium:1.92%;--awb-spacing-left-medium:1.92%;--awb-width-small:100%;--awb-spacing-right-small:1.92%;--awb-spacing-left-small:1.92%;\"><div class=\"fusion-column-wrapper fusion-flex-justify-content-flex-start fusion-content-layout-column\"><div class=\"fusion-image-element \" style=\"--awb-caption-title-font-family:var(--h2_typography-font-family);--awb-caption-title-font-weight:var(--h2_typography-font-weight);--awb-caption-title-font-style:var(--h2_typography-font-style);--awb-caption-title-size:var(--h2_typography-font-size);--awb-caption-title-transform:var(--h2_typography-text-transform);--awb-caption-title-line-height:var(--h2_typography-line-height);--awb-caption-title-letter-spacing:var(--h2_typography-letter-spacing);\"><span class=\" fusion-imageframe imageframe-none imageframe-1 hover-type-none\"><img decoding=\"async\" width=\"300\" height=\"200\" alt=\"Qualit\u00e4tsmanagement dga\" title=\"qualitaetsmanagement_dga_1\" src=\"https:\/\/dga.de\/wp-content\/uploads\/2019\/07\/qualitaetsmanagement_dga_1.jpg\" data-orig-src=\"http:\/\/dga.de\/wp-content\/uploads\/2019\/07\/qualitaetsmanagement_dga_1-300x200.jpg\" class=\"lazyload img-responsive wp-image-2893\" srcset=\"data:image\/svg+xml,%3Csvg%20xmlns%3D%27http%3A%2F%2Fwww.w3.org%2F2000%2Fsvg%27%20width%3D%275184%27%20height%3D%273456%27%20viewBox%3D%270%200%205184%203456%27%3E%3Crect%20width%3D%275184%27%20height%3D%273456%27%20fill-opacity%3D%220%22%2F%3E%3C%2Fsvg%3E\" data-srcset=\"https:\/\/dga.de\/wp-content\/uploads\/2019\/07\/qualitaetsmanagement_dga_1-200x133.jpg 200w, https:\/\/dga.de\/wp-content\/uploads\/2019\/07\/qualitaetsmanagement_dga_1-400x267.jpg 400w, https:\/\/dga.de\/wp-content\/uploads\/2019\/07\/qualitaetsmanagement_dga_1-600x400.jpg 600w, https:\/\/dga.de\/wp-content\/uploads\/2019\/07\/qualitaetsmanagement_dga_1-800x533.jpg 800w, https:\/\/dga.de\/wp-content\/uploads\/2019\/07\/qualitaetsmanagement_dga_1-1200x800.jpg 1200w, https:\/\/dga.de\/wp-content\/uploads\/2019\/07\/qualitaetsmanagement_dga_1.jpg 5184w\" data-sizes=\"auto\" data-orig-sizes=\"(max-width: 1024px) 100vw, (max-width: 640px) 100vw, 400px\" \/><\/span><\/div><div class=\"fusion-separator fusion-full-width-sep\" style=\"align-self: center;margin-left: auto;margin-right: auto;margin-top:20px;width:100%;\"><\/div><div class=\"fusion-image-element \" style=\"--awb-caption-title-font-family:var(--h2_typography-font-family);--awb-caption-title-font-weight:var(--h2_typography-font-weight);--awb-caption-title-font-style:var(--h2_typography-font-style);--awb-caption-title-size:var(--h2_typography-font-size);--awb-caption-title-transform:var(--h2_typography-text-transform);--awb-caption-title-line-height:var(--h2_typography-line-height);--awb-caption-title-letter-spacing:var(--h2_typography-letter-spacing);\"><span class=\" fusion-imageframe imageframe-none imageframe-2 hover-type-none\"><img decoding=\"async\" width=\"300\" height=\"200\" alt=\"Qualit\u00e4tsmanagement dga\" title=\"qualitaetsmanagement_dga_2\" src=\"https:\/\/dga.de\/wp-content\/uploads\/2019\/07\/qualitaetsmanagement_dga_2.jpg\" data-orig-src=\"http:\/\/dga.de\/wp-content\/uploads\/2019\/07\/qualitaetsmanagement_dga_2-300x200.jpg\" class=\"lazyload img-responsive wp-image-2889\" srcset=\"data:image\/svg+xml,%3Csvg%20xmlns%3D%27http%3A%2F%2Fwww.w3.org%2F2000%2Fsvg%27%20width%3D%275184%27%20height%3D%273456%27%20viewBox%3D%270%200%205184%203456%27%3E%3Crect%20width%3D%275184%27%20height%3D%273456%27%20fill-opacity%3D%220%22%2F%3E%3C%2Fsvg%3E\" data-srcset=\"https:\/\/dga.de\/wp-content\/uploads\/2019\/07\/qualitaetsmanagement_dga_2-200x133.jpg 200w, https:\/\/dga.de\/wp-content\/uploads\/2019\/07\/qualitaetsmanagement_dga_2-400x267.jpg 400w, https:\/\/dga.de\/wp-content\/uploads\/2019\/07\/qualitaetsmanagement_dga_2-600x400.jpg 600w, https:\/\/dga.de\/wp-content\/uploads\/2019\/07\/qualitaetsmanagement_dga_2-800x533.jpg 800w, https:\/\/dga.de\/wp-content\/uploads\/2019\/07\/qualitaetsmanagement_dga_2-1200x800.jpg 1200w, https:\/\/dga.de\/wp-content\/uploads\/2019\/07\/qualitaetsmanagement_dga_2.jpg 5184w\" data-sizes=\"auto\" data-orig-sizes=\"(max-width: 1024px) 100vw, (max-width: 640px) 100vw, 400px\" \/><\/span><\/div><div class=\"fusion-separator fusion-full-width-sep\" style=\"align-self: center;margin-left: auto;margin-right: auto;margin-top:20px;width:100%;\"><\/div><div class=\"fusion-image-element \" style=\"--awb-caption-title-font-family:var(--h2_typography-font-family);--awb-caption-title-font-weight:var(--h2_typography-font-weight);--awb-caption-title-font-style:var(--h2_typography-font-style);--awb-caption-title-size:var(--h2_typography-font-size);--awb-caption-title-transform:var(--h2_typography-text-transform);--awb-caption-title-line-height:var(--h2_typography-line-height);--awb-caption-title-letter-spacing:var(--h2_typography-letter-spacing);\"><span class=\" fusion-imageframe imageframe-none imageframe-3 hover-type-none\"><img decoding=\"async\" width=\"300\" height=\"200\" alt=\"Qualit\u00e4tsmanagement dga\" title=\"qualitaetsmanagement_dga_3\" src=\"https:\/\/dga.de\/wp-content\/uploads\/2019\/07\/qualitaetsmanagement_dga_3.jpg\" data-orig-src=\"http:\/\/dga.de\/wp-content\/uploads\/2019\/07\/qualitaetsmanagement_dga_3-300x200.jpg\" class=\"lazyload img-responsive wp-image-2891\" srcset=\"data:image\/svg+xml,%3Csvg%20xmlns%3D%27http%3A%2F%2Fwww.w3.org%2F2000%2Fsvg%27%20width%3D%275184%27%20height%3D%273456%27%20viewBox%3D%270%200%205184%203456%27%3E%3Crect%20width%3D%275184%27%20height%3D%273456%27%20fill-opacity%3D%220%22%2F%3E%3C%2Fsvg%3E\" data-srcset=\"https:\/\/dga.de\/wp-content\/uploads\/2019\/07\/qualitaetsmanagement_dga_3-200x133.jpg 200w, https:\/\/dga.de\/wp-content\/uploads\/2019\/07\/qualitaetsmanagement_dga_3-400x267.jpg 400w, https:\/\/dga.de\/wp-content\/uploads\/2019\/07\/qualitaetsmanagement_dga_3-600x400.jpg 600w, https:\/\/dga.de\/wp-content\/uploads\/2019\/07\/qualitaetsmanagement_dga_3-800x533.jpg 800w, https:\/\/dga.de\/wp-content\/uploads\/2019\/07\/qualitaetsmanagement_dga_3-1200x800.jpg 1200w, https:\/\/dga.de\/wp-content\/uploads\/2019\/07\/qualitaetsmanagement_dga_3.jpg 5184w\" data-sizes=\"auto\" data-orig-sizes=\"(max-width: 1024px) 100vw, (max-width: 640px) 100vw, 400px\" \/><\/span><\/div><\/div><\/div><\/div><\/div>\n","protected":false},"excerpt":{"rendered":"","protected":false},"author":1,"featured_media":0,"parent":14082,"menu_order":6,"comment_status":"closed","ping_status":"closed","template":"","meta":{"footnotes":""},"class_list":["post-14128","page","type-page","status-publish","hentry"],"_links":{"self":[{"href":"https:\/\/dga.de\/fr\/wp-json\/wp\/v2\/pages\/14128","targetHints":{"allow":["GET"]}}],"collection":[{"href":"https:\/\/dga.de\/fr\/wp-json\/wp\/v2\/pages"}],"about":[{"href":"https:\/\/dga.de\/fr\/wp-json\/wp\/v2\/types\/page"}],"author":[{"embeddable":true,"href":"https:\/\/dga.de\/fr\/wp-json\/wp\/v2\/users\/1"}],"replies":[{"embeddable":true,"href":"https:\/\/dga.de\/fr\/wp-json\/wp\/v2\/comments?post=14128"}],"version-history":[{"count":0,"href":"https:\/\/dga.de\/fr\/wp-json\/wp\/v2\/pages\/14128\/revisions"}],"up":[{"embeddable":true,"href":"https:\/\/dga.de\/fr\/wp-json\/wp\/v2\/pages\/14082"}],"wp:attachment":[{"href":"https:\/\/dga.de\/fr\/wp-json\/wp\/v2\/media?parent=14128"}],"curies":[{"name":"wp","href":"https:\/\/api.w.org\/{rel}","templated":true}]}}