{"id":14152,"date":"2018-06-05T14:59:17","date_gmt":"2018-06-05T12:59:17","guid":{"rendered":"https:\/\/dga.de\/presse-medien\/news\/"},"modified":"2021-07-07T11:29:44","modified_gmt":"2021-07-07T09:29:44","slug":"news","status":"publish","type":"page","link":"https:\/\/dga.de\/fr\/presse-medien\/news\/","title":{"rendered":"Actualit\u00e9s"},"content":{"rendered":"<div class=\"fusion-fullwidth fullwidth-box fusion-builder-row-1 fusion-flex-container nonhundred-percent-fullwidth non-hundred-percent-height-scrolling\" style=\"--awb-border-radius-top-left:0px;--awb-border-radius-top-right:0px;--awb-border-radius-bottom-right:0px;--awb-border-radius-bottom-left:0px;--awb-flex-wrap:wrap;\" ><div class=\"fusion-builder-row fusion-row fusion-flex-align-items-flex-start fusion-flex-content-wrap\" style=\"max-width:calc( 1100px + 0px );margin-left: calc(-0px \/ 2 );margin-right: calc(-0px \/ 2 );\"><div class=\"fusion-layout-column fusion_builder_column fusion-builder-column-0 fusion_builder_column_1_1 1_1 fusion-flex-column\" style=\"--awb-bg-size:cover;--awb-width-large:100%;--awb-margin-top-large:0px;--awb-spacing-right-large:0px;--awb-margin-bottom-large:20px;--awb-spacing-left-large:0px;--awb-width-medium:100%;--awb-spacing-right-medium:0px;--awb-spacing-left-medium:0px;--awb-width-small:100%;--awb-spacing-right-small:0px;--awb-spacing-left-small:0px;\"><div class=\"fusion-column-wrapper fusion-column-has-shadow fusion-flex-justify-content-flex-start fusion-content-layout-column\"><div class=\"fusion-blog-shortcode fusion-blog-shortcode-1 fusion-blog-archive fusion-blog-layout-grid-wrapper fusion-blog-infinite\"><style type=\"text\/css\">.fusion-blog-shortcode-1 .fusion-blog-layout-grid .fusion-post-grid{padding:20px;}.fusion-blog-shortcode-1 .fusion-posts-container{margin-left: -20px !important; margin-right:-20px !important;}<\/style><div class=\"fusion-posts-container fusion-posts-container-infinite fusion-blog-rollover fusion-blog-layout-grid fusion-blog-layout-grid-3 isotope\" data-pages=\"2\" data-grid-col-space=\"40\" style=\"margin: -20px -20px 0;min-height:500px;\"><article id=\"blog-1-post-24141\" class=\"fusion-post-grid post-24141 post type-post status-publish format-standard hentry category-news-de-fr\">\n<div class=\"fusion-post-wrapper\" style=\"background-color:rgba(255,255,255,0);border:1px solid #ebeaea;border-bottom-width:3px;\">\n\n<div class=\"fusion-post-content-wrapper\" style=\"padding:30px 25px 20px 25px;\"><div class=\"fusion-post-content post-content\"><h2 class=\"blog-shortcode-post-title entry-title\"><a href=\"https:\/\/dga.de\/fr\/preisanpassung-aufgrund-der-aktuellen-weltlage\/\">Ajustement des prix en raison de la situation mondiale actuelle<\/a><\/h2><p class=\"fusion-single-line-meta\"><span class=\"vcard\" style=\"display: none;\"><span class=\"fn\"><a href=\"https:\/\/dga.de\/fr\/author\/kskubisz\/\" title=\"Articles par Katharina Skubisz\" rel=\"author\">Katharina Skubisz<\/a><\/span><\/span><span class=\"updated\" style=\"display:none;\">2026-03-26T06:43:33+01:00<\/span><span>mars 23rd, 2026<\/span><span class=\"fusion-inline-sep\">|<\/span><\/p><div class=\"fusion-content-sep sep-double sep-solid\"><\/div><div class=\"fusion-post-content-container\"><p> Ajustement des prix en raison de la situation mondiale actuelle  Cher partenaire commercial, cher client, Les tensions g\u00e9opolitiques persistantes ainsi que la poursuite de la guerre au Moyen-Orient entra\u00eenent des perturbations importantes sur les march\u00e9s mondiaux de l\u2019\u00e9nergie, du transport et des mati\u00e8res premi\u00e8res. Les \u00e9volutions concernant notamment les produits \u00e0 base de p\u00e9trole ont consid\u00e9rablement aggrav\u00e9 la [...]<\/p><\/div><\/div><div class=\"fusion-meta-info\"><div class=\"fusion-alignleft\"><a class=\"fusion-read-more\" href=\"https:\/\/dga.de\/fr\/preisanpassung-aufgrund-der-aktuellen-weltlage\/\" aria-label=\"More on Ajustement des prix en raison de la situation mondiale actuelle\">Read More<\/a><\/div><\/div><\/div><div class=\"fusion-clearfix\"><\/div><\/div>\n<\/article>\n<article id=\"blog-1-post-23176\" class=\"fusion-post-grid post-23176 post type-post status-publish format-standard hentry category-news-de-fr\">\n<div class=\"fusion-post-wrapper\" style=\"background-color:rgba(255,255,255,0);border:1px solid #ebeaea;border-bottom-width:3px;\">\n\n<div class=\"fusion-post-content-wrapper\" style=\"padding:30px 25px 20px 25px;\"><div class=\"fusion-post-content post-content\"><h2 class=\"blog-shortcode-post-title entry-title\"><a href=\"https:\/\/dga.de\/fr\/strategische-neuausrichtung-dga-gruppe-buendelt-kompetenzen-im-strassen-und-hochbau\/\">Repositionnement strat\u00e9gique : le groupe dga regroupe ses comp\u00e9tences dans les domaines de la construction routi\u00e8re et du b\u00e2timent<\/a><\/h2><p class=\"fusion-single-line-meta\"><span class=\"vcard\" style=\"display: none;\"><span class=\"fn\"><a href=\"https:\/\/dga.de\/fr\/author\/kskubisz\/\" title=\"Articles par Katharina Skubisz\" rel=\"author\">Katharina Skubisz<\/a><\/span><\/span><span class=\"updated\" style=\"display:none;\">2025-11-26T09:18:19+01:00<\/span><span>novembre 24th, 2025<\/span><span class=\"fusion-inline-sep\">|<\/span><\/p><div class=\"fusion-content-sep sep-double sep-solid\"><\/div><div class=\"fusion-post-content-container\"><p> Repositionnement strat\u00e9gique : le groupe dga regroupe ses comp\u00e9tences dans les domaines de la construction routi\u00e8re et du b\u00e2timent  Pour am\u00e9liorer ult\u00e9rieurement notre efficacit\u00e9 et proposer \u00e0 nos clients une gamme de prestations encore plus compl\u00e8te et int\u00e9gr\u00e9e, le groupe dga a r\u00e9uni les activit\u00e9s de construction routi\u00e8re et de b\u00e2timent au sein d\u2019une seule unit\u00e9 commerciale. La [...]<\/p><\/div><\/div><div class=\"fusion-meta-info\"><div class=\"fusion-alignleft\"><a class=\"fusion-read-more\" href=\"https:\/\/dga.de\/fr\/strategische-neuausrichtung-dga-gruppe-buendelt-kompetenzen-im-strassen-und-hochbau\/\" aria-label=\"More on Repositionnement strat\u00e9gique : le groupe dga regroupe ses comp\u00e9tences dans les domaines de la construction routi\u00e8re et du b\u00e2timent\">Read More<\/a><\/div><\/div><\/div><div class=\"fusion-clearfix\"><\/div><\/div>\n<\/article>\n<article id=\"blog-1-post-21832\" class=\"fusion-post-grid post-21832 post type-post status-publish format-standard hentry category-news-de-fr\">\n<div class=\"fusion-post-wrapper\" style=\"background-color:rgba(255,255,255,0);border:1px solid #ebeaea;border-bottom-width:3px;\">\n\n<div class=\"fusion-post-content-wrapper\" style=\"padding:30px 25px 20px 25px;\"><div class=\"fusion-post-content post-content\"><h2 class=\"blog-shortcode-post-title entry-title\"><a href=\"https:\/\/dga.de\/fr\/temperaturabgesenkter-asphalt\/\">Protection du climat et de l&rsquo;environnement dans la construction des routes avec de l&rsquo;asphalte \u00e0 basse temp\u00e9rature<\/a><\/h2><p class=\"fusion-single-line-meta\"><span class=\"vcard\" style=\"display: none;\"><span class=\"fn\"><a href=\"https:\/\/dga.de\/fr\/author\/kskubisz\/\" title=\"Articles par Katharina Skubisz\" rel=\"author\">Katharina Skubisz<\/a><\/span><\/span><span class=\"updated\" style=\"display:none;\">2024-10-01T15:29:18+02:00<\/span><span>septembre 25th, 2024<\/span><span class=\"fusion-inline-sep\">|<\/span><\/p><div class=\"fusion-content-sep sep-double sep-solid\"><\/div><div class=\"fusion-post-content-container\"><p> Protection du climat et de l'environnement dans la construction des routes avec de l'asphalte \u00e0 basse temp\u00e9rature  Avec un classique de sa vaste gamme de produits, la soci\u00e9t\u00e9 Dortmunder Gu\u00dfasphalt GmbH &amp; Co. KG fait forte impression lors du Congr\u00e8s allemand des routes et des transports 2024 organis\u00e9 par la Forschungsgesellschaft f\u00fcr Stra\u00dfen-und Verkehrswesen e. V. (FGSV) : [...]<\/p><\/div><\/div><div class=\"fusion-meta-info\"><div class=\"fusion-alignleft\"><a class=\"fusion-read-more\" href=\"https:\/\/dga.de\/fr\/temperaturabgesenkter-asphalt\/\" aria-label=\"More on Protection du climat et de l&rsquo;environnement dans la construction des routes avec de l&rsquo;asphalte \u00e0 basse temp\u00e9rature\">Read More<\/a><\/div><\/div><\/div><div class=\"fusion-clearfix\"><\/div><\/div>\n<\/article>\n<article id=\"blog-1-post-19755\" class=\"fusion-post-grid post-19755 post type-post status-publish format-standard hentry category-news-de-fr\">\n<div class=\"fusion-post-wrapper\" style=\"background-color:rgba(255,255,255,0);border:1px solid #ebeaea;border-bottom-width:3px;\">\n\n<div class=\"fusion-post-content-wrapper\" style=\"padding:30px 25px 20px 25px;\"><div class=\"fusion-post-content post-content\"><h2 class=\"blog-shortcode-post-title entry-title\"><a href=\"https:\/\/dga.de\/fr\/weniger-sanierung-durch-neues-produkt-biguma-bordsteinfugenkitt-der-dga-gruppe\/\">Moins de r\u00e9novation gr\u00e2ce au nouveau BIGUMA\u00ae- Bordsteinfugenkitt du groupe dga<\/a><\/h2><p class=\"fusion-single-line-meta\"><span class=\"vcard\" style=\"display: none;\"><span class=\"fn\"><a href=\"https:\/\/dga.de\/fr\/author\/kskubisz\/\" title=\"Articles par Katharina Skubisz\" rel=\"author\">Katharina Skubisz<\/a><\/span><\/span><span class=\"updated\" style=\"display:none;\">2023-09-06T10:18:17+02:00<\/span><span>ao\u00fbt 29th, 2023<\/span><span class=\"fusion-inline-sep\">|<\/span><\/p><div class=\"fusion-content-sep sep-double sep-solid\"><\/div><div class=\"fusion-post-content-container\"><p> Moins de r\u00e9novation gr\u00e2ce au nouveau BIGUMA\u00ae- Bordsteinfugenkitt du groupe dga  Avec le BIGUMA\u00ae- Bordsteinfugenkitt la soci\u00e9t\u00e9 Dortmunder Gu\u00dfasphalt GmbH &amp; Co. KG \u00e9largit sa gamme de produits et propose ainsi \u00e0 ses clients un produit sp\u00e9cial dans le domaine de l'entretien pr\u00e9ventif des routes. Le BIGUMA\u00ae- Bordsteinfugenkitt est utilis\u00e9 de pr\u00e9f\u00e9rence pour remplir les joints de liaison [...]<\/p><\/div><\/div><div class=\"fusion-meta-info\"><div class=\"fusion-alignleft\"><a class=\"fusion-read-more\" href=\"https:\/\/dga.de\/fr\/weniger-sanierung-durch-neues-produkt-biguma-bordsteinfugenkitt-der-dga-gruppe\/\" aria-label=\"More on Moins de r\u00e9novation gr\u00e2ce au nouveau BIGUMA\u00ae- Bordsteinfugenkitt du groupe dga\">Read More<\/a><\/div><\/div><\/div><div class=\"fusion-clearfix\"><\/div><\/div>\n<\/article>\n<article id=\"blog-1-post-18197\" class=\"fusion-post-grid post-18197 post type-post status-publish format-standard hentry category-news-de-fr\">\n<div class=\"fusion-post-wrapper\" style=\"background-color:rgba(255,255,255,0);border:1px solid #ebeaea;border-bottom-width:3px;\">\n\n<div class=\"fusion-post-content-wrapper\" style=\"padding:30px 25px 20px 25px;\"><div class=\"fusion-post-content post-content\"><h2 class=\"blog-shortcode-post-title entry-title\"><a href=\"https:\/\/dga.de\/fr\/fugenmasse-biguma-connect-wieder-lieferbar\/\">La masse de scellement BIGUMA\u00ae- Connect est \u00e0 nouveau livrable<\/a><\/h2><p class=\"fusion-single-line-meta\"><span class=\"vcard\" style=\"display: none;\"><span class=\"fn\"><a href=\"https:\/\/dga.de\/fr\/author\/kskubisz\/\" title=\"Articles par Katharina Skubisz\" rel=\"author\">Katharina Skubisz<\/a><\/span><\/span><span class=\"updated\" style=\"display:none;\">2022-11-30T14:48:57+01:00<\/span><span>novembre 24th, 2022<\/span><span class=\"fusion-inline-sep\">|<\/span><\/p><div class=\"fusion-content-sep sep-double sep-solid\"><\/div><div class=\"fusion-post-content-container\"><p> La masse de scellement BIGUMA\u00ae- Connect est \u00e0 nouveau livrable  Demand\u00e9e, la masse de scellement BIGUMA\u00ae- Connect de l\u2019entreprise Dortmunder Gussasphalt GmbH &amp; Co. KG est \u00e0 nouveau livrable d\u00e8s maintenant et peut \u00eatre command\u00e9e via les canaux de distribution habituels. Le guerre entre la Russie et l\u2019Ukraine avait fini de compliquer une situation d\u00e9j\u00e0 tendue sur le [...]<\/p><\/div><\/div><div class=\"fusion-meta-info\"><div class=\"fusion-alignleft\"><a class=\"fusion-read-more\" href=\"https:\/\/dga.de\/fr\/fugenmasse-biguma-connect-wieder-lieferbar\/\" aria-label=\"More on La masse de scellement BIGUMA\u00ae- Connect est \u00e0 nouveau livrable\">Read More<\/a><\/div><\/div><\/div><div class=\"fusion-clearfix\"><\/div><\/div>\n<\/article>\n<article id=\"blog-1-post-17874\" class=\"fusion-post-grid post-17874 post type-post status-publish format-standard has-post-thumbnail hentry category-news-de-fr\">\n<div class=\"fusion-post-wrapper\" style=\"background-color:rgba(255,255,255,0);border:1px solid #ebeaea;border-bottom-width:3px;\">\n\n\t\t\t<div class=\"fusion-flexslider flexslider fusion-flexslider-loading fusion-post-slideshow\" style=\"border-color:#ebeaea;\">\n\t\t<ul class=\"slides\">\n\t\t\t\n\t\t\t\t\t\t\t\t\t\t\t\t\t\t<li><div  class=\"fusion-image-wrapper\" aria-haspopup=\"true\">\n\t\t\t\t<img decoding=\"async\" width=\"800\" height=\"600\" src=\"https:\/\/dga.de\/wp-content\/uploads\/2022\/07\/Proxan-KV2.jpg\" class=\"attachment-full size-full lazyload wp-post-image\" alt=\"\" srcset=\"data:image\/svg+xml,%3Csvg%20xmlns%3D%27http%3A%2F%2Fwww.w3.org%2F2000%2Fsvg%27%20width%3D%27800%27%20height%3D%27600%27%20viewBox%3D%270%200%20800%20600%27%3E%3Crect%20width%3D%27800%27%20height%3D%27600%27%20fill-opacity%3D%220%22%2F%3E%3C%2Fsvg%3E\" data-orig-src=\"https:\/\/dga.de\/wp-content\/uploads\/2022\/07\/Proxan-KV2.jpg\" data-srcset=\"https:\/\/dga.de\/wp-content\/uploads\/2022\/07\/Proxan-KV2-200x150.jpg 200w, https:\/\/dga.de\/wp-content\/uploads\/2022\/07\/Proxan-KV2-400x300.jpg 400w, https:\/\/dga.de\/wp-content\/uploads\/2022\/07\/Proxan-KV2-600x450.jpg 600w, https:\/\/dga.de\/wp-content\/uploads\/2022\/07\/Proxan-KV2.jpg 800w\" data-sizes=\"auto\" \/><div class=\"fusion-rollover\">\n\t<div class=\"fusion-rollover-content\">\n\n\t\t\t\t\t\t\t\t\t\t\t\t\t\t<a class=\"fusion-rollover-link\" href=\"https:\/\/dga.de\/fr\/liefervorteile-durch-verbesserte-rezeptur-der-proxan-fugendichtstoffe\/\">Avantages de livraison gr\u00e2ce \u00e0 la formule am\u00e9lior\u00e9e des mastics d&rsquo;\u00e9tanch\u00e9it\u00e9 PROXAN\u00ae<\/a>\n\t\t\t\n\t\t\t\t\t\t\t\t\t\t\t\t\t\t\n\t\t\t\t\t\t\t\t\n\t\t\t\t\t\t\t\t\t\t\t\t\t<div class=\"fusion-rollover-sep\"><\/div>\n\t\t\t\t\n\t\t\t\t\t\t\t\t\t\t\t\t\t\t\t\t\t\t<a class=\"fusion-rollover-gallery\" href=\"https:\/\/dga.de\/wp-content\/uploads\/2022\/07\/Proxan-KV2.jpg\" data-options=\"\" data-id=\"17874\" data-rel=\"iLightbox[gallery]\" data-title=\"Proxan-KV2\" data-caption=\"\">\n\t\t\t\t\t\tGallery\t\t\t\t\t<\/a>\n\t\t\t\t\t\t\t\t\t\t\t\t\t\t\n\t\t\n\t\t\t\t\t\t\t\t\t\t\t\t<h4 class=\"fusion-rollover-title\">\n\t\t\t\t\t<a class=\"fusion-rollover-title-link\" href=\"https:\/\/dga.de\/fr\/liefervorteile-durch-verbesserte-rezeptur-der-proxan-fugendichtstoffe\/\">\n\t\t\t\t\t\tAvantages de livraison gr\u00e2ce \u00e0 la formule am\u00e9lior\u00e9e des mastics d&rsquo;\u00e9tanch\u00e9it\u00e9 PROXAN\u00ae\t\t\t\t\t<\/a>\n\t\t\t\t<\/h4>\n\t\t\t\n\t\t\t\t\t\t\t\t\t\t<div class=\"fusion-rollover-categories\"><a href=\"https:\/\/dga.de\/fr\/category\/news-de-fr\/\" rel=\"tag\">News<\/a><\/div>\t\t\t\t\t\n\t\t\n\t\t\t\t\t\t<a class=\"fusion-link-wrapper\" href=\"https:\/\/dga.de\/fr\/liefervorteile-durch-verbesserte-rezeptur-der-proxan-fugendichtstoffe\/\" aria-label=\"Avantages de livraison gr\u00e2ce \u00e0 la formule am\u00e9lior\u00e9e des mastics d&rsquo;\u00e9tanch\u00e9it\u00e9 PROXAN\u00ae\"><\/a>\n\t<\/div>\n<\/div>\n<\/div>\n<\/li>\n\t\t\t\n\t\t\t\n\t\t\t\t\t\t\t\t\t\t\t\t\t\t\t\t\t\t\t\t\t\t\t\t\t\t\t\t\t\t\t\t\t\t\t\t\t\t\t\t\t\t\t\t\t\t\t\t\t\t\t\t\t\t\t\t\t\t\t\t\t\t\t\t\t\t\t\t<\/ul>\n\t<\/div>\n\t<div class=\"fusion-post-content-wrapper\" style=\"padding:30px 25px 20px 25px;\"><div class=\"fusion-post-content post-content\"><h2 class=\"blog-shortcode-post-title entry-title\"><a href=\"https:\/\/dga.de\/fr\/liefervorteile-durch-verbesserte-rezeptur-der-proxan-fugendichtstoffe\/\">Avantages de livraison gr\u00e2ce \u00e0 la formule am\u00e9lior\u00e9e des mastics d&rsquo;\u00e9tanch\u00e9it\u00e9 PROXAN\u00ae<\/a><\/h2><p class=\"fusion-single-line-meta\"><span class=\"vcard\" style=\"display: none;\"><span class=\"fn\"><a href=\"https:\/\/dga.de\/fr\/author\/kskubisz\/\" title=\"Articles par Katharina Skubisz\" rel=\"author\">Katharina Skubisz<\/a><\/span><\/span><span class=\"updated\" style=\"display:none;\">2022-07-27T16:00:10+02:00<\/span><span>juillet 22nd, 2022<\/span><span class=\"fusion-inline-sep\">|<\/span><\/p><div class=\"fusion-content-sep sep-double sep-solid\"><\/div><div class=\"fusion-post-content-container\"><p> Avantages de livraison gr\u00e2ce \u00e0 la formule am\u00e9lior\u00e9e des mastics d'\u00e9tanch\u00e9it\u00e9 PROXAN\u00ae  \u00c0 partir du 08.08.2022, Dortmunder Gu\u00dfasphalt GmbH &amp; Co KG proposera \u00e0 ses clients les composants A des mastics d'\u00e9tanch\u00e9it\u00e9 \u00e0 deux composants PROXAN\u00ae- KV 2 G\/ST et PROXAN\u00ae- KV 3 G\/ST dans une formule am\u00e9lior\u00e9e : La paraffine chlor\u00e9e (85535-85-9) n'est plus utilis\u00e9e dans la [...]<\/p><\/div><\/div><div class=\"fusion-meta-info\"><div class=\"fusion-alignleft\"><a class=\"fusion-read-more\" href=\"https:\/\/dga.de\/fr\/liefervorteile-durch-verbesserte-rezeptur-der-proxan-fugendichtstoffe\/\" aria-label=\"More on Avantages de livraison gr\u00e2ce \u00e0 la formule am\u00e9lior\u00e9e des mastics d&rsquo;\u00e9tanch\u00e9it\u00e9 PROXAN\u00ae\">Read More<\/a><\/div><\/div><\/div><div class=\"fusion-clearfix\"><\/div><\/div>\n<\/article>\n<div class=\"fusion-clearfix\"><\/div><\/div><div class=\"fusion-infinite-scroll-trigger\"><\/div><div class=\"pagination infinite-scroll clearfix\" style=\"display:none;\"><span class=\"current\">1<\/span><a href=\"https:\/\/dga.de\/fr\/wp-json\/wp\/v2\/pages\/14152\/page\/2\/\" class=\"inactive\">2<\/a><a class=\"pagination-next\" rel=\"next\" href=\"https:\/\/dga.de\/fr\/wp-json\/wp\/v2\/pages\/14152\/page\/2\/\"><span class=\"page-text\">Next<\/span><span class=\"page-next\"><\/span><\/a><\/div><div class=\"fusion-clearfix\"><\/div><\/div><\/div><\/div><\/div><\/div>\n","protected":false},"excerpt":{"rendered":"","protected":false},"author":1,"featured_media":0,"parent":14145,"menu_order":1,"comment_status":"closed","ping_status":"closed","template":"","meta":{"footnotes":""},"class_list":["post-14152","page","type-page","status-publish","hentry"],"_links":{"self":[{"href":"https:\/\/dga.de\/fr\/wp-json\/wp\/v2\/pages\/14152","targetHints":{"allow":["GET"]}}],"collection":[{"href":"https:\/\/dga.de\/fr\/wp-json\/wp\/v2\/pages"}],"about":[{"href":"https:\/\/dga.de\/fr\/wp-json\/wp\/v2\/types\/page"}],"author":[{"embeddable":true,"href":"https:\/\/dga.de\/fr\/wp-json\/wp\/v2\/users\/1"}],"replies":[{"embeddable":true,"href":"https:\/\/dga.de\/fr\/wp-json\/wp\/v2\/comments?post=14152"}],"version-history":[{"count":0,"href":"https:\/\/dga.de\/fr\/wp-json\/wp\/v2\/pages\/14152\/revisions"}],"up":[{"embeddable":true,"href":"https:\/\/dga.de\/fr\/wp-json\/wp\/v2\/pages\/14145"}],"wp:attachment":[{"href":"https:\/\/dga.de\/fr\/wp-json\/wp\/v2\/media?parent=14152"}],"curies":[{"name":"wp","href":"https:\/\/api.w.org\/{rel}","templated":true}]}}