{"id":15358,"date":"2018-06-05T15:07:38","date_gmt":"2018-06-05T13:07:38","guid":{"rendered":"https:\/\/dga.de\/impressum\/"},"modified":"2025-05-14T13:40:46","modified_gmt":"2025-05-14T11:40:46","slug":"impressum","status":"publish","type":"page","link":"https:\/\/dga.de\/fr\/impressum\/","title":{"rendered":"Mentions l\u00e9gales"},"content":{"rendered":"<div class=\"fusion-fullwidth fullwidth-box fusion-builder-row-1 fusion-flex-container nonhundred-percent-fullwidth non-hundred-percent-height-scrolling\" style=\"--awb-border-radius-top-left:0px;--awb-border-radius-top-right:0px;--awb-border-radius-bottom-right:0px;--awb-border-radius-bottom-left:0px;--awb-flex-wrap:wrap;\" ><div class=\"fusion-builder-row fusion-row fusion-flex-align-items-flex-start fusion-flex-content-wrap\" style=\"max-width:1144px;margin-left: calc(-4% \/ 2 );margin-right: calc(-4% \/ 2 );\"><div class=\"fusion-layout-column fusion_builder_column fusion-builder-column-0 fusion_builder_column_2_3 2_3 fusion-flex-column\" style=\"--awb-bg-size:cover;--awb-width-large:66.666666666667%;--awb-margin-top-large:0px;--awb-spacing-right-large:3.84%;--awb-margin-bottom-large:0px;--awb-spacing-left-large:2.88%;--awb-width-medium:100%;--awb-spacing-right-medium:1.92%;--awb-spacing-left-medium:1.92%;--awb-width-small:100%;--awb-spacing-right-small:1.92%;--awb-spacing-left-small:1.92%;\"><div class=\"fusion-column-wrapper fusion-flex-justify-content-flex-start fusion-content-layout-column\"><div class=\"fusion-title title fusion-title-1 fusion-sep-none fusion-title-text fusion-title-size-one\" style=\"--awb-margin-top-small:0px;--awb-margin-right-small:0px;--awb-margin-bottom-small:20px;--awb-margin-left-small:0px;\"><h1 class=\"fusion-title-heading title-heading-left\" style=\"margin:0;\">Mentions l\u00e9gales<\/h1><\/div><div class=\"fusion-text fusion-text-1\" style=\"--awb-text-transform:none;\"><p><strong>Responsable du contenu<\/strong><br \/>\nResponsable des contenus selon le \u00a7 6 de la MDStV (accord sur les m\u00e9dias conclu entre les L\u00e4nder) :<br \/>\nMonsieur Frank Castrup (dipl\u00f4m\u00e9 en gestion d&rsquo;entreprise (\u00e9cole sup\u00e9rieure sp\u00e9cialis\u00e9e))<\/p>\n<p><strong>G\u00e9rant<\/strong><br \/>\nMonsieur Frank Castrup (dipl\u00f4m\u00e9 en gestion d&rsquo;entreprise (\u00e9cole sup\u00e9rieure sp\u00e9cialis\u00e9e))<br \/>\nMonsieur Mario Kowsky (ing\u00e9nieur dipl\u00f4m\u00e9e)<\/p>\n<p><strong>Si\u00e8ge social\/adresse<\/strong><br \/>\nDortmunder Gu\u00dfasphalt GmbH &amp; Co. KG<br \/>\nAm Hafenbahnhof 10<br \/>\n44147\u00a0Dortmund<br \/>\nAllemagne<\/p>\n<p>T\u00e9l\u00e9phone : +49 231 395797 &#8211; 0<br \/>\nE-mail : <a href=\"mailto:info@dga.de\">info@dga.de<\/a><\/p>\n<p><strong>Si\u00e8ge de la soci\u00e9t\u00e9<\/strong><br \/>\nLe si\u00e8ge de la soci\u00e9t\u00e9 est Dortmund, inscrite au Registre du commerce du Tribunal de district de Dortmund sous le num\u00e9ro HR A 9970.<\/p>\n<p><strong>Inscription au Registre du commerce<\/strong><br \/>\nAssoci\u00e9e commandit\u00e9e personnellement responsable et g\u00e9rante : Dortmunder Gu\u00dfasphalt GmbH \u2013 Le si\u00e8ge de la soci\u00e9t\u00e9 est Dortmund \u2013 inscrite au Registre du commerce du Tribunal de district de Dortmund sous le num\u00e9ro HR B 3297<\/p>\n<p><strong>Lieu de juridiction<\/strong><br \/>\nLe lieu d&rsquo;ex\u00e9cution et de juridiction est Dortmund<\/p>\n<p><strong>Exclusion de responsabilit\u00e9<\/strong><br \/>\nEn d\u00e9pit du soin apport\u00e9 au contr\u00f4le, nous ne pouvons assumer aucune responsabilit\u00e9 pour les contenus des liens externes. La responsabilit\u00e9 exclusive du contenu de ces sites revient \u00e0 leur administrateur.<\/p>\n<p><strong>Num\u00e9ro de TVA intracommunautaire<\/strong><br \/>\nDE 126640420<\/p>\n<\/div><\/div><\/div><\/div><\/div>\n","protected":false},"excerpt":{"rendered":"","protected":false},"author":1,"featured_media":0,"parent":0,"menu_order":100,"comment_status":"closed","ping_status":"closed","template":"","meta":{"footnotes":""},"class_list":["post-15358","page","type-page","status-publish","hentry"],"_links":{"self":[{"href":"https:\/\/dga.de\/fr\/wp-json\/wp\/v2\/pages\/15358","targetHints":{"allow":["GET"]}}],"collection":[{"href":"https:\/\/dga.de\/fr\/wp-json\/wp\/v2\/pages"}],"about":[{"href":"https:\/\/dga.de\/fr\/wp-json\/wp\/v2\/types\/page"}],"author":[{"embeddable":true,"href":"https:\/\/dga.de\/fr\/wp-json\/wp\/v2\/users\/1"}],"replies":[{"embeddable":true,"href":"https:\/\/dga.de\/fr\/wp-json\/wp\/v2\/comments?post=15358"}],"version-history":[{"count":0,"href":"https:\/\/dga.de\/fr\/wp-json\/wp\/v2\/pages\/15358\/revisions"}],"wp:attachment":[{"href":"https:\/\/dga.de\/fr\/wp-json\/wp\/v2\/media?parent=15358"}],"curies":[{"name":"wp","href":"https:\/\/api.w.org\/{rel}","templated":true}]}}