{"id":24500,"date":"2026-03-30T07:07:45","date_gmt":"2026-03-30T05:07:45","guid":{"rendered":"https:\/\/dga.de\/unternehmen\/produktmanagement\/"},"modified":"2026-03-30T08:00:56","modified_gmt":"2026-03-30T06:00:56","slug":"produktmanagement","status":"publish","type":"page","link":"https:\/\/dga.de\/fr\/unternehmen\/produktmanagement\/","title":{"rendered":"Product Management"},"content":{"rendered":"<div class=\"fusion-fullwidth fullwidth-box fusion-builder-row-1 fusion-flex-container nonhundred-percent-fullwidth non-hundred-percent-height-scrolling\" style=\"--awb-border-radius-top-left:0px;--awb-border-radius-top-right:0px;--awb-border-radius-bottom-right:0px;--awb-border-radius-bottom-left:0px;--awb-flex-wrap:wrap;\" ><div class=\"fusion-builder-row fusion-row fusion-flex-align-items-flex-start fusion-flex-content-wrap\" style=\"max-width:1144px;margin-left: calc(-4% \/ 2 );margin-right: calc(-4% \/ 2 );\"><div class=\"fusion-layout-column fusion_builder_column fusion-builder-column-0 fusion_builder_column_1_1 1_1 fusion-flex-column\" style=\"--awb-bg-size:cover;--awb-width-large:100%;--awb-margin-top-large:0px;--awb-spacing-right-large:1.92%;--awb-margin-bottom-large:20px;--awb-spacing-left-large:1.92%;--awb-width-medium:100%;--awb-order-medium:0;--awb-spacing-right-medium:1.92%;--awb-spacing-left-medium:1.92%;--awb-width-small:100%;--awb-order-small:0;--awb-spacing-right-small:1.92%;--awb-spacing-left-small:1.92%;\"><div class=\"fusion-column-wrapper fusion-column-has-shadow fusion-flex-justify-content-flex-start fusion-content-layout-column\"><div class=\"fusion-text fusion-text-1\"><h1>Product Management<\/h1>\n<\/div><\/div><\/div><div class=\"fusion-layout-column fusion_builder_column fusion-builder-column-1 fusion_builder_column_2_3 2_3 fusion-flex-column\" style=\"--awb-bg-size:cover;--awb-width-large:66.666666666667%;--awb-margin-top-large:0px;--awb-spacing-right-large:3.84%;--awb-margin-bottom-large:0px;--awb-spacing-left-large:2.88%;--awb-width-medium:100%;--awb-spacing-right-medium:1.92%;--awb-spacing-left-medium:1.92%;--awb-width-small:100%;--awb-spacing-right-small:1.92%;--awb-spacing-left-small:1.92%;\"><div class=\"fusion-column-wrapper fusion-flex-justify-content-flex-start fusion-content-layout-column\"><div class=\"fusion-text fusion-text-2\"><p>Notre position solide sur le march\u00e9 des travaux routiers et du b\u00e2timent repose sur une gestion globale de nos produits, qui allie savoir-faire technique, connaissance approfondie du march\u00e9 et \u00e9changes \u00e9troits avec les utilisateurs. Nous d\u00e9veloppons, pour et avec nos clients, des solutions pragmatiques et \u00e9conomiquement performantes, con\u00e7ues pour fonctionner sur le chantier et convaincre \u00e0 long terme dans leur emploi.<\/p>\n<p>Avec un accent clairement mis sur la fiabilit\u00e9 de mise en \u0153uvre, la qualit\u00e9 et la conformit\u00e9 aux normes, nous accompagnons nos produits tout au long de leur cycle de vie. De l\u2019id\u00e9e initiale, en passant par des analyses approfondies et la r\u00e9alisation de surfaces d\u2019essai et sans cesser d\u2019am\u00e9liorer les produits d\u00e9j\u00e0 commercialis\u00e9s, nous constituons un portefeuille r\u00e9solument orient\u00e9 vers la fiabilit\u00e9 et l\u2019ad\u00e9quation aux exigences du terrain.<\/p>\n<p>En m\u00eame temps, nous accordons une tr\u00e8s grande importance \u00e0 la clart\u00e9 des aspects techniques. Pour cela, notre documentation est r\u00e9dig\u00e9e de mani\u00e8re pr\u00e9cise, facile \u00e0 comprendre et centr\u00e9e sur l\u2019application des produits, offrant ainsi \u00e0 nos clients un haut niveau d\u2019assurance pour la r\u00e9alisation de leurs projets.<\/p>\n<p>Pour nous, le product management est \u00e9galement synonyme de responsabilit\u00e9 en mati\u00e8re de qualit\u00e9. Le respect rigoureux des exigences techniques ainsi que des normes et r\u00e9glementations applicables constitue la base indispensable pour pouvoir offrir des produits fiables, durables et performants. Des analyses continues et des optimisations cibl\u00e9es permettent en outre de garantir durablement notre haut niveau de qualit\u00e9.<\/p>\n<p>Vous souhaitez en savoir davantage sur nos produits ou avez besoin d\u2019un accompagnement pour un projet concret ? Notre \u00e9quipe du product management est \u00e0 votre disposition pour vous faire profiter de ses comp\u00e9tences et de son approche toujours orient\u00e9e \u00e0 trouver la meilleure solution pour vous.<\/p>\n<\/div><\/div><\/div><div class=\"fusion-layout-column fusion_builder_column fusion-builder-column-2 fusion_builder_column_1_3 1_3 fusion-flex-column\" style=\"--awb-bg-size:cover;--awb-width-large:33.333333333333%;--awb-margin-top-large:0px;--awb-spacing-right-large:5.76%;--awb-margin-bottom-large:0px;--awb-spacing-left-large:3.84%;--awb-width-medium:100%;--awb-spacing-right-medium:1.92%;--awb-spacing-left-medium:1.92%;--awb-width-small:100%;--awb-spacing-right-small:1.92%;--awb-spacing-left-small:1.92%;\"><div class=\"fusion-column-wrapper fusion-flex-justify-content-flex-start fusion-content-layout-column\"><div class=\"fusion-image-element \" style=\"--awb-caption-title-font-family:var(--h2_typography-font-family);--awb-caption-title-font-weight:var(--h2_typography-font-weight);--awb-caption-title-font-style:var(--h2_typography-font-style);--awb-caption-title-size:var(--h2_typography-font-size);--awb-caption-title-transform:var(--h2_typography-text-transform);--awb-caption-title-line-height:var(--h2_typography-line-height);--awb-caption-title-letter-spacing:var(--h2_typography-letter-spacing);\"><span class=\" fusion-imageframe imageframe-none imageframe-1 hover-type-none\"><img decoding=\"async\" width=\"2560\" height=\"1708\" title=\"Produktmanagement_Bild-3\" src=\"https:\/\/dga.de\/wp-content\/uploads\/2026\/03\/Produktmanagement_Bild-3-scaled.jpg\" data-orig-src=\"https:\/\/dga.de\/wp-content\/uploads\/2026\/03\/Produktmanagement_Bild-3-scaled.jpg\" alt class=\"lazyload img-responsive wp-image-24486\" srcset=\"data:image\/svg+xml,%3Csvg%20xmlns%3D%27http%3A%2F%2Fwww.w3.org%2F2000%2Fsvg%27%20width%3D%272560%27%20height%3D%271708%27%20viewBox%3D%270%200%202560%201708%27%3E%3Crect%20width%3D%272560%27%20height%3D%271708%27%20fill-opacity%3D%220%22%2F%3E%3C%2Fsvg%3E\" data-srcset=\"https:\/\/dga.de\/wp-content\/uploads\/2026\/03\/Produktmanagement_Bild-3-200x133.jpg 200w, https:\/\/dga.de\/wp-content\/uploads\/2026\/03\/Produktmanagement_Bild-3-400x267.jpg 400w, https:\/\/dga.de\/wp-content\/uploads\/2026\/03\/Produktmanagement_Bild-3-600x400.jpg 600w, https:\/\/dga.de\/wp-content\/uploads\/2026\/03\/Produktmanagement_Bild-3-800x534.jpg 800w, https:\/\/dga.de\/wp-content\/uploads\/2026\/03\/Produktmanagement_Bild-3-1200x800.jpg 1200w, https:\/\/dga.de\/wp-content\/uploads\/2026\/03\/Produktmanagement_Bild-3-scaled.jpg 2560w\" data-sizes=\"auto\" data-orig-sizes=\"(max-width: 1024px) 100vw, (max-width: 640px) 100vw, 400px\" \/><\/span><\/div><div class=\"fusion-separator fusion-full-width-sep\" style=\"align-self: center;margin-left: auto;margin-right: auto;margin-top:10px;margin-bottom:10px;width:100%;\"><\/div><div class=\"fusion-image-element \" style=\"--awb-caption-title-font-family:var(--h2_typography-font-family);--awb-caption-title-font-weight:var(--h2_typography-font-weight);--awb-caption-title-font-style:var(--h2_typography-font-style);--awb-caption-title-size:var(--h2_typography-font-size);--awb-caption-title-transform:var(--h2_typography-text-transform);--awb-caption-title-line-height:var(--h2_typography-line-height);--awb-caption-title-letter-spacing:var(--h2_typography-letter-spacing);\"><span class=\" fusion-imageframe imageframe-none imageframe-2 hover-type-none\"><img decoding=\"async\" width=\"2560\" height=\"1410\" title=\"Produktmanagement_Bild-1\" src=\"https:\/\/dga.de\/wp-content\/uploads\/2026\/03\/Produktmanagement_Bild-1-scaled.jpg\" data-orig-src=\"https:\/\/dga.de\/wp-content\/uploads\/2026\/03\/Produktmanagement_Bild-1-scaled.jpg\" alt class=\"lazyload img-responsive wp-image-24468\" srcset=\"data:image\/svg+xml,%3Csvg%20xmlns%3D%27http%3A%2F%2Fwww.w3.org%2F2000%2Fsvg%27%20width%3D%272560%27%20height%3D%271410%27%20viewBox%3D%270%200%202560%201410%27%3E%3Crect%20width%3D%272560%27%20height%3D%271410%27%20fill-opacity%3D%220%22%2F%3E%3C%2Fsvg%3E\" data-srcset=\"https:\/\/dga.de\/wp-content\/uploads\/2026\/03\/Produktmanagement_Bild-1-200x110.jpg 200w, https:\/\/dga.de\/wp-content\/uploads\/2026\/03\/Produktmanagement_Bild-1-400x220.jpg 400w, https:\/\/dga.de\/wp-content\/uploads\/2026\/03\/Produktmanagement_Bild-1-600x330.jpg 600w, https:\/\/dga.de\/wp-content\/uploads\/2026\/03\/Produktmanagement_Bild-1-800x441.jpg 800w, https:\/\/dga.de\/wp-content\/uploads\/2026\/03\/Produktmanagement_Bild-1-1200x661.jpg 1200w, https:\/\/dga.de\/wp-content\/uploads\/2026\/03\/Produktmanagement_Bild-1-scaled.jpg 2560w\" data-sizes=\"auto\" data-orig-sizes=\"(max-width: 1024px) 100vw, (max-width: 640px) 100vw, 400px\" \/><\/span><\/div><div class=\"fusion-separator fusion-full-width-sep\" style=\"align-self: center;margin-left: auto;margin-right: auto;margin-top:10px;margin-bottom:10px;width:100%;\"><\/div><div class=\"fusion-image-element \" style=\"--awb-caption-title-font-family:var(--h2_typography-font-family);--awb-caption-title-font-weight:var(--h2_typography-font-weight);--awb-caption-title-font-style:var(--h2_typography-font-style);--awb-caption-title-size:var(--h2_typography-font-size);--awb-caption-title-transform:var(--h2_typography-text-transform);--awb-caption-title-line-height:var(--h2_typography-line-height);--awb-caption-title-letter-spacing:var(--h2_typography-letter-spacing);\"><span class=\" fusion-imageframe imageframe-none imageframe-3 hover-type-none\"><img decoding=\"async\" width=\"1728\" height=\"1152\" title=\"Produktmanagement_Bild-2\" src=\"https:\/\/dga.de\/wp-content\/uploads\/2026\/03\/Produktmanagement_Bild-2.jpg\" data-orig-src=\"https:\/\/dga.de\/wp-content\/uploads\/2026\/03\/Produktmanagement_Bild-2.jpg\" alt class=\"lazyload img-responsive wp-image-24480\" srcset=\"data:image\/svg+xml,%3Csvg%20xmlns%3D%27http%3A%2F%2Fwww.w3.org%2F2000%2Fsvg%27%20width%3D%271728%27%20height%3D%271152%27%20viewBox%3D%270%200%201728%201152%27%3E%3Crect%20width%3D%271728%27%20height%3D%271152%27%20fill-opacity%3D%220%22%2F%3E%3C%2Fsvg%3E\" data-srcset=\"https:\/\/dga.de\/wp-content\/uploads\/2026\/03\/Produktmanagement_Bild-2-200x133.jpg 200w, https:\/\/dga.de\/wp-content\/uploads\/2026\/03\/Produktmanagement_Bild-2-400x267.jpg 400w, https:\/\/dga.de\/wp-content\/uploads\/2026\/03\/Produktmanagement_Bild-2-600x400.jpg 600w, https:\/\/dga.de\/wp-content\/uploads\/2026\/03\/Produktmanagement_Bild-2-800x533.jpg 800w, https:\/\/dga.de\/wp-content\/uploads\/2026\/03\/Produktmanagement_Bild-2-1200x800.jpg 1200w, https:\/\/dga.de\/wp-content\/uploads\/2026\/03\/Produktmanagement_Bild-2.jpg 1728w\" data-sizes=\"auto\" data-orig-sizes=\"(max-width: 1024px) 100vw, (max-width: 640px) 100vw, 400px\" \/><\/span><\/div><\/div><\/div><\/div><\/div>\n","protected":false},"excerpt":{"rendered":"","protected":false},"author":3,"featured_media":0,"parent":14082,"menu_order":0,"comment_status":"closed","ping_status":"closed","template":"","meta":{"footnotes":""},"class_list":["post-24500","page","type-page","status-publish","hentry"],"_links":{"self":[{"href":"https:\/\/dga.de\/fr\/wp-json\/wp\/v2\/pages\/24500","targetHints":{"allow":["GET"]}}],"collection":[{"href":"https:\/\/dga.de\/fr\/wp-json\/wp\/v2\/pages"}],"about":[{"href":"https:\/\/dga.de\/fr\/wp-json\/wp\/v2\/types\/page"}],"author":[{"embeddable":true,"href":"https:\/\/dga.de\/fr\/wp-json\/wp\/v2\/users\/3"}],"replies":[{"embeddable":true,"href":"https:\/\/dga.de\/fr\/wp-json\/wp\/v2\/comments?post=24500"}],"version-history":[{"count":3,"href":"https:\/\/dga.de\/fr\/wp-json\/wp\/v2\/pages\/24500\/revisions"}],"predecessor-version":[{"id":24503,"href":"https:\/\/dga.de\/fr\/wp-json\/wp\/v2\/pages\/24500\/revisions\/24503"}],"up":[{"embeddable":true,"href":"https:\/\/dga.de\/fr\/wp-json\/wp\/v2\/pages\/14082"}],"wp:attachment":[{"href":"https:\/\/dga.de\/fr\/wp-json\/wp\/v2\/media?parent=24500"}],"curies":[{"name":"wp","href":"https:\/\/api.w.org\/{rel}","templated":true}]}}