{"id":8566,"date":"2018-06-05T14:45:56","date_gmt":"2018-06-05T12:45:56","guid":{"rendered":"https:\/\/dga.de\/home\/"},"modified":"2022-07-18T14:12:50","modified_gmt":"2022-07-18T12:12:50","slug":"home","status":"publish","type":"page","link":"https:\/\/dga.de\/fr\/","title":{"rendered":"Home"},"content":{"rendered":"<p><div class=\"fusion-fullwidth fullwidth-box fusion-builder-row-1 fusion-flex-container nonhundred-percent-fullwidth non-hundred-percent-height-scrolling\" style=\"--awb-border-radius-top-left:0px;--awb-border-radius-top-right:0px;--awb-border-radius-bottom-right:0px;--awb-border-radius-bottom-left:0px;--awb-padding-top:20px;--awb-padding-right:20px;--awb-padding-bottom:0px;--awb-padding-left:20px;--awb-margin-bottom:0px;--awb-flex-wrap:wrap;\" ><div class=\"fusion-builder-row fusion-row fusion-flex-align-items-stretch fusion-flex-content-wrap\" style=\"max-width:1144px;margin-left: calc(-4% \/ 2 );margin-right: calc(-4% \/ 2 );\"><div class=\"fusion-layout-column fusion_builder_column fusion-builder-column-0 fusion_builder_column_3_4 3_4 fusion-flex-column\" style=\"--awb-padding-top:20px;--awb-padding-right:20px;--awb-padding-bottom:10px;--awb-padding-left:20px;--awb-bg-size:cover;--awb-width-large:75%;--awb-margin-top-large:0px;--awb-spacing-right-large:2.56%;--awb-margin-bottom-large:20px;--awb-spacing-left-large:2.56%;--awb-width-medium:100%;--awb-spacing-right-medium:1.92%;--awb-spacing-left-medium:1.92%;--awb-width-small:100%;--awb-spacing-right-small:1.92%;--awb-spacing-left-small:1.92%;\"><div class=\"fusion-column-wrapper fusion-column-has-shadow fusion-flex-justify-content-flex-start fusion-content-layout-column\"><div class=\"fusion-title title fusion-title-1 fusion-sep-none fusion-title-text fusion-title-size-one\" style=\"--awb-margin-top-small:0px;--awb-margin-right-small:0px;--awb-margin-bottom-small:20px;--awb-margin-left-small:0px;\"><h1 class=\"fusion-title-heading title-heading-left\" style=\"margin:0;\">Groupe dga : des marques fortes pour des routes et des b\u00e2timents solides<\/h1><\/div><div class=\"fusion-text fusion-text-1\" style=\"--awb-text-transform:none;\"><p>Avec nos marques bien connues BIGUMA\u00ae, PROXAN\u00ae, COLZUMIX\u00ae, NILA\u00ae et DOBAU\u00ae, nous assurons des routes et des constructions durables et s\u00fbres depuis plus de 50 ans. Nos produits se caract\u00e9risent en particulier par une facilit\u00e9 de traitement dans les applications \u00e0 froid et \u00e0 chaud. Sur notre page d&rsquo;accueil, nous avez un aper\u00e7u complet de nos produits pour la construction des routes, la protection des b\u00e2timents et l&rsquo;industrie. Vous avez des questions ou avez besoin de conseils techniques ? <a href=\"https:\/\/dga.de\/fr\/unternehmen\/ansprechpartner\/vertrieb-disposition\/\">N&rsquo;h\u00e9sitez pas \u00e0 nous contacter !<\/a><\/p>\n<\/div><\/div><\/div><div class=\"fusion-layout-column fusion_builder_column fusion-builder-column-1 fusion_builder_column_1_4 1_4 fusion-flex-column\" style=\"--awb-padding-top:10px;--awb-padding-right:20px;--awb-padding-bottom:10px;--awb-padding-left:20px;--awb-bg-color:#ef7b00;--awb-bg-color-hover:#ef7b00;--awb-bg-size:cover;--awb-width-large:25%;--awb-margin-top-large:0px;--awb-spacing-right-large:7.68%;--awb-margin-bottom-large:20px;--awb-spacing-left-large:7.68%;--awb-width-medium:100%;--awb-order-medium:0;--awb-spacing-right-medium:1.92%;--awb-spacing-left-medium:1.92%;--awb-width-small:100%;--awb-order-small:0;--awb-spacing-right-small:1.92%;--awb-spacing-left-small:1.92%;\"><div class=\"fusion-column-wrapper fusion-column-has-shadow fusion-flex-justify-content-flex-start fusion-content-layout-column\"><div class=\"fusion-text fusion-text-2\" style=\"--awb-text-color:var(--awb-color1);\"><h2 style=\"text-align: center;\"><span style=\"color: #ffffff;\">Calculateur de mat\u00e9riaux<\/span><\/h2>\n<p style=\"text-align: center;\">Utilisez notre calculateur de mat\u00e9riel gratuit pour calculer la quantit\u00e9 de produits dga \u00e0 commander pour votre chantier.<\/p>\n<\/div><div style=\"text-align:center;\"><a class=\"fusion-button button-flat fusion-button-default-size button-custom fusion-button-default button-1 fusion-button-default-span fusion-button-default-type\" style=\"--button_accent_color:#ff9800;--button_accent_hover_color:#ff9800;--button_border_hover_color:#ffffff;--button_gradient_top_color:#ffffff;--button_gradient_bottom_color:#ffffff;--button_gradient_top_color_hover:#ffffff;--button_gradient_bottom_color_hover:#ffffff;\" target=\"_self\" href=\"https:\/\/dga.de\/fr\/calculateur-de-materiaux\/\"><span class=\"fusion-button-text awb-button__text awb-button__text--default\">Cliquez ici !<\/span><\/a><\/div><\/div><\/div><\/div><\/div><div class=\"fusion-fullwidth fullwidth-box fusion-builder-row-2 fusion-flex-container nonhundred-percent-fullwidth non-hundred-percent-height-scrolling\" style=\"--awb-border-radius-top-left:0px;--awb-border-radius-top-right:0px;--awb-border-radius-bottom-right:0px;--awb-border-radius-bottom-left:0px;--awb-padding-top:20px;--awb-padding-right:20px;--awb-padding-bottom:0px;--awb-padding-left:20px;--awb-margin-bottom:0px;--awb-flex-wrap:wrap;\" ><div class=\"fusion-builder-row fusion-row fusion-flex-align-items-stretch fusion-flex-content-wrap\" style=\"max-width:1144px;margin-left: calc(-4% \/ 2 );margin-right: calc(-4% \/ 2 );\"><div class=\"fusion-layout-column fusion_builder_column fusion-builder-column-2 fusion_builder_column_1_2 1_2 fusion-flex-column\" style=\"--awb-padding-top:20px;--awb-padding-right:20px;--awb-padding-bottom:20px;--awb-padding-left:20px;--awb-bg-color:#ffffff;--awb-bg-color-hover:#ffffff;--awb-bg-size:cover;--awb-width-large:50%;--awb-margin-top-large:0px;--awb-spacing-right-large:3.84%;--awb-margin-bottom-large:20px;--awb-spacing-left-large:3.84%;--awb-width-medium:100%;--awb-spacing-right-medium:1.92%;--awb-spacing-left-medium:1.92%;--awb-width-small:100%;--awb-spacing-right-small:1.92%;--awb-spacing-left-small:1.92%;\"><div class=\"fusion-column-wrapper fusion-column-has-shadow fusion-flex-justify-content-flex-start fusion-content-layout-column\"><div class=\"fusion-title title fusion-title-2 fusion-sep-none fusion-title-text fusion-title-size-two\" style=\"--awb-margin-top-small:0px;--awb-margin-right-small:0px;--awb-margin-bottom-small:20px;--awb-margin-left-small:0px;\"><h2 class=\"fusion-title-heading title-heading-left\" style=\"margin:0;\">Gestion de la qualit\u00e9<\/h2><\/div><div class=\"fusion-text fusion-text-3\" style=\"--awb-text-transform:none;\"><p>Nous devons notre forte position sur le march\u00e9 dans les domaines de la construction routi\u00e8re et de la protection des b\u00e2timents \u00e0 notre politique de qualit\u00e9 couronn\u00e9e de succ\u00e8s. Nos clients b\u00e9n\u00e9ficient de notre soutien total \u00e0 toutes les \u00e9tapes de leur projet, de la consultation approfondie \u00e0 l&rsquo;\u00e9laboration de solutions personnalis\u00e9es en passant par la livraison du produit final, pr\u00eat \u00e0 \u00eatre appliqu\u00e9. Leur s\u00e9curit\u00e9 de planification b\u00e9n\u00e9ficie de notre fiabilit\u00e9 en tant que fournisseur.\u00a0 <a href=\"https:\/\/dga.de\/fr\/unternehmen\/qualitaetsmanagement\/\">En savoir plus<\/a><\/p>\n<\/div><div class=\"fusion-image-element \" style=\"--awb-caption-title-font-family:var(--h2_typography-font-family);--awb-caption-title-font-weight:var(--h2_typography-font-weight);--awb-caption-title-font-style:var(--h2_typography-font-style);--awb-caption-title-size:var(--h2_typography-font-size);--awb-caption-title-transform:var(--h2_typography-text-transform);--awb-caption-title-line-height:var(--h2_typography-line-height);--awb-caption-title-letter-spacing:var(--h2_typography-letter-spacing);\"><span class=\" fusion-imageframe imageframe-none imageframe-1 hover-type-none\"><img decoding=\"async\" width=\"600\" height=\"349\" title=\"qualitaetsmanagement_dga_1\" src=\"https:\/\/dga.de\/wp-content\/uploads\/2019\/07\/qualitaetsmanagement_dga_1-1.jpg\" data-orig-src=\"http:\/\/dga.de\/wp-content\/uploads\/2019\/07\/qualitaetsmanagement_dga_1-1-600x349.jpg\" alt class=\"lazyload img-responsive wp-image-2946\" srcset=\"data:image\/svg+xml,%3Csvg%20xmlns%3D%27http%3A%2F%2Fwww.w3.org%2F2000%2Fsvg%27%20width%3D%271050%27%20height%3D%27610%27%20viewBox%3D%270%200%201050%20610%27%3E%3Crect%20width%3D%271050%27%20height%3D%27610%27%20fill-opacity%3D%220%22%2F%3E%3C%2Fsvg%3E\" data-srcset=\"https:\/\/dga.de\/wp-content\/uploads\/2019\/07\/qualitaetsmanagement_dga_1-1-200x116.jpg 200w, https:\/\/dga.de\/wp-content\/uploads\/2019\/07\/qualitaetsmanagement_dga_1-1-400x232.jpg 400w, https:\/\/dga.de\/wp-content\/uploads\/2019\/07\/qualitaetsmanagement_dga_1-1-600x349.jpg 600w, https:\/\/dga.de\/wp-content\/uploads\/2019\/07\/qualitaetsmanagement_dga_1-1-800x465.jpg 800w, https:\/\/dga.de\/wp-content\/uploads\/2019\/07\/qualitaetsmanagement_dga_1-1.jpg 1050w\" data-sizes=\"auto\" data-orig-sizes=\"(max-width: 1024px) 100vw, (max-width: 640px) 100vw, 600px\" \/><\/span><\/div><\/div><\/div><div class=\"fusion-layout-column fusion_builder_column fusion-builder-column-3 fusion_builder_column_1_2 1_2 fusion-flex-column\" style=\"--awb-padding-top:20px;--awb-padding-right:20px;--awb-padding-bottom:20px;--awb-padding-left:20px;--awb-bg-size:cover;--awb-width-large:50%;--awb-margin-top-large:0px;--awb-spacing-right-large:3.84%;--awb-margin-bottom-large:20px;--awb-spacing-left-large:3.84%;--awb-width-medium:100%;--awb-spacing-right-medium:1.92%;--awb-spacing-left-medium:1.92%;--awb-width-small:100%;--awb-spacing-right-small:1.92%;--awb-spacing-left-small:1.92%;\"><div class=\"fusion-column-wrapper fusion-column-has-shadow fusion-flex-justify-content-flex-start fusion-content-layout-column\"><div class=\"fusion-title title fusion-title-3 fusion-sep-none fusion-title-text fusion-title-size-two\" style=\"--awb-margin-top-small:0px;--awb-margin-right-small:0px;--awb-margin-bottom-small:20px;--awb-margin-left-small:0px;\"><h2 class=\"fusion-title-heading title-heading-left\" style=\"margin:0;\">Actualit\u00e9s<\/h2><\/div><div class=\"fusion-blog-shortcode fusion-blog-shortcode-1 fusion-blog-archive fusion-blog-layout-grid-wrapper fusion-blog-no fusion-blog-no-images\"><style type=\"text\/css\">.fusion-blog-shortcode-1 .fusion-blog-layout-grid .fusion-post-grid{padding:20px;}.fusion-blog-shortcode-1 .fusion-posts-container{margin-left: -20px !important; margin-right:-20px !important;}<\/style><div class=\"fusion-posts-container fusion-posts-container-no fusion-blog-layout-grid fusion-blog-layout-grid-1 isotope\" data-pages=\"6\" data-grid-col-space=\"40\" style=\"margin: -20px -20px 0;min-height:500px;\"><article id=\"blog-1-post-24141\" class=\"fusion-post-grid post-24141 post type-post status-publish format-standard hentry category-news-de-fr\">\n<div class=\"fusion-post-wrapper\" style=\"background-color:rgba(255,255,255,0);border:1px solid #ef7b00;border-bottom-width:3px;\"><div class=\"fusion-post-content-wrapper\" style=\"padding:10px 10px 10px 10px;\"><div class=\"fusion-post-content post-content\"><p class=\"fusion-single-line-meta\"><span class=\"vcard\" style=\"display: none;\"><span class=\"fn\"><a href=\"https:\/\/dga.de\/fr\/author\/kskubisz\/\" title=\"Articles par Katharina Skubisz\" rel=\"author\">Katharina Skubisz<\/a><\/span><\/span><span class=\"updated\" style=\"display:none;\">2026-03-26T06:43:33+01:00<\/span><span>mars 23rd, 2026<\/span><span class=\"fusion-inline-sep\">|<\/span><\/p><div class=\"fusion-post-content-container\"><p>Ajustement des prix en raison de la situation mondiale actuelle <\/p>\n<p>Cher partenaire commercial,<br>\ncher client,<\/p>\n<p>Les tensions g\u00e9opolitiques persistantes ainsi que la poursuite de la guerre au Moyen-Orient entra\u00eenent des perturbations importantes [\u2026]<\/p>\n<\/div><\/div><div class=\"fusion-meta-info\"><div class=\"fusion-alignleft\"><a class=\"fusion-read-more\" href=\"https:\/\/dga.de\/fr\/preisanpassung-aufgrund-der-aktuellen-weltlage\/\" aria-label=\"More on Ajustement des prix en raison de la situation mondiale actuelle\">Read More<\/a><\/div><\/div><\/div><div class=\"fusion-clearfix\"><\/div><\/div>\n<\/article>\n<article id=\"blog-1-post-23176\" class=\"fusion-post-grid post-23176 post type-post status-publish format-standard hentry category-news-de-fr\">\n<div class=\"fusion-post-wrapper\" style=\"background-color:rgba(255,255,255,0);border:1px solid #ef7b00;border-bottom-width:3px;\"><div class=\"fusion-post-content-wrapper\" style=\"padding:10px 10px 10px 10px;\"><div class=\"fusion-post-content post-content\"><p class=\"fusion-single-line-meta\"><span class=\"vcard\" style=\"display: none;\"><span class=\"fn\"><a href=\"https:\/\/dga.de\/fr\/author\/kskubisz\/\" title=\"Articles par Katharina Skubisz\" rel=\"author\">Katharina Skubisz<\/a><\/span><\/span><span class=\"updated\" style=\"display:none;\">2025-11-26T09:18:19+01:00<\/span><span>novembre 24th, 2025<\/span><span class=\"fusion-inline-sep\">|<\/span><\/p><div class=\"fusion-post-content-container\"><p>Repositionnement strat\u00e9gique : le groupe dga regroupe ses comp\u00e9tences dans les domaines de la construction routi\u00e8re et du b\u00e2timent <\/p>\n<p>Pour am\u00e9liorer ult\u00e9rieurement notre efficacit\u00e9 et proposer \u00e0 nos clients une [\u2026]<\/p>\n<\/div><\/div><div class=\"fusion-meta-info\"><div class=\"fusion-alignleft\"><a class=\"fusion-read-more\" href=\"https:\/\/dga.de\/fr\/strategische-neuausrichtung-dga-gruppe-buendelt-kompetenzen-im-strassen-und-hochbau\/\" aria-label=\"More on Repositionnement strat\u00e9gique : le groupe dga regroupe ses comp\u00e9tences dans les domaines de la construction routi\u00e8re et du b\u00e2timent\">Read More<\/a><\/div><\/div><\/div><div class=\"fusion-clearfix\"><\/div><\/div>\n<\/article>\n<div class=\"fusion-clearfix\"><\/div><\/div><\/div><\/div><\/div><\/div><\/div><div class=\"fusion-fullwidth fullwidth-box fusion-builder-row-3 fusion-flex-container nonhundred-percent-fullwidth non-hundred-percent-height-scrolling\" style=\"--awb-border-radius-top-left:0px;--awb-border-radius-top-right:0px;--awb-border-radius-bottom-right:0px;--awb-border-radius-bottom-left:0px;--awb-padding-top:20px;--awb-padding-right:20px;--awb-padding-bottom:0px;--awb-padding-left:20px;--awb-margin-bottom:0px;--awb-flex-wrap:wrap;\" ><div class=\"fusion-builder-row fusion-row fusion-flex-align-items-stretch fusion-flex-content-wrap\" style=\"max-width:1144px;margin-left: calc(-4% \/ 2 );margin-right: calc(-4% \/ 2 );\"><div class=\"fusion-layout-column fusion_builder_column fusion-builder-column-4 fusion_builder_column_1_2 1_2 fusion-flex-column\" style=\"--awb-padding-top:20px;--awb-padding-right:20px;--awb-padding-bottom:20px;--awb-padding-left:20px;--awb-bg-size:cover;--awb-width-large:50%;--awb-margin-top-large:0px;--awb-spacing-right-large:3.84%;--awb-margin-bottom-large:20px;--awb-spacing-left-large:3.84%;--awb-width-medium:100%;--awb-spacing-right-medium:1.92%;--awb-spacing-left-medium:1.92%;--awb-width-small:100%;--awb-spacing-right-small:1.92%;--awb-spacing-left-small:1.92%;\"><div class=\"fusion-column-wrapper fusion-column-has-shadow fusion-flex-justify-content-flex-start fusion-content-layout-column\"><div class=\"fusion-title title fusion-title-4 fusion-sep-none fusion-title-text fusion-title-size-two\" style=\"--awb-margin-top-small:0px;--awb-margin-right-small:0px;--awb-margin-bottom-small:20px;--awb-margin-left-small:0px;\"><h2 class=\"fusion-title-heading title-heading-left\" style=\"margin:0;\">Recherche et d\u00e9veloppement<\/h2><\/div><div class=\"fusion-text fusion-text-4\" style=\"--awb-text-transform:none;\"><p>Le d\u00e9veloppement de nouvelles solutions sp\u00e9cifiques aux clients constitue un v\u00e9ritable vecteur de notre succ\u00e8s. C&rsquo;est pourquoi nous investissons dans nos employ\u00e9s qualifi\u00e9s ainsi que dans des \u00e9quipements de laboratoire modernes. <a href=\"https:\/\/dga.de\/fr\/unternehmen\/forschung-und-entwicklung\/\">En savoir plus<\/a><\/p>\n<\/div><div class=\"fusion-image-element \" style=\"--awb-caption-title-font-family:var(--h2_typography-font-family);--awb-caption-title-font-weight:var(--h2_typography-font-weight);--awb-caption-title-font-style:var(--h2_typography-font-style);--awb-caption-title-size:var(--h2_typography-font-size);--awb-caption-title-transform:var(--h2_typography-text-transform);--awb-caption-title-line-height:var(--h2_typography-line-height);--awb-caption-title-letter-spacing:var(--h2_typography-letter-spacing);\"><span class=\" fusion-imageframe imageframe-none imageframe-2 hover-type-none\"><img decoding=\"async\" width=\"590\" height=\"254\" title=\"Test-Bild-10\" src=\"https:\/\/dga.de\/wp-content\/uploads\/2019\/04\/Test-Bild-10.jpg\" data-orig-src=\"http:\/\/dga.de\/wp-content\/uploads\/2019\/04\/Test-Bild-10.jpg\" alt class=\"lazyload img-responsive wp-image-1303\" srcset=\"data:image\/svg+xml,%3Csvg%20xmlns%3D%27http%3A%2F%2Fwww.w3.org%2F2000%2Fsvg%27%20width%3D%27590%27%20height%3D%27254%27%20viewBox%3D%270%200%20590%20254%27%3E%3Crect%20width%3D%27590%27%20height%3D%27254%27%20fill-opacity%3D%220%22%2F%3E%3C%2Fsvg%3E\" data-srcset=\"https:\/\/dga.de\/wp-content\/uploads\/2019\/04\/Test-Bild-10-200x86.jpg 200w, https:\/\/dga.de\/wp-content\/uploads\/2019\/04\/Test-Bild-10-400x172.jpg 400w, https:\/\/dga.de\/wp-content\/uploads\/2019\/04\/Test-Bild-10.jpg 590w\" data-sizes=\"auto\" data-orig-sizes=\"(max-width: 1024px) 100vw, (max-width: 640px) 100vw, 590px\" \/><\/span><\/div><\/div><\/div><div class=\"fusion-layout-column fusion_builder_column fusion-builder-column-5 fusion_builder_column_1_2 1_2 fusion-flex-column\" style=\"--awb-padding-top:20px;--awb-padding-right:20px;--awb-padding-bottom:20px;--awb-padding-left:20px;--awb-bg-size:cover;--awb-width-large:50%;--awb-margin-top-large:0px;--awb-spacing-right-large:3.84%;--awb-margin-bottom-large:20px;--awb-spacing-left-large:3.84%;--awb-width-medium:100%;--awb-spacing-right-medium:1.92%;--awb-spacing-left-medium:1.92%;--awb-width-small:100%;--awb-spacing-right-small:1.92%;--awb-spacing-left-small:1.92%;\"><div class=\"fusion-column-wrapper lazyload fusion-column-has-shadow fusion-flex-justify-content-flex-start fusion-content-layout-column fusion-column-has-bg-image\" data-bg-url=\"https:\/\/dga.de\/wp-content\/uploads\/2019\/04\/Test-BG-Content-3-600x367.jpg\" data-bg=\"https:\/\/dga.de\/wp-content\/uploads\/2019\/04\/Test-BG-Content-3-600x367.jpg\"><div class=\"fusion-title title fusion-title-5 fusion-sep-none fusion-title-text fusion-title-size-two fusion-text-weiss\" style=\"--awb-margin-top-small:0px;--awb-margin-right-small:0px;--awb-margin-bottom-small:20px;--awb-margin-left-small:0px;\"><h2 class=\"fusion-title-heading title-heading-left\" style=\"margin:0;\">Produits<\/h2><\/div><div class=\"fusion-text fusion-text-5 fusion-text-weiss\" style=\"--awb-text-transform:none;\"><p>Recherchez-vous un produit ou un groupe de produits sp\u00e9cifique ? Saisissez tout simplement le nom dans la barre de recherche. Vous acc\u00e9dez directement au produit recherch\u00e9.<\/p>\n<\/div><div class=\"aws-container\" data-id=\"6\" data-url=\"\/fr\/?wc-ajax=aws_action\" data-siteurl=\"https:\/\/dga.de\/fr\/\" data-lang=\"fr\" data-show-loader=\"true\" data-show-more=\"true\" data-ajax-search=\"true\" data-show-page=\"true\" data-show-clear=\"false\" data-mobile-screen=\"false\" data-buttons-order=\"2\" data-target-blank=\"false\" data-use-analytics=\"false\" data-min-chars=\"1\" data-filters=\"\" data-init-filter=\"1\" data-timeout=\"300\" data-notfound=\"Die Suche ergab keine Treffer.\" data-more=\"Alle Ergebnisse ansehen\" data-is-mobile=\"false\" data-page-id=\"0\" data-tax=\"\" data-sku=\"SKU: \" data-item-added=\"Item added\" data-sale-badge=\"Sale!\" ><form class=\"aws-search-form\" action=\"https:\/\/dga.de\/fr\/\" method=\"get\" role=\"search\" ><div class=\"aws-wrapper\"><div class=\"aws-suggest\"><div class=\"aws-suggest__keys\"><\/div><div class=\"aws-suggest__addon\"><\/div><\/div><label class=\"aws-search-label\" for=\"69f5471b44bd6\">Recherche<\/label><input  type=\"search\" name=\"s\" id=\"69f5471b44bd6\" value=\"\" class=\"aws-search-field\" placeholder=\"Recherche\" autocomplete=\"off\" \/><input type=\"hidden\" name=\"post_type\" value=\"product\"><input type=\"hidden\" name=\"type_aws\" value=\"true\"><input type=\"hidden\" name=\"aws_id\" value=\"6\"><input type=\"hidden\" name=\"aws_filter\" class=\"awsFilterHidden\" value=\"1\"><input type=\"hidden\" name=\"lang\" value=\"fr\"><div class=\"aws-search-clear\"><span>\u00d7<\/span><\/div><div class=\"aws-loader\"><\/div><\/div><div class=\"aws-search-btn aws-form-btn\"><span class=\"aws-search-btn_icon\"><svg focusable=\"false\" xmlns=\"http:\/\/www.w3.org\/2000\/svg\" viewBox=\"0 0 24 24\" width=\"24px\"><path d=\"M15.5 14h-.79l-.28-.27C15.41 12.59 16 11.11 16 9.5 16 5.91 13.09 3 9.5 3S3 5.91 3 9.5 5.91 16 9.5 16c1.61 0 3.09-.59 4.23-1.57l.27.28v.79l5 4.99L20.49 19l-4.99-5zm-6 0C7.01 14 5 11.99 5 9.5S7.01 5 9.5 5 14 7.01 14 9.5 11.99 14 9.5 14z\"><\/path><\/svg><\/span><\/div><\/form><\/div><div class=\"fusion-separator fusion-full-width-sep\" style=\"align-self: center;margin-left: auto;margin-right: auto;margin-bottom:60px;width:100%;\"><\/div><\/div><\/div><\/div><\/div><\/p>\n","protected":false},"excerpt":{"rendered":"","protected":false},"author":1,"featured_media":0,"parent":0,"menu_order":0,"comment_status":"closed","ping_status":"closed","template":"","meta":{"footnotes":""},"class_list":["post-8566","page","type-page","status-publish","hentry"],"_links":{"self":[{"href":"https:\/\/dga.de\/fr\/wp-json\/wp\/v2\/pages\/8566","targetHints":{"allow":["GET"]}}],"collection":[{"href":"https:\/\/dga.de\/fr\/wp-json\/wp\/v2\/pages"}],"about":[{"href":"https:\/\/dga.de\/fr\/wp-json\/wp\/v2\/types\/page"}],"author":[{"embeddable":true,"href":"https:\/\/dga.de\/fr\/wp-json\/wp\/v2\/users\/1"}],"replies":[{"embeddable":true,"href":"https:\/\/dga.de\/fr\/wp-json\/wp\/v2\/comments?post=8566"}],"version-history":[{"count":0,"href":"https:\/\/dga.de\/fr\/wp-json\/wp\/v2\/pages\/8566\/revisions"}],"wp:attachment":[{"href":"https:\/\/dga.de\/fr\/wp-json\/wp\/v2\/media?parent=8566"}],"curies":[{"name":"wp","href":"https:\/\/api.w.org\/{rel}","templated":true}]}}