{"id":10117,"date":"2019-12-05T10:38:14","date_gmt":"2019-12-05T09:38:14","guid":{"rendered":"https:\/\/dga.de\/produkt\/biguma-microtrenching-se\/"},"modified":"2024-02-20T10:54:48","modified_gmt":"2024-02-20T09:54:48","slug":"biguma-microtrenching-se","status":"publish","type":"product","link":"https:\/\/dga.de\/fr\/produkt\/biguma-microtrenching-se\/","title":{"rendered":"BIGUMA\u00ae- Microtrenching-SE"},"content":{"rendered":"<p>BIGUMA\u00ae- Microtrenching-SE est une masse de scellement bitumeuse d&rsquo;enrob\u00e9 d\u00e9velopp\u00e9e sp\u00e9cialement pour l&rsquo;obturation de chambres de coupe dans la couche de surface en enrob\u00e9, par exemple dans la r\u00e9alisation de nano\/micro-tranch\u00e9es. La combinaison particuli\u00e8re de polym\u00e8res de la masse BIGUMA\u00ae- Microtrenching-SE associ\u00e9e \u00e0 la courbe de granulom\u00e9trie sp\u00e9cialement \u00e9chelonn\u00e9e des mat\u00e9riaux min\u00e9raux r\u00e9pond aux exigences d&rsquo;une r\u00e9sistance \u00e9lev\u00e9e et d&rsquo;une absorption des mouvements suffisante dans la chambre de coupe ou de fraisage combl\u00e9e.<br \/>\nBIGUMA\u00ae -Microtrenching-SE permet ainsi aussi bien une praticabilit\u00e9 des chambres de coupe que l&rsquo;absorption durable des mouvements de l&rsquo;enrob\u00e9 li\u00e9s aux intemp\u00e9ries.<\/p>\n","protected":false},"excerpt":{"rendered":"<p>Masse de fissuration bitumeuse modifi\u00e9e par des polym\u00e8res pour l&rsquo;obturation des fissures et des chambres de coupe dans les surfaces en enrob\u00e9 dans le processus de micro-tranch\u00e9e (MT)<\/p>\n[fusion_global id=\"12385\"]\n","protected":false},"featured_media":11920,"comment_status":"closed","ping_status":"closed","template":"","meta":[],"product_brand":[],"product_cat":[945,955,956,954],"product_tag":[],"class_list":{"0":"post-10117","1":"product","2":"type-product","3":"status-publish","4":"has-post-thumbnail","6":"product_cat-strassenbau-fr","7":"product_cat-asphalt-fr","8":"product_cat-trenching-fr","9":"product_cat-verkehrsflaechen-fr","11":"first","12":"instock","13":"shipping-taxable","14":"product-type-simple"},"_links":{"self":[{"href":"https:\/\/dga.de\/fr\/wp-json\/wp\/v2\/product\/10117","targetHints":{"allow":["GET"]}}],"collection":[{"href":"https:\/\/dga.de\/fr\/wp-json\/wp\/v2\/product"}],"about":[{"href":"https:\/\/dga.de\/fr\/wp-json\/wp\/v2\/types\/product"}],"replies":[{"embeddable":true,"href":"https:\/\/dga.de\/fr\/wp-json\/wp\/v2\/comments?post=10117"}],"wp:featuredmedia":[{"embeddable":true,"href":"https:\/\/dga.de\/fr\/wp-json\/wp\/v2\/media\/11920"}],"wp:attachment":[{"href":"https:\/\/dga.de\/fr\/wp-json\/wp\/v2\/media?parent=10117"}],"wp:term":[{"taxonomy":"product_brand","embeddable":true,"href":"https:\/\/dga.de\/fr\/wp-json\/wp\/v2\/product_brand?post=10117"},{"taxonomy":"product_cat","embeddable":true,"href":"https:\/\/dga.de\/fr\/wp-json\/wp\/v2\/product_cat?post=10117"},{"taxonomy":"product_tag","embeddable":true,"href":"https:\/\/dga.de\/fr\/wp-json\/wp\/v2\/product_tag?post=10117"}],"curies":[{"name":"wp","href":"https:\/\/api.w.org\/{rel}","templated":true}]}}