{"id":10119,"date":"2019-12-05T07:36:10","date_gmt":"2019-12-05T06:36:10","guid":{"rendered":"https:\/\/dga.de\/produkt\/biguma-microtrenching-se-30\/"},"modified":"2024-02-20T11:00:07","modified_gmt":"2024-02-20T10:00:07","slug":"biguma-microtrenching-se-30","status":"publish","type":"product","link":"https:\/\/dga.de\/fr\/produkt\/biguma-microtrenching-se-30\/","title":{"rendered":"BIGUMA\u00ae- Microtrenching-SE 30"},"content":{"rendered":"<p>BIGUMA\u00ae- Microtrenching-SE 30 est une masse de remplissage pour chambre de coupe modifi\u00e9e par des polym\u00e8res, sp\u00e9cialement d\u00e9velopp\u00e9e pour l&rsquo;obturation des chambres de 8 \u00e0 30 mm dans les couches de surface en enrob\u00e9 au cours du processus de micro-tranch\u00e9e (processus MT). Elle est \u00e9galement utilis\u00e9e pour r\u00e9parer les raccords endommag\u00e9s, les joints et les fissures b\u00e9antes. La combinaison particuli\u00e8re de polym\u00e8res de la masse BIGUMA\u00ae- Microtrenching-SE 30, associ\u00e9e aux agr\u00e9gats anorganiques et organiques, r\u00e9pond aux exigences d&rsquo;une r\u00e9sistance \u00e9lev\u00e9e et d&rsquo;une absorption des mouvements suffisante dans la chambre de coupe combl\u00e9e.<br \/>\nBIGUMA\u00ae- Microtrenching-SE 30 permet ainsi aussi bien une praticabilit\u00e9 des chambres de coupe que l&rsquo;absorption durable des mouvements de l&rsquo;enrob\u00e9 li\u00e9s aux intemp\u00e9ries.<\/p>\n","protected":false},"excerpt":{"rendered":"<p>Masse de fissuration bitumeuse modifi\u00e9e par des polym\u00e8res pour l&rsquo;obturation des fissures et des chambres de coupe dans les surfaces en enrob\u00e9 dans le processus de micro-tranch\u00e9e (MT)<\/p>\n[fusion_global id=\"12385\"]\n","protected":false},"featured_media":11949,"comment_status":"closed","ping_status":"closed","template":"","meta":[],"product_brand":[],"product_cat":[945,955,956,954],"product_tag":[],"class_list":{"0":"post-10119","1":"product","2":"type-product","3":"status-publish","4":"has-post-thumbnail","6":"product_cat-strassenbau-fr","7":"product_cat-asphalt-fr","8":"product_cat-trenching-fr","9":"product_cat-verkehrsflaechen-fr","11":"first","12":"instock","13":"shipping-taxable","14":"product-type-simple"},"_links":{"self":[{"href":"https:\/\/dga.de\/fr\/wp-json\/wp\/v2\/product\/10119","targetHints":{"allow":["GET"]}}],"collection":[{"href":"https:\/\/dga.de\/fr\/wp-json\/wp\/v2\/product"}],"about":[{"href":"https:\/\/dga.de\/fr\/wp-json\/wp\/v2\/types\/product"}],"replies":[{"embeddable":true,"href":"https:\/\/dga.de\/fr\/wp-json\/wp\/v2\/comments?post=10119"}],"wp:featuredmedia":[{"embeddable":true,"href":"https:\/\/dga.de\/fr\/wp-json\/wp\/v2\/media\/11949"}],"wp:attachment":[{"href":"https:\/\/dga.de\/fr\/wp-json\/wp\/v2\/media?parent=10119"}],"wp:term":[{"taxonomy":"product_brand","embeddable":true,"href":"https:\/\/dga.de\/fr\/wp-json\/wp\/v2\/product_brand?post=10119"},{"taxonomy":"product_cat","embeddable":true,"href":"https:\/\/dga.de\/fr\/wp-json\/wp\/v2\/product_cat?post=10119"},{"taxonomy":"product_tag","embeddable":true,"href":"https:\/\/dga.de\/fr\/wp-json\/wp\/v2\/product_tag?post=10119"}],"curies":[{"name":"wp","href":"https:\/\/api.w.org\/{rel}","templated":true}]}}