{"id":10164,"date":"2019-03-26T11:49:31","date_gmt":"2019-03-26T10:49:31","guid":{"rendered":"https:\/\/dga.de\/produkt\/biguma-emulsion-pmb-70-rep\/"},"modified":"2026-02-24T10:52:33","modified_gmt":"2026-02-24T09:52:33","slug":"biguma-emulsion-pmb-70-rep","status":"publish","type":"product","link":"https:\/\/dga.de\/fr\/produkt\/biguma-emulsion-pmb-70-rep\/","title":{"rendered":"BIGUMA\u00ae- Emulsion PMB 70 REP"},"content":{"rendered":"<p>BIGUMA\u00ae- Emulsion PMB 70 REP est utilis\u00e9e pour le proc\u00e9d\u00e9 de r\u00e9paration par \u00ab grenaillage et sablage \u00bb selon ZTV BEA-StB 09\/13. Durch unsere spezielle Polymermodifizierung erreicht BIGUMA\u00ae- Emulsion PMB 70 REP dispose d&rsquo;une r\u00e9sistance accrue et convient donc \u00e9galement aux exigences \u00e9lev\u00e9es.<br \/>\nBIGUMA\u00ae-\u00a0Emulsion PMB 70 REP est certifi\u00e9e comme \u00e9mulsion de bitume cationique C67B3-REP selon le cadre national TL BE-StB 15 et la norme europ\u00e9enne harmonis\u00e9e DIN EN 13808.<\/p>\n","protected":false},"excerpt":{"rendered":"<p>\u00c9mulsion bitumeuse pour le proc\u00e9d\u00e9 d&rsquo;entretien \u00ab grenaillage et sablage \u00bb<\/p>\n[fusion_global id=\"12385\"]\n","protected":false},"featured_media":19050,"comment_status":"closed","ping_status":"closed","template":"","meta":[],"product_brand":[],"product_cat":[957,958],"product_tag":[],"class_list":{"0":"post-10164","1":"product","2":"type-product","3":"status-publish","4":"has-post-thumbnail","6":"product_cat-emulsion-fr","7":"product_cat-instandhaltung-oberflaechenbehandlung-fr","9":"first","10":"instock","11":"product-type-simple"},"_links":{"self":[{"href":"https:\/\/dga.de\/fr\/wp-json\/wp\/v2\/product\/10164","targetHints":{"allow":["GET"]}}],"collection":[{"href":"https:\/\/dga.de\/fr\/wp-json\/wp\/v2\/product"}],"about":[{"href":"https:\/\/dga.de\/fr\/wp-json\/wp\/v2\/types\/product"}],"replies":[{"embeddable":true,"href":"https:\/\/dga.de\/fr\/wp-json\/wp\/v2\/comments?post=10164"}],"wp:featuredmedia":[{"embeddable":true,"href":"https:\/\/dga.de\/fr\/wp-json\/wp\/v2\/media\/19050"}],"wp:attachment":[{"href":"https:\/\/dga.de\/fr\/wp-json\/wp\/v2\/media?parent=10164"}],"wp:term":[{"taxonomy":"product_brand","embeddable":true,"href":"https:\/\/dga.de\/fr\/wp-json\/wp\/v2\/product_brand?post=10164"},{"taxonomy":"product_cat","embeddable":true,"href":"https:\/\/dga.de\/fr\/wp-json\/wp\/v2\/product_cat?post=10164"},{"taxonomy":"product_tag","embeddable":true,"href":"https:\/\/dga.de\/fr\/wp-json\/wp\/v2\/product_tag?post=10164"}],"curies":[{"name":"wp","href":"https:\/\/api.w.org\/{rel}","templated":true}]}}