{"id":10237,"date":"2020-12-15T12:48:30","date_gmt":"2020-12-15T11:48:32","guid":{"rendered":"https:\/\/dga.de\/?post_type=product&#038;p=10237"},"modified":"2023-03-21T09:04:57","modified_gmt":"2023-03-21T08:04:57","slug":"dobau-spachtelmasse-l","status":"publish","type":"product","link":"https:\/\/dga.de\/fr\/produkt\/dobau-spachtelmasse-l\/","title":{"rendered":"DOBAU\u00ae- Spachtelmasse L"},"content":{"rendered":"<p>DOBAU\u00ae- Spachtelmasse L est une masse d\u2019\u00e9tanch\u00e9it\u00e9 bitumineuse p\u00e2teuse renforc\u00e9e par des fibres, \u00e0 base de bitume et de solvant et est utilis\u00e9 pour r\u00e9parer et \u00e9tancher les d\u00e9fauts sur les membranes de toiture en bitume, ainsi que sur les p\u00e9n\u00e9trations, les connexions, etc. La masse adh\u00e8re bien aux supports min\u00e9raux (b\u00e9ton, ma\u00e7onnerie, pl\u00e2tre). DOBAU\u00ae- Spachtelmasse L est pr\u00eat \u00e0 l&#8217;emploi et donc particuli\u00e8rement facile \u00e0 mettre en \u0153uvre.<\/p>\n","protected":false},"excerpt":{"rendered":"<p>Masse de bitume fibreuse avec la DOBAU\u00ae- Duotechnologie<\/p>\n","protected":false},"featured_media":10244,"comment_status":"closed","ping_status":"closed","template":"","meta":[],"product_brand":[],"product_cat":[966],"product_tag":[970],"class_list":{"0":"post-10237","1":"product","2":"type-product","3":"status-publish","4":"has-post-thumbnail","6":"product_cat-bautenschutz-fr","7":"product_tag-abdichtung-spaltabdichtung-abdichten-verkleben-schuetzen-fr","9":"first","10":"instock","11":"product-type-simple"},"_links":{"self":[{"href":"https:\/\/dga.de\/fr\/wp-json\/wp\/v2\/product\/10237","targetHints":{"allow":["GET"]}}],"collection":[{"href":"https:\/\/dga.de\/fr\/wp-json\/wp\/v2\/product"}],"about":[{"href":"https:\/\/dga.de\/fr\/wp-json\/wp\/v2\/types\/product"}],"replies":[{"embeddable":true,"href":"https:\/\/dga.de\/fr\/wp-json\/wp\/v2\/comments?post=10237"}],"wp:featuredmedia":[{"embeddable":true,"href":"https:\/\/dga.de\/fr\/wp-json\/wp\/v2\/media\/10244"}],"wp:attachment":[{"href":"https:\/\/dga.de\/fr\/wp-json\/wp\/v2\/media?parent=10237"}],"wp:term":[{"taxonomy":"product_brand","embeddable":true,"href":"https:\/\/dga.de\/fr\/wp-json\/wp\/v2\/product_brand?post=10237"},{"taxonomy":"product_cat","embeddable":true,"href":"https:\/\/dga.de\/fr\/wp-json\/wp\/v2\/product_cat?post=10237"},{"taxonomy":"product_tag","embeddable":true,"href":"https:\/\/dga.de\/fr\/wp-json\/wp\/v2\/product_tag?post=10237"}],"curies":[{"name":"wp","href":"https:\/\/api.w.org\/{rel}","templated":true}]}}