{"id":14517,"date":"2021-07-28T14:03:25","date_gmt":"2021-07-28T12:03:25","guid":{"rendered":"https:\/\/dga.de\/?post_type=product&#038;p=14517"},"modified":"2022-04-21T12:17:15","modified_gmt":"2022-04-21T10:17:15","slug":"biguma-c-cs","status":"publish","type":"product","link":"https:\/\/dga.de\/fr\/produkt\/biguma-c-cs\/","title":{"rendered":"BIGUMA\u00ae- C-CS"},"content":{"rendered":"<p>BIGUMA\u00ae- C-CS est une masse de r\u00e9paration applicable \u00e0 froid, hautement \u00e9lastique, modifi\u00e9e par des mati\u00e8res synth\u00e9tiques et destin\u00e9e \u00e0 la r\u00e9paration de fissures et de joints dans les routes en asphalte et les rev\u00eatements routiers. BIGUMA\u00ae- C-CS p\u00e9n\u00e8tre bien dans des fissures de plus de 2 mm de large et forme apr\u00e8s s\u00e9chage une masse de scellement \u00e9lastique pour fissures longitudinales et transversales dans des zones de circulation. BIGUMA\u00ae- C-CS est une \u00e9mulsion d&rsquo;asphalte particuli\u00e8re modifi\u00e9e et forme, apr\u00e8s s\u00e9chage \u00e0 c\u0153ur, une obturation \u00e9tirable et \u00e9lastique pour fissures et prot\u00e8ge ainsi de la p\u00e9n\u00e9tration d&rsquo;eau de surface.<\/p>\n","protected":false},"excerpt":{"rendered":"<p>Masse de fissuration bitumeuse modifi\u00e9e par des polym\u00e8res, applicable \u00e0 froid<\/p>\n[fusion_global id=\"12385\"]\n","protected":false},"featured_media":14506,"comment_status":"closed","ping_status":"closed","template":"","meta":[],"product_brand":[],"product_cat":[1005],"product_tag":[969],"class_list":{"0":"post-14517","1":"product","2":"type-product","3":"status-publish","4":"has-post-thumbnail","6":"product_cat-risssanierung-fr","7":"product_tag-bitumendickbeschichtung-kellerabdichtung-aussenabdichtung-abdichten-fr","9":"first","10":"instock","11":"product-type-simple"},"_links":{"self":[{"href":"https:\/\/dga.de\/fr\/wp-json\/wp\/v2\/product\/14517","targetHints":{"allow":["GET"]}}],"collection":[{"href":"https:\/\/dga.de\/fr\/wp-json\/wp\/v2\/product"}],"about":[{"href":"https:\/\/dga.de\/fr\/wp-json\/wp\/v2\/types\/product"}],"replies":[{"embeddable":true,"href":"https:\/\/dga.de\/fr\/wp-json\/wp\/v2\/comments?post=14517"}],"wp:featuredmedia":[{"embeddable":true,"href":"https:\/\/dga.de\/fr\/wp-json\/wp\/v2\/media\/14506"}],"wp:attachment":[{"href":"https:\/\/dga.de\/fr\/wp-json\/wp\/v2\/media?parent=14517"}],"wp:term":[{"taxonomy":"product_brand","embeddable":true,"href":"https:\/\/dga.de\/fr\/wp-json\/wp\/v2\/product_brand?post=14517"},{"taxonomy":"product_cat","embeddable":true,"href":"https:\/\/dga.de\/fr\/wp-json\/wp\/v2\/product_cat?post=14517"},{"taxonomy":"product_tag","embeddable":true,"href":"https:\/\/dga.de\/fr\/wp-json\/wp\/v2\/product_tag?post=14517"}],"curies":[{"name":"wp","href":"https:\/\/api.w.org\/{rel}","templated":true}]}}