{"id":17942,"date":"2022-09-23T11:48:00","date_gmt":"2022-09-23T09:48:00","guid":{"rendered":"https:\/\/dga.de\/produkt\/colzuphalt\/"},"modified":"2026-03-26T08:59:59","modified_gmt":"2026-03-26T07:59:59","slug":"colzuphalt","status":"publish","type":"product","link":"https:\/\/dga.de\/fr\/produkt\/colzuphalt\/","title":{"rendered":"Additif Colzuphalt\u00ae"},"content":{"rendered":"<p>Colzuphalt\u00ae est un additif r\u00e9actif tensioactif multifonction destin\u00e9 aux enrob\u00e9s roul\u00e9s et coul\u00e9s. Il agit d\u2019abord comme agent mouillant afin d\u2019enrober de mani\u00e8re optimale les min\u00e9raux avec le liant. Cet effet entra\u00eene une r\u00e9duction significative de la temp\u00e9rature de mise en \u0153uvre des enrob\u00e9s, dans certains cas jusqu\u2019\u00e0 30 \u00b0C.<\/p>\n<p>Au cours du processus de mise en \u0153uvre du m\u00e9lange bitumineux, Colzuphalt\u00ae devient un agent d\u2019adh\u00e9rence hautement efficace. L\u2019adh\u00e9sion entre le liant et les granulats est ainsi durablement am\u00e9lior\u00e9e.<\/p>\n<p>L\u2019asphalte \u00e0 basse temp\u00e9rature r\u00e9alis\u00e9 avec Colzuphalt\u00ae offre d\u2019importants avantages en mati\u00e8re de s\u00e9curit\u00e9 du travail et de protection de l\u2019environnement. Il permet \u00e9galement de r\u00e9duire la concentration de vapeurs et d\u2019a\u00e9rosols.<\/p>\n<p>De plus, l\u2019abaissement de la temp\u00e9rature de l\u2019asphalte permet d\u2019\u00e9conomiser de l\u2019\u00e9nergie, ce qui entra\u00eene \u00e9galement une r\u00e9duction des \u00e9missions de CO2. Les \u00e9conomies d\u2019\u00e9nergie am\u00e9liorent le bilan \u00e9nerg\u00e9tique global et contribuent \u00e0 la protection du climat.<\/p>\n<p>L\u2019utilisation de Colzuphalt\u00ae est \u00e9prouv\u00e9e depuis des ann\u00e9es sur de nombreuses infrastructures routi\u00e8res fortement sollicit\u00e9es. En t\u00e9moigne par ailleurs le fait que Colzuphalt\u00ae est r\u00e9pertori\u00e9 par la Bundesanstalt f\u00fcr Stra\u00dfen- und Verkehrswesen (BASt) [Institut f\u00e9d\u00e9ral allemand des routes et des transports] car ce produit a \u00e9t\u00e9 reconnu efficace en termes de r\u00e9duction de temp\u00e9rature des enrob\u00e9s roul\u00e9s (voir \u00ab Erfahrungssammlung \u00fcber die Verwendung von Fertigprodukten und Zus\u00e4tzen zur Temperaturabsenkung von Asphalt \u00bb [Recueil d\u2019exp\u00e9riences sur l\u2019utilisation de produits pr\u00eats \u00e0 l\u2019emploi et additifs destin\u00e9s \u00e0 l\u2019abaissement de la temp\u00e9rature des enrob\u00e9s], (BASt).<\/p>\n","protected":false},"excerpt":{"rendered":"<p>Additif r\u00e9actif de surface pour abaisser la temp\u00e9rature de pose des enrob\u00e9s bitumineux (asphalte basse temp\u00e9rature)<\/p>\n[fusion_global id=\"12385\"]\n","protected":false},"featured_media":21662,"comment_status":"closed","ping_status":"closed","template":"","meta":[],"product_brand":[],"product_cat":[948],"product_tag":[],"class_list":{"0":"post-17942","1":"product","2":"type-product","3":"status-publish","4":"has-post-thumbnail","6":"product_cat-zusatzprodukte-fr","8":"first","9":"instock","10":"shipping-taxable","11":"product-type-simple"},"_links":{"self":[{"href":"https:\/\/dga.de\/fr\/wp-json\/wp\/v2\/product\/17942","targetHints":{"allow":["GET"]}}],"collection":[{"href":"https:\/\/dga.de\/fr\/wp-json\/wp\/v2\/product"}],"about":[{"href":"https:\/\/dga.de\/fr\/wp-json\/wp\/v2\/types\/product"}],"replies":[{"embeddable":true,"href":"https:\/\/dga.de\/fr\/wp-json\/wp\/v2\/comments?post=17942"}],"wp:featuredmedia":[{"embeddable":true,"href":"https:\/\/dga.de\/fr\/wp-json\/wp\/v2\/media\/21662"}],"wp:attachment":[{"href":"https:\/\/dga.de\/fr\/wp-json\/wp\/v2\/media?parent=17942"}],"wp:term":[{"taxonomy":"product_brand","embeddable":true,"href":"https:\/\/dga.de\/fr\/wp-json\/wp\/v2\/product_brand?post=17942"},{"taxonomy":"product_cat","embeddable":true,"href":"https:\/\/dga.de\/fr\/wp-json\/wp\/v2\/product_cat?post=17942"},{"taxonomy":"product_tag","embeddable":true,"href":"https:\/\/dga.de\/fr\/wp-json\/wp\/v2\/product_tag?post=17942"}],"curies":[{"name":"wp","href":"https:\/\/api.w.org\/{rel}","templated":true}]}}