{"id":19362,"date":"2023-08-14T09:02:38","date_gmt":"2023-08-14T07:02:38","guid":{"rendered":"https:\/\/dga.de\/produkt\/colzumix-vpd\/"},"modified":"2023-08-14T11:50:28","modified_gmt":"2023-08-14T09:50:28","slug":"colzumix-vpd","status":"publish","type":"product","link":"https:\/\/dga.de\/fr\/produkt\/colzumix-vpd\/","title":{"rendered":"COLZUMIX\u00ae- VPD"},"content":{"rendered":"<p>COLZUMIX\u00ae- VPD est une couche de fond (primer) incolore \u00e0 jaun\u00e2tre, contenant des mati\u00e8res plastiques, pour le syst\u00e8me d&rsquo;\u00e9tanch\u00e9it\u00e9 de joints BIGUMA\u00ae- VPD. Il se caract\u00e9rise par un bon pouvoir adh\u00e9sif sur pratiquement tous les supports ainsi que par une forte p\u00e9n\u00e9tration de la poussi\u00e8re. Gr\u00e2ce \u00e0 sa consistance fluide, COLZUMIX\u00ae- VPD est particuli\u00e8rement facile \u00e0 mettre en \u0153uvre.<\/p>\n","protected":false},"excerpt":{"rendered":"<p>Enduit d\u2018appr\u00eat pour le syst\u00e8me d\u2018\u00e9tanch\u00e9it\u00e9 des joints BIGUMA\u00ae- VPD<\/p>\n[fusion_global id=\"12385\"]\n","protected":false},"featured_media":19367,"comment_status":"closed","ping_status":"closed","template":"","meta":[],"product_brand":[],"product_cat":[945,991],"product_tag":[],"class_list":{"0":"post-19362","1":"product","2":"type-product","3":"status-publish","4":"has-post-thumbnail","6":"product_cat-strassenbau-fr","7":"product_cat-systemprodukte-strassenbau-2-fr","9":"first","10":"instock","11":"shipping-taxable","12":"product-type-simple"},"_links":{"self":[{"href":"https:\/\/dga.de\/fr\/wp-json\/wp\/v2\/product\/19362","targetHints":{"allow":["GET"]}}],"collection":[{"href":"https:\/\/dga.de\/fr\/wp-json\/wp\/v2\/product"}],"about":[{"href":"https:\/\/dga.de\/fr\/wp-json\/wp\/v2\/types\/product"}],"replies":[{"embeddable":true,"href":"https:\/\/dga.de\/fr\/wp-json\/wp\/v2\/comments?post=19362"}],"wp:featuredmedia":[{"embeddable":true,"href":"https:\/\/dga.de\/fr\/wp-json\/wp\/v2\/media\/19367"}],"wp:attachment":[{"href":"https:\/\/dga.de\/fr\/wp-json\/wp\/v2\/media?parent=19362"}],"wp:term":[{"taxonomy":"product_brand","embeddable":true,"href":"https:\/\/dga.de\/fr\/wp-json\/wp\/v2\/product_brand?post=19362"},{"taxonomy":"product_cat","embeddable":true,"href":"https:\/\/dga.de\/fr\/wp-json\/wp\/v2\/product_cat?post=19362"},{"taxonomy":"product_tag","embeddable":true,"href":"https:\/\/dga.de\/fr\/wp-json\/wp\/v2\/product_tag?post=19362"}],"curies":[{"name":"wp","href":"https:\/\/api.w.org\/{rel}","templated":true}]}}