{"id":19741,"date":"2023-08-24T13:54:33","date_gmt":"2023-08-24T11:54:33","guid":{"rendered":"https:\/\/dga.de\/produkt\/biguma-bordsteinfugenkitt\/"},"modified":"2023-09-06T09:47:11","modified_gmt":"2023-09-06T07:47:11","slug":"biguma-bordsteinfugenkitt","status":"publish","type":"product","link":"https:\/\/dga.de\/fr\/produkt\/biguma-bordsteinfugenkitt\/","title":{"rendered":"BIGUMA\u00ae- Bordsteinfugenkitt"},"content":{"rendered":"<p>Le BIGUMA\u00ae- Bordsteinfugenkitt est utilis\u00e9 de pr\u00e9f\u00e9rence pour remplir les joints de liaison lors de la pose de bordures ainsi que pour le scellement de marches \u00e0 base de pi\u00e8ces pr\u00e9fabriqu\u00e9es en b\u00e9ton, par exemple lors de la construction de tribunes sur des installations sportives. Gr\u00e2ce \u00e0 ses propri\u00e9t\u00e9s sp\u00e9ciales, le BIGUMA\u00ae- Bordsteinfugenkitt est en mesure d&rsquo;\u00e9liminer sans dommage les tensions entre les \u00e9l\u00e9ments de construction provoqu\u00e9es par l&rsquo;affaissement du sol ou les changements de temp\u00e9rature.<\/p>\n","protected":false},"excerpt":{"rendered":"<p>Mastic bitumineux monocomposant, plastique, contenant des solvants, applicable \u00e0 froid par spatule<\/p>\n[fusion_global id=\"12385\"]\n","protected":false},"featured_media":22995,"comment_status":"closed","ping_status":"closed","template":"","meta":[],"product_brand":[],"product_cat":[945,948],"product_tag":[],"class_list":{"0":"post-19741","1":"product","2":"type-product","3":"status-publish","4":"has-post-thumbnail","6":"product_cat-strassenbau-fr","7":"product_cat-zusatzprodukte-fr","9":"first","10":"instock","11":"shipping-taxable","12":"product-type-simple"},"_links":{"self":[{"href":"https:\/\/dga.de\/fr\/wp-json\/wp\/v2\/product\/19741","targetHints":{"allow":["GET"]}}],"collection":[{"href":"https:\/\/dga.de\/fr\/wp-json\/wp\/v2\/product"}],"about":[{"href":"https:\/\/dga.de\/fr\/wp-json\/wp\/v2\/types\/product"}],"replies":[{"embeddable":true,"href":"https:\/\/dga.de\/fr\/wp-json\/wp\/v2\/comments?post=19741"}],"wp:featuredmedia":[{"embeddable":true,"href":"https:\/\/dga.de\/fr\/wp-json\/wp\/v2\/media\/22995"}],"wp:attachment":[{"href":"https:\/\/dga.de\/fr\/wp-json\/wp\/v2\/media?parent=19741"}],"wp:term":[{"taxonomy":"product_brand","embeddable":true,"href":"https:\/\/dga.de\/fr\/wp-json\/wp\/v2\/product_brand?post=19741"},{"taxonomy":"product_cat","embeddable":true,"href":"https:\/\/dga.de\/fr\/wp-json\/wp\/v2\/product_cat?post=19741"},{"taxonomy":"product_tag","embeddable":true,"href":"https:\/\/dga.de\/fr\/wp-json\/wp\/v2\/product_tag?post=19741"}],"curies":[{"name":"wp","href":"https:\/\/api.w.org\/{rel}","templated":true}]}}