{"id":22094,"date":"2025-03-18T09:35:20","date_gmt":"2025-03-18T08:35:20","guid":{"rendered":"https:\/\/dga.de\/produkt\/biguma-grano-ma\/"},"modified":"2025-03-18T15:50:45","modified_gmt":"2025-03-18T14:50:45","slug":"biguma-grano-ma","status":"publish","type":"product","link":"https:\/\/dga.de\/fr\/produkt\/biguma-grano-ma\/","title":{"rendered":"BIGUMA\u00ae- GRANO MA"},"content":{"rendered":"<p>Avez-vous besoin d&rsquo;un produit pour r\u00e9parer rapidement et \u00e0 moindre co\u00fbt les dommages caus\u00e9s \u00e0 la route, tels que les fissures, les nids-de-poule et les creux ? BIGUMA\u00ae-GRANO MA est LA solution id\u00e9ale ! Son conditionnement en granul\u00e9s permet un dosage simple et pr\u00e9cis pour l&rsquo;application concern\u00e9e. De plus, les granul\u00e9s sont particuli\u00e8rement faciles \u00e0 fondre, de sorte qu&rsquo;ils peuvent \u00e9galement \u00eatre install\u00e9s directement dans la zone endommag\u00e9e \u00e0 l&rsquo;aide d&rsquo;un enduit\/br\u00fbleur. Une stabilit\u00e9 satisfaisante est assur\u00e9e pour des \u00e9paisseurs d&rsquo;application allant jusqu&rsquo;\u00e0 40 mm.<\/p>\n","protected":false},"excerpt":{"rendered":"<p>Asphalte coul\u00e9 en granul\u00e9s conform\u00e9ment \u00e0 la norme allemande TL Asphalt-StB et la norme DIN EN 13108-6<\/p>\n","protected":false},"featured_media":22747,"comment_status":"closed","ping_status":"closed","template":"","meta":[],"product_brand":[],"product_cat":[985],"product_tag":[],"class_list":{"0":"post-22094","1":"product","2":"type-product","3":"status-publish","4":"has-post-thumbnail","6":"product_cat-sanierungs-demarkierungsmassen-fr","8":"first","9":"instock","10":"shipping-taxable","11":"product-type-simple"},"_links":{"self":[{"href":"https:\/\/dga.de\/fr\/wp-json\/wp\/v2\/product\/22094","targetHints":{"allow":["GET"]}}],"collection":[{"href":"https:\/\/dga.de\/fr\/wp-json\/wp\/v2\/product"}],"about":[{"href":"https:\/\/dga.de\/fr\/wp-json\/wp\/v2\/types\/product"}],"replies":[{"embeddable":true,"href":"https:\/\/dga.de\/fr\/wp-json\/wp\/v2\/comments?post=22094"}],"wp:featuredmedia":[{"embeddable":true,"href":"https:\/\/dga.de\/fr\/wp-json\/wp\/v2\/media\/22747"}],"wp:attachment":[{"href":"https:\/\/dga.de\/fr\/wp-json\/wp\/v2\/media?parent=22094"}],"wp:term":[{"taxonomy":"product_brand","embeddable":true,"href":"https:\/\/dga.de\/fr\/wp-json\/wp\/v2\/product_brand?post=22094"},{"taxonomy":"product_cat","embeddable":true,"href":"https:\/\/dga.de\/fr\/wp-json\/wp\/v2\/product_cat?post=22094"},{"taxonomy":"product_tag","embeddable":true,"href":"https:\/\/dga.de\/fr\/wp-json\/wp\/v2\/product_tag?post=22094"}],"curies":[{"name":"wp","href":"https:\/\/api.w.org\/{rel}","templated":true}]}}