{"id":22144,"date":"2025-03-18T15:04:16","date_gmt":"2025-03-18T14:04:16","guid":{"rendered":"https:\/\/dga.de\/produkt\/biguma-gussasphalt-reparaturmassen\/"},"modified":"2025-03-18T15:46:59","modified_gmt":"2025-03-18T14:46:59","slug":"biguma-gussasphalt-reparaturmassen","status":"publish","type":"product","link":"https:\/\/dga.de\/fr\/produkt\/biguma-gussasphalt-reparaturmassen\/","title":{"rendered":"BIGUMA\u00ae- Gussasphalt Reparaturmassen"},"content":{"rendered":"<p>BIGUMA\u00ae- Gussasphalt Reparaturmassen conviennent \u00e0 de nombreux domaines d&rsquo;application dans la construction de routes et le g\u00e9nie civil. En raison de leur conception dense, les BIGUMA\u00ae- Gussasphalt Reparaturmassen sont adapt\u00e9es \u00e0 la fois \u00e0 la couche de roulement dans la construction de routes et aux couches de protection et de roulement sur les chantiers de g\u00e9nie civil. Les BIGUMA\u00ae- Gussasphalt Reparaturmassen ne n\u00e9cessitent pas de compactage et peuvent donc \u00eatre utilis\u00e9es notamment pour r\u00e9parer des dommages m\u00e9caniques ou de petits \u00e9clatements dans la couche de roulement.<\/p>\n","protected":false},"excerpt":{"rendered":"<p>Asphalte coul\u00e9\/mastic selon la norme DIN EN 13108-6 et TL Asphalt-StB<\/p>\n","protected":false},"featured_media":22153,"comment_status":"closed","ping_status":"closed","template":"","meta":[],"product_brand":[],"product_cat":[990],"product_tag":[],"class_list":{"0":"post-22144","1":"product","2":"type-product","3":"status-publish","4":"has-post-thumbnail","6":"product_cat-kaltasphalt-und-reparaturmassen-fr","8":"first","9":"instock","10":"shipping-taxable","11":"product-type-simple"},"_links":{"self":[{"href":"https:\/\/dga.de\/fr\/wp-json\/wp\/v2\/product\/22144","targetHints":{"allow":["GET"]}}],"collection":[{"href":"https:\/\/dga.de\/fr\/wp-json\/wp\/v2\/product"}],"about":[{"href":"https:\/\/dga.de\/fr\/wp-json\/wp\/v2\/types\/product"}],"replies":[{"embeddable":true,"href":"https:\/\/dga.de\/fr\/wp-json\/wp\/v2\/comments?post=22144"}],"wp:featuredmedia":[{"embeddable":true,"href":"https:\/\/dga.de\/fr\/wp-json\/wp\/v2\/media\/22153"}],"wp:attachment":[{"href":"https:\/\/dga.de\/fr\/wp-json\/wp\/v2\/media?parent=22144"}],"wp:term":[{"taxonomy":"product_brand","embeddable":true,"href":"https:\/\/dga.de\/fr\/wp-json\/wp\/v2\/product_brand?post=22144"},{"taxonomy":"product_cat","embeddable":true,"href":"https:\/\/dga.de\/fr\/wp-json\/wp\/v2\/product_cat?post=22144"},{"taxonomy":"product_tag","embeddable":true,"href":"https:\/\/dga.de\/fr\/wp-json\/wp\/v2\/product_tag?post=22144"}],"curies":[{"name":"wp","href":"https:\/\/api.w.org\/{rel}","templated":true}]}}