{"id":22494,"date":"2025-04-14T09:49:10","date_gmt":"2025-04-14T07:49:10","guid":{"rendered":"https:\/\/dga.de\/produkt\/biguma-additiv-w\/"},"modified":"2025-04-14T14:06:24","modified_gmt":"2025-04-14T12:06:24","slug":"biguma-additiv-w","status":"publish","type":"product","link":"https:\/\/dga.de\/fr\/produkt\/biguma-additiv-w\/","title":{"rendered":"BIGUMA\u00ae- Additiv W"},"content":{"rendered":"<p>BIGUMA\u00ae- Additiv W sert \u00e0 optimiser les propri\u00e9t\u00e9s d\u2018utilisation du produit de scellement pour palplanches par des temp\u00e9ratures ext\u00e9rieures basses. BIGUMA\u00ae- Additiv W am\u00e9liore la plasticit\u00e9 et la flexibilit\u00e9 de la masse de scellement, si bien que m\u00eame par des temp\u00e9ratures ext\u00e9rieures en dessous de 0 \u00b0C l\u2018insertion des palplanches scell\u00e9es a lieu sans probl\u00e8me.<\/p>\n","protected":false},"excerpt":{"rendered":"<p>Additif pour optimiser les propri\u00e9t\u00e9s d\u2018utilisation du produit de scellement pour palplanches<\/p>\n[fusion_global id=\"12385\"]\n","protected":false},"featured_media":22489,"comment_status":"closed","ping_status":"closed","template":"","meta":[],"product_brand":[],"product_cat":[1132],"product_tag":[],"class_list":{"0":"post-22494","1":"product","2":"type-product","3":"status-publish","4":"has-post-thumbnail","6":"product_cat-palplanches-coulee-de-serrure","8":"first","9":"instock","10":"shipping-taxable","11":"product-type-simple"},"_links":{"self":[{"href":"https:\/\/dga.de\/fr\/wp-json\/wp\/v2\/product\/22494","targetHints":{"allow":["GET"]}}],"collection":[{"href":"https:\/\/dga.de\/fr\/wp-json\/wp\/v2\/product"}],"about":[{"href":"https:\/\/dga.de\/fr\/wp-json\/wp\/v2\/types\/product"}],"replies":[{"embeddable":true,"href":"https:\/\/dga.de\/fr\/wp-json\/wp\/v2\/comments?post=22494"}],"wp:featuredmedia":[{"embeddable":true,"href":"https:\/\/dga.de\/fr\/wp-json\/wp\/v2\/media\/22489"}],"wp:attachment":[{"href":"https:\/\/dga.de\/fr\/wp-json\/wp\/v2\/media?parent=22494"}],"wp:term":[{"taxonomy":"product_brand","embeddable":true,"href":"https:\/\/dga.de\/fr\/wp-json\/wp\/v2\/product_brand?post=22494"},{"taxonomy":"product_cat","embeddable":true,"href":"https:\/\/dga.de\/fr\/wp-json\/wp\/v2\/product_cat?post=22494"},{"taxonomy":"product_tag","embeddable":true,"href":"https:\/\/dga.de\/fr\/wp-json\/wp\/v2\/product_tag?post=22494"}],"curies":[{"name":"wp","href":"https:\/\/api.w.org\/{rel}","templated":true}]}}