{"id":22570,"date":"2025-04-29T08:46:40","date_gmt":"2025-04-29T06:46:40","guid":{"rendered":"https:\/\/dga.de\/produkt\/biguma-cs-tape\/"},"modified":"2025-04-30T08:13:47","modified_gmt":"2025-04-30T06:13:47","slug":"biguma-cs-tape","status":"publish","type":"product","link":"https:\/\/dga.de\/fr\/produkt\/biguma-cs-tape\/","title":{"rendered":"BIGUMA\u00ae- CS Tape"},"content":{"rendered":"<p>BIGUMA\u00ae- CS Tape est utilis\u00e9 pour le scellement des joints ouverts et des fissures jusqu\u2019\u00e0 3 mm de largeur dans la construction de routes en asphalte. La bande recouvre la zone du joint ou de la fissure et emp\u00eache efficacement la p\u00e9n\u00e9tration de l\u2019eau de surface.<br \/>\nBIGUMA\u00ae- CS Tape est utilis\u00e9 de pr\u00e9f\u00e9rence pour les routes secondaires dans la construction de rue\/routes communales ainsi que pour les voies pi\u00e9tonnes et les pistes cyclables.<\/p>\n","protected":false},"excerpt":{"rendered":"<p>Bande d\u2019\u00e9tanch\u00e9it\u00e9 en bitume polym\u00e8re<\/p>\n","protected":false},"featured_media":22562,"comment_status":"closed","ping_status":"closed","template":"","meta":[],"product_brand":[],"product_cat":[996,945,955,954],"product_tag":[],"class_list":{"0":"post-22570","1":"product","2":"type-product","3":"status-publish","4":"has-post-thumbnail","6":"product_cat-baender-fr","7":"product_cat-strassenbau-fr","8":"product_cat-asphalt-fr","9":"product_cat-verkehrsflaechen-fr","11":"first","12":"instock","13":"shipping-taxable","14":"product-type-simple"},"_links":{"self":[{"href":"https:\/\/dga.de\/fr\/wp-json\/wp\/v2\/product\/22570","targetHints":{"allow":["GET"]}}],"collection":[{"href":"https:\/\/dga.de\/fr\/wp-json\/wp\/v2\/product"}],"about":[{"href":"https:\/\/dga.de\/fr\/wp-json\/wp\/v2\/types\/product"}],"replies":[{"embeddable":true,"href":"https:\/\/dga.de\/fr\/wp-json\/wp\/v2\/comments?post=22570"}],"wp:featuredmedia":[{"embeddable":true,"href":"https:\/\/dga.de\/fr\/wp-json\/wp\/v2\/media\/22562"}],"wp:attachment":[{"href":"https:\/\/dga.de\/fr\/wp-json\/wp\/v2\/media?parent=22570"}],"wp:term":[{"taxonomy":"product_brand","embeddable":true,"href":"https:\/\/dga.de\/fr\/wp-json\/wp\/v2\/product_brand?post=22570"},{"taxonomy":"product_cat","embeddable":true,"href":"https:\/\/dga.de\/fr\/wp-json\/wp\/v2\/product_cat?post=22570"},{"taxonomy":"product_tag","embeddable":true,"href":"https:\/\/dga.de\/fr\/wp-json\/wp\/v2\/product_tag?post=22570"}],"curies":[{"name":"wp","href":"https:\/\/api.w.org\/{rel}","templated":true}]}}