{"id":23209,"date":"2025-11-28T12:45:39","date_gmt":"2025-11-28T11:45:39","guid":{"rendered":"https:\/\/dga.de\/produkt\/biguma-asphalttrennmittel\/"},"modified":"2025-12-01T07:14:35","modified_gmt":"2025-12-01T06:14:35","slug":"biguma-asphalttrennmittel","status":"publish","type":"product","link":"https:\/\/dga.de\/fr\/produkt\/biguma-asphalttrennmittel\/","title":{"rendered":"BIGUMA\u00ae- Asphalttrennmittel"},"content":{"rendered":"<p>BIGUMA\u00ae- Asphalttrennmittel (anti-adh\u00e9rent pour enrob\u00e9s) est une \u00e9mulsion sp\u00e9ciale pouvant \u00eatre dilu\u00e9e avec de l\u2019eau, parfaitement adapt\u00e9e pour prot\u00e9ger les surfaces m\u00e9talliques ou autres contre les r\u00e9sidus d\u2019enrob\u00e9s et de bitume.<br \/>\nCet agent anti-adh\u00e9rent poss\u00e8de des propri\u00e9t\u00e9s anticorrosion et n\u2019est pas agressif pour les peintures, les plastiques ni les m\u00e9taux. BIGUMA\u00ae- Asphalttrennmittel forme un film s\u00e9parateur r\u00e9sistant \u00e0 la pression et stable, emp\u00eachant ainsi toute adh\u00e9rence. Il convient \u00e9galement comme produit de nettoyage pour les appareils et les outils.<\/p>\n","protected":false},"excerpt":{"rendered":"<p>Agent anti-adh\u00e9rent universel pour l\u2019application d\u2019enrob\u00e9s et de bitume<\/p>\n[fusion_global id=\"12385\"]\n","protected":false},"featured_media":23200,"comment_status":"closed","ping_status":"closed","template":"","meta":[],"product_brand":[],"product_cat":[1136,1135],"product_tag":[],"class_list":{"0":"post-23209","1":"product","2":"type-product","3":"status-publish","4":"has-post-thumbnail","6":"product_cat-bauwerksabdichtung","7":"product_cat-hochbau-industrie","9":"first","10":"instock","11":"shipping-taxable","12":"product-type-simple"},"_links":{"self":[{"href":"https:\/\/dga.de\/fr\/wp-json\/wp\/v2\/product\/23209","targetHints":{"allow":["GET"]}}],"collection":[{"href":"https:\/\/dga.de\/fr\/wp-json\/wp\/v2\/product"}],"about":[{"href":"https:\/\/dga.de\/fr\/wp-json\/wp\/v2\/types\/product"}],"replies":[{"embeddable":true,"href":"https:\/\/dga.de\/fr\/wp-json\/wp\/v2\/comments?post=23209"}],"wp:featuredmedia":[{"embeddable":true,"href":"https:\/\/dga.de\/fr\/wp-json\/wp\/v2\/media\/23200"}],"wp:attachment":[{"href":"https:\/\/dga.de\/fr\/wp-json\/wp\/v2\/media?parent=23209"}],"wp:term":[{"taxonomy":"product_brand","embeddable":true,"href":"https:\/\/dga.de\/fr\/wp-json\/wp\/v2\/product_brand?post=23209"},{"taxonomy":"product_cat","embeddable":true,"href":"https:\/\/dga.de\/fr\/wp-json\/wp\/v2\/product_cat?post=23209"},{"taxonomy":"product_tag","embeddable":true,"href":"https:\/\/dga.de\/fr\/wp-json\/wp\/v2\/product_tag?post=23209"}],"curies":[{"name":"wp","href":"https:\/\/api.w.org\/{rel}","templated":true}]}}