{"id":23353,"date":"2025-12-02T13:44:27","date_gmt":"2025-12-02T12:44:27","guid":{"rendered":"https:\/\/dga.de\/produkt\/proxan-polytool-r250\/"},"modified":"2025-12-08T09:16:21","modified_gmt":"2025-12-08T08:16:21","slug":"proxan-polytool-r250","status":"publish","type":"product","link":"https:\/\/dga.de\/fr\/produkt\/proxan-polytool-r250\/","title":{"rendered":"PROXAN\u00ae- PolyTool R250"},"content":{"rendered":"<p>PROXAN\u00ae- PolyTool R250 a \u00e9t\u00e9 sp\u00e9cialement d\u00e9velopp\u00e9 pour le malaxage efficace de nos mastics de jointoiement bi-composants applicables \u00e0 froid. Il est \u00e9galement id\u00e9al pour le m\u00e9lange fiable de peintures, d\u2019enduits, de mortiers, de colles et de nombreux autres mat\u00e9riaux n\u00e9cessitant d\u2019\u00eatre m\u00e9lang\u00e9s.<\/p>\n<p>Gr\u00e2ce \u00e0 son fonctionnement permettant un malaxage sans \u00e0-coups ni vibrations, l\u2019appareil garantit une homog\u00e9n\u00e9isation particuli\u00e8rement r\u00e9guli\u00e8re \u2013 et ce en un temps nettement r\u00e9duit. Le plateau tournant int\u00e9gr\u00e9 permet de changer les seaux rapidement et sans outils, ce qui simplifie consid\u00e9rablement le d\u00e9roulement du travail et permet de gagner du temps pr\u00e9cieux.<\/p>\n<p>En m\u00eame temps, l\u2019agitateur PROXAN\u00ae- PolyTool R250 r\u00e9duit les sollicitations physiques au niveau des \u00e9paules, de la nuque ainsi que des mains et des bras. Le travail est ainsi optimis\u00e9 d\u2019un point de vue ergonomique et, de ce fait, l\u2019appareil est parfaitement adapt\u00e9 \u00e0 une utilisation professionnelle dans les secteurs des travaux routiers et du g\u00e9nie civil.<\/p>\n","protected":false},"excerpt":{"rendered":"<p>Agitateur pour mastics de jointoiement bi-composants applicables \u00e0 froid<\/p>\n[fusion_global id=\"12385\"]\n","protected":false},"featured_media":23267,"comment_status":"closed","ping_status":"closed","template":"","meta":[],"product_brand":[],"product_cat":[949,948],"product_tag":[],"class_list":{"0":"post-23353","1":"product","2":"type-product","3":"status-publish","4":"has-post-thumbnail","6":"product_cat-maschinen-werkzeuge-fr","7":"product_cat-zusatzprodukte-fr","9":"first","10":"instock","11":"shipping-taxable","12":"product-type-simple"},"_links":{"self":[{"href":"https:\/\/dga.de\/fr\/wp-json\/wp\/v2\/product\/23353","targetHints":{"allow":["GET"]}}],"collection":[{"href":"https:\/\/dga.de\/fr\/wp-json\/wp\/v2\/product"}],"about":[{"href":"https:\/\/dga.de\/fr\/wp-json\/wp\/v2\/types\/product"}],"replies":[{"embeddable":true,"href":"https:\/\/dga.de\/fr\/wp-json\/wp\/v2\/comments?post=23353"}],"wp:featuredmedia":[{"embeddable":true,"href":"https:\/\/dga.de\/fr\/wp-json\/wp\/v2\/media\/23267"}],"wp:attachment":[{"href":"https:\/\/dga.de\/fr\/wp-json\/wp\/v2\/media?parent=23353"}],"wp:term":[{"taxonomy":"product_brand","embeddable":true,"href":"https:\/\/dga.de\/fr\/wp-json\/wp\/v2\/product_brand?post=23353"},{"taxonomy":"product_cat","embeddable":true,"href":"https:\/\/dga.de\/fr\/wp-json\/wp\/v2\/product_cat?post=23353"},{"taxonomy":"product_tag","embeddable":true,"href":"https:\/\/dga.de\/fr\/wp-json\/wp\/v2\/product_tag?post=23353"}],"curies":[{"name":"wp","href":"https:\/\/api.w.org\/{rel}","templated":true}]}}