{"id":23982,"date":"2026-03-05T14:24:58","date_gmt":"2026-03-05T13:24:58","guid":{"rendered":"https:\/\/dga.de\/produkt\/biguma-bab-20-el\/"},"modified":"2026-03-06T06:30:06","modified_gmt":"2026-03-06T05:30:06","slug":"biguma-bab-20-el","status":"publish","type":"product","link":"https:\/\/dga.de\/fr\/produkt\/biguma-bab-20-el\/","title":{"rendered":"BIGUMA\u00ae- BAB 20 EL"},"content":{"rendered":"<p>BIGUMA\u00ae- BAB 20 EL est une masse de scellement pour rails destin\u00e9e au remplissage des joints entre les rails et les rev\u00eatements adjacents tels que les pav\u00e9s, le b\u00e9ton ou l\u2018enrob\u00e9. En raison des propri\u00e9t\u00e9s \u00e9lastiques du mat\u00e9riau, cette masse de scellement est particuli\u00e8rement adapt\u00e9e aux joints de rails expos\u00e9s \u00e0 des mouvements accrus des joints en raison de la construction ou des conditions de bordure.<\/p>\n","protected":false},"excerpt":{"rendered":"<p>Masse de scellement bitumeuse, modifi\u00e9e aux polym\u00e8res pour rails conform\u00e9ment \u00e0 la norme TL Fug-StB<\/p>\n[fusion_global id=\"12385\"]\n","protected":false},"featured_media":23964,"comment_status":"closed","ping_status":"closed","template":"","meta":[],"product_brand":[],"product_cat":[945,995,994],"product_tag":[],"class_list":{"0":"post-23982","1":"product","2":"type-product","3":"status-publish","4":"has-post-thumbnail","6":"product_cat-strassenbau-fr","7":"product_cat-fugenmassen-strassenbahnschienen-fr","8":"product_cat-strassenbahnschienen-fr","10":"first","11":"instock","12":"shipping-taxable","13":"product-type-simple"},"_links":{"self":[{"href":"https:\/\/dga.de\/fr\/wp-json\/wp\/v2\/product\/23982","targetHints":{"allow":["GET"]}}],"collection":[{"href":"https:\/\/dga.de\/fr\/wp-json\/wp\/v2\/product"}],"about":[{"href":"https:\/\/dga.de\/fr\/wp-json\/wp\/v2\/types\/product"}],"replies":[{"embeddable":true,"href":"https:\/\/dga.de\/fr\/wp-json\/wp\/v2\/comments?post=23982"}],"wp:featuredmedia":[{"embeddable":true,"href":"https:\/\/dga.de\/fr\/wp-json\/wp\/v2\/media\/23964"}],"wp:attachment":[{"href":"https:\/\/dga.de\/fr\/wp-json\/wp\/v2\/media?parent=23982"}],"wp:term":[{"taxonomy":"product_brand","embeddable":true,"href":"https:\/\/dga.de\/fr\/wp-json\/wp\/v2\/product_brand?post=23982"},{"taxonomy":"product_cat","embeddable":true,"href":"https:\/\/dga.de\/fr\/wp-json\/wp\/v2\/product_cat?post=23982"},{"taxonomy":"product_tag","embeddable":true,"href":"https:\/\/dga.de\/fr\/wp-json\/wp\/v2\/product_tag?post=23982"}],"curies":[{"name":"wp","href":"https:\/\/api.w.org\/{rel}","templated":true}]}}