{"id":24007,"date":"2023-08-15T08:16:18","date_gmt":"2023-08-15T06:16:18","guid":{"rendered":"https:\/\/dga.de\/produkt\/dobau-abdichtungsbahn-ksk\/"},"modified":"2026-03-11T13:56:02","modified_gmt":"2026-03-11T12:56:02","slug":"dobau-abdichtungsbahn-ksk","status":"publish","type":"product","link":"https:\/\/dga.de\/fr\/produkt\/dobau-abdichtungsbahn-ksk\/","title":{"rendered":"DOBAU\u00ae- Abdichtungsbahn KSK"},"content":{"rendered":"<p>DOBAU\u00ae- Abdichtungsbahn KSK est une membrane d\u2019\u00e9tanch\u00e9it\u00e9 en bitume polym\u00e8re auto-adh\u00e9sive \u00e0 froid pour l\u2019imperm\u00e9abilisation des parois ext\u00e9rieures de sous-sols, balcons, puits de lumi\u00e8re, murs de sout\u00e8nement et terrasses. DOBAU\u00ae- Abdichtungsbahn KSK peut \u00eatre facilement appliqu\u00e9e aussi bien sur les \u00e9l\u00e9ments verticaux et que sur les \u00e9l\u00e9ments horizontaux. Elle est adapt\u00e9e \u00e0 l\u2019imperm\u00e9abilisation des ouvrages contre les projections d\u2019eau, l\u2019humidit\u00e9 du sol et le contact avec de l\u2019eau n\u2019exer\u00e7ant pas de pression contre l\u2019ouvrage (DIN EN 13969 et DIN SPEC 20000-202 : 2016-03 ; tableaux 18 et 19), ainsi qu\u2019en tant que barri\u00e8re en L ou en Z dans la ma\u00e7onnerie \u00e0 double paroi.<\/p>\n","protected":false},"excerpt":{"rendered":"<p>Membrane d\u2019\u00e9tanch\u00e9it\u00e9 bitumineuse auto-adh\u00e9sive applicable \u00e0 froid<\/p>\n[fusion_global id=\"19227\"]\n","protected":false},"featured_media":20302,"comment_status":"closed","ping_status":"closed","template":"","meta":[],"product_brand":[],"product_cat":[1136,1135],"product_tag":[],"class_list":{"0":"post-24007","1":"product","2":"type-product","3":"status-publish","4":"has-post-thumbnail","6":"product_cat-bauwerksabdichtung","7":"product_cat-hochbau-industrie","9":"first","10":"instock","11":"shipping-taxable","12":"product-type-simple"},"_links":{"self":[{"href":"https:\/\/dga.de\/fr\/wp-json\/wp\/v2\/product\/24007","targetHints":{"allow":["GET"]}}],"collection":[{"href":"https:\/\/dga.de\/fr\/wp-json\/wp\/v2\/product"}],"about":[{"href":"https:\/\/dga.de\/fr\/wp-json\/wp\/v2\/types\/product"}],"replies":[{"embeddable":true,"href":"https:\/\/dga.de\/fr\/wp-json\/wp\/v2\/comments?post=24007"}],"wp:featuredmedia":[{"embeddable":true,"href":"https:\/\/dga.de\/fr\/wp-json\/wp\/v2\/media\/20302"}],"wp:attachment":[{"href":"https:\/\/dga.de\/fr\/wp-json\/wp\/v2\/media?parent=24007"}],"wp:term":[{"taxonomy":"product_brand","embeddable":true,"href":"https:\/\/dga.de\/fr\/wp-json\/wp\/v2\/product_brand?post=24007"},{"taxonomy":"product_cat","embeddable":true,"href":"https:\/\/dga.de\/fr\/wp-json\/wp\/v2\/product_cat?post=24007"},{"taxonomy":"product_tag","embeddable":true,"href":"https:\/\/dga.de\/fr\/wp-json\/wp\/v2\/product_tag?post=24007"}],"curies":[{"name":"wp","href":"https:\/\/api.w.org\/{rel}","templated":true}]}}