{"id":24015,"date":"2023-08-17T14:38:28","date_gmt":"2023-08-17T12:38:28","guid":{"rendered":"https:\/\/dga.de\/produkt\/dobau-abdichtungsband-ksk\/"},"modified":"2026-03-11T14:00:47","modified_gmt":"2026-03-11T13:00:47","slug":"dobau-abdichtungsband-ksk","status":"publish","type":"product","link":"https:\/\/dga.de\/fr\/produkt\/dobau-abdichtungsband-ksk\/","title":{"rendered":"DOBAU\u00ae- Abdichtungsband KSK"},"content":{"rendered":"<p>DOBAU\u00ae- Abdichtungsb\u00e4nder KSK sont des rubans d\u00e9coup\u00e9s dans la bande DOBAU\u00ae- Abdichtungsbahn KSK plus faciles \u00e0 manipuler et destin\u00e9s \u00e0 l\u2019imperm\u00e9abilisation des travers\u00e9es de paroi, angles, ar\u00eates ou autres zones d\u00e9licates. Les rubans peuvent \u00eatre utilis\u00e9s \u00e0 l\u2019int\u00e9rieur comme \u00e0 l\u2019ext\u00e9rieur. De plus, DOBAU\u00ae- Abdichtungsband KSK peut \u00eatre utilis\u00e9 en tant que bande de coupure de capillarit\u00e9 conforme \u00e0 DIN EN 14967.<\/p>\n","protected":false},"excerpt":{"rendered":"<p>Ruban d&rsquo;\u00e9tanch\u00e9it\u00e9 bitumineux adh\u00e9sif \u00e0 froid<\/p>\n[fusion_global id=\"19227\"]\n","protected":false},"featured_media":19887,"comment_status":"closed","ping_status":"closed","template":"","meta":[],"product_brand":[],"product_cat":[1136,1135],"product_tag":[],"class_list":{"0":"post-24015","1":"product","2":"type-product","3":"status-publish","4":"has-post-thumbnail","6":"product_cat-bauwerksabdichtung","7":"product_cat-hochbau-industrie","9":"first","10":"instock","11":"shipping-taxable","12":"product-type-simple"},"_links":{"self":[{"href":"https:\/\/dga.de\/fr\/wp-json\/wp\/v2\/product\/24015","targetHints":{"allow":["GET"]}}],"collection":[{"href":"https:\/\/dga.de\/fr\/wp-json\/wp\/v2\/product"}],"about":[{"href":"https:\/\/dga.de\/fr\/wp-json\/wp\/v2\/types\/product"}],"replies":[{"embeddable":true,"href":"https:\/\/dga.de\/fr\/wp-json\/wp\/v2\/comments?post=24015"}],"wp:featuredmedia":[{"embeddable":true,"href":"https:\/\/dga.de\/fr\/wp-json\/wp\/v2\/media\/19887"}],"wp:attachment":[{"href":"https:\/\/dga.de\/fr\/wp-json\/wp\/v2\/media?parent=24015"}],"wp:term":[{"taxonomy":"product_brand","embeddable":true,"href":"https:\/\/dga.de\/fr\/wp-json\/wp\/v2\/product_brand?post=24015"},{"taxonomy":"product_cat","embeddable":true,"href":"https:\/\/dga.de\/fr\/wp-json\/wp\/v2\/product_cat?post=24015"},{"taxonomy":"product_tag","embeddable":true,"href":"https:\/\/dga.de\/fr\/wp-json\/wp\/v2\/product_tag?post=24015"}],"curies":[{"name":"wp","href":"https:\/\/api.w.org\/{rel}","templated":true}]}}