{"id":24021,"date":"2023-08-18T07:40:40","date_gmt":"2023-08-18T05:40:40","guid":{"rendered":"https:\/\/dga.de\/produkt\/dobau-abdichtungsband-vlies-ksk\/"},"modified":"2026-03-11T14:05:32","modified_gmt":"2026-03-11T13:05:32","slug":"dobau-abdichtungsband-vlies-ksk","status":"publish","type":"product","link":"https:\/\/dga.de\/fr\/produkt\/dobau-abdichtungsband-vlies-ksk\/","title":{"rendered":"DOBAU\u00ae- Abdichtungsband Vlies KSK"},"content":{"rendered":"<p>DOBAU\u00ae-Abdichtungsb\u00e4nder Vlies KSK sont des rubans d\u2019\u00e9tanch\u00e9it\u00e9 bitumineux auto-adh\u00e9sifs applicables \u00e0 froid, dont la face sup\u00e9rieure est rev\u00eatue d\u2019un voile de feutre sp\u00e9cial permettant ensuite de recouvrir la couche d\u2019imperm\u00e9abilisation d\u2019un enduit. DOBAU\u00ae-Abdichtungsband Vlies KSK est utilis\u00e9 par exemple dans la zone de transition entre la fen\u00eatre et le mur du b\u00e2timent ou pour l\u2019imperm\u00e9abilisation des zones humides dans les salles de bains.<\/p>\n","protected":false},"excerpt":{"rendered":"<p>Ruban d&rsquo;\u00e9tanch\u00e9it\u00e9 bitumineux autocollant \u00e0 froid, doubl\u00e9 de non-tiss\u00e9<\/p>\n[fusion_global id=\"19227\"]\n","protected":false},"featured_media":19893,"comment_status":"closed","ping_status":"closed","template":"","meta":[],"product_brand":[],"product_cat":[1136,1135],"product_tag":[],"class_list":{"0":"post-24021","1":"product","2":"type-product","3":"status-publish","4":"has-post-thumbnail","6":"product_cat-bauwerksabdichtung","7":"product_cat-hochbau-industrie","9":"first","10":"instock","11":"shipping-taxable","12":"product-type-simple"},"_links":{"self":[{"href":"https:\/\/dga.de\/fr\/wp-json\/wp\/v2\/product\/24021","targetHints":{"allow":["GET"]}}],"collection":[{"href":"https:\/\/dga.de\/fr\/wp-json\/wp\/v2\/product"}],"about":[{"href":"https:\/\/dga.de\/fr\/wp-json\/wp\/v2\/types\/product"}],"replies":[{"embeddable":true,"href":"https:\/\/dga.de\/fr\/wp-json\/wp\/v2\/comments?post=24021"}],"wp:featuredmedia":[{"embeddable":true,"href":"https:\/\/dga.de\/fr\/wp-json\/wp\/v2\/media\/19893"}],"wp:attachment":[{"href":"https:\/\/dga.de\/fr\/wp-json\/wp\/v2\/media?parent=24021"}],"wp:term":[{"taxonomy":"product_brand","embeddable":true,"href":"https:\/\/dga.de\/fr\/wp-json\/wp\/v2\/product_brand?post=24021"},{"taxonomy":"product_cat","embeddable":true,"href":"https:\/\/dga.de\/fr\/wp-json\/wp\/v2\/product_cat?post=24021"},{"taxonomy":"product_tag","embeddable":true,"href":"https:\/\/dga.de\/fr\/wp-json\/wp\/v2\/product_tag?post=24021"}],"curies":[{"name":"wp","href":"https:\/\/api.w.org\/{rel}","templated":true}]}}