{"id":9460,"date":"2020-02-20T08:40:25","date_gmt":"2020-02-20T07:40:25","guid":{"rendered":"https:\/\/dga.de\/produkt\/proxan-cp-sr\/"},"modified":"2021-12-09T09:23:42","modified_gmt":"2021-12-09T08:23:42","slug":"proxan-cp-sr","status":"publish","type":"product","link":"https:\/\/dga.de\/fr\/produkt\/proxan-cp-sr\/","title":{"rendered":"PROXAN\u00ae- CP-SR"},"content":{"rendered":"<p>PROXAN\u00ae- CP-SR est un primaire \u00e0 deux composants \u00e0 base de r\u00e9sine \u00e9poxy sp\u00e9cialement con\u00e7u pour le produit d&rsquo;\u00e9tanch\u00e9it\u00e9 pour joints PROXAN\u00ae- KV 2 G-S. Il est utilis\u00e9 de pr\u00e9f\u00e9rence pour le pr\u00e9traitement de surfaces poreuses et absorbantes telles que le b\u00e9ton et constitue une base id\u00e9ale pour l&rsquo;application ult\u00e9rieure du produit d&rsquo;\u00e9tanch\u00e9it\u00e9.<\/p>\n","protected":false},"excerpt":{"rendered":"<p>Agent adh\u00e9rent \u00e0 deux composants pour le produit d&rsquo;\u00e9tanch\u00e9it\u00e9 en polysulfure PROXAN\u00ae- KV 2 G-S pour le sol<\/p>\n[fusion_global id=\"12385\"]\n","protected":false},"featured_media":9461,"comment_status":"closed","ping_status":"closed","template":"","meta":[],"product_brand":[],"product_cat":[945,946,947],"product_tag":[],"class_list":{"0":"post-9460","1":"product","2":"type-product","3":"status-publish","4":"has-post-thumbnail","6":"product_cat-strassenbau-fr","7":"product_cat-fugenmassen-strassenbau-2-fr","8":"product_cat-systemprodukte-fugenmassen-strassenbau-2-fr","10":"first","11":"instock","12":"product-type-simple"},"_links":{"self":[{"href":"https:\/\/dga.de\/fr\/wp-json\/wp\/v2\/product\/9460","targetHints":{"allow":["GET"]}}],"collection":[{"href":"https:\/\/dga.de\/fr\/wp-json\/wp\/v2\/product"}],"about":[{"href":"https:\/\/dga.de\/fr\/wp-json\/wp\/v2\/types\/product"}],"replies":[{"embeddable":true,"href":"https:\/\/dga.de\/fr\/wp-json\/wp\/v2\/comments?post=9460"}],"wp:featuredmedia":[{"embeddable":true,"href":"https:\/\/dga.de\/fr\/wp-json\/wp\/v2\/media\/9461"}],"wp:attachment":[{"href":"https:\/\/dga.de\/fr\/wp-json\/wp\/v2\/media?parent=9460"}],"wp:term":[{"taxonomy":"product_brand","embeddable":true,"href":"https:\/\/dga.de\/fr\/wp-json\/wp\/v2\/product_brand?post=9460"},{"taxonomy":"product_cat","embeddable":true,"href":"https:\/\/dga.de\/fr\/wp-json\/wp\/v2\/product_cat?post=9460"},{"taxonomy":"product_tag","embeddable":true,"href":"https:\/\/dga.de\/fr\/wp-json\/wp\/v2\/product_tag?post=9460"}],"curies":[{"name":"wp","href":"https:\/\/api.w.org\/{rel}","templated":true}]}}