{"id":9462,"date":"2020-02-04T07:59:20","date_gmt":"2020-02-04T06:59:20","guid":{"rendered":"https:\/\/dga.de\/produkt\/abfuellplatte-fuer-dosen\/"},"modified":"2024-04-17T15:23:47","modified_gmt":"2024-04-17T13:23:47","slug":"abfuellplatte-fuer-dosen","status":"publish","type":"product","link":"https:\/\/dga.de\/fr\/produkt\/abfuellplatte-fuer-dosen\/","title":{"rendered":"Plaque de remplissage des bo\u00eetes"},"content":{"rendered":"<p>La plaque de remplissage des bo\u00eetes permet de remplir facilement les pistolets d&rsquo;injection PROXAN\u00ae avec le produit d&rsquo;\u00e9tanch\u00e9it\u00e9 stable PROXAN\u00ae. La plaque de remplissage est fix\u00e9e sur l&rsquo;ouverture du pistolet d&rsquo;injection apr\u00e8s le m\u00e9lange du produit \u00e0 deux composants. En raison de la d\u00e9pression g\u00e9n\u00e9r\u00e9e lors de l&rsquo;aspiration, la plaque de remplissage se d\u00e9place vers le fond et le cylindre du pistolet d&rsquo;injection se remplit.<br \/>\nDeux versions parfaitement adapt\u00e9es de la plaque de remplissage sont disponibles pour les diff\u00e9rents pistolets d&rsquo;injection.<\/p>\n","protected":false},"excerpt":{"rendered":"<p><em>Abf\u00fcllplatte f\u00fcr Dosen<\/em><\/p>\n<p>Accessoires pour remplir les pistolets d&rsquo;injection PROXAN\u00ae avec le produit d&rsquo;\u00e9tanch\u00e9it\u00e9 PROXAN\u00ae<\/p>\n[fusion_global id=\"12385\"]\n","protected":false},"featured_media":9463,"comment_status":"closed","ping_status":"closed","template":"","meta":[],"product_brand":[],"product_cat":[945,949,948],"product_tag":[],"class_list":{"0":"post-9462","1":"product","2":"type-product","3":"status-publish","4":"has-post-thumbnail","6":"product_cat-strassenbau-fr","7":"product_cat-maschinen-werkzeuge-fr","8":"product_cat-zusatzprodukte-fr","10":"first","11":"instock","12":"shipping-taxable","13":"product-type-simple"},"_links":{"self":[{"href":"https:\/\/dga.de\/fr\/wp-json\/wp\/v2\/product\/9462","targetHints":{"allow":["GET"]}}],"collection":[{"href":"https:\/\/dga.de\/fr\/wp-json\/wp\/v2\/product"}],"about":[{"href":"https:\/\/dga.de\/fr\/wp-json\/wp\/v2\/types\/product"}],"replies":[{"embeddable":true,"href":"https:\/\/dga.de\/fr\/wp-json\/wp\/v2\/comments?post=9462"}],"wp:featuredmedia":[{"embeddable":true,"href":"https:\/\/dga.de\/fr\/wp-json\/wp\/v2\/media\/9463"}],"wp:attachment":[{"href":"https:\/\/dga.de\/fr\/wp-json\/wp\/v2\/media?parent=9462"}],"wp:term":[{"taxonomy":"product_brand","embeddable":true,"href":"https:\/\/dga.de\/fr\/wp-json\/wp\/v2\/product_brand?post=9462"},{"taxonomy":"product_cat","embeddable":true,"href":"https:\/\/dga.de\/fr\/wp-json\/wp\/v2\/product_cat?post=9462"},{"taxonomy":"product_tag","embeddable":true,"href":"https:\/\/dga.de\/fr\/wp-json\/wp\/v2\/product_tag?post=9462"}],"curies":[{"name":"wp","href":"https:\/\/api.w.org\/{rel}","templated":true}]}}