{"id":9465,"date":"2020-02-03T14:17:33","date_gmt":"2020-02-03T13:17:33","guid":{"rendered":"https:\/\/dga.de\/produkt\/kartuschenruehrer\/"},"modified":"2021-12-09T09:31:50","modified_gmt":"2021-12-09T08:31:50","slug":"kartuschenruehrer","status":"publish","type":"product","link":"https:\/\/dga.de\/fr\/produkt\/kartuschenruehrer\/","title":{"rendered":"Agitateur \u00e0 cartouche"},"content":{"rendered":"<p>L&rsquo;agitateur en forme de spirale convient \u00e0 l&rsquo;homog\u00e9n\u00e9isation sans bulles des produits d&rsquo;\u00e9tanch\u00e9it\u00e9 pour joints stable \u00e0 deux composants PROXAN\u00ae- dans les cartouches. L&rsquo;agitateur \u00e0 cartouche avec sa longue t\u00eate d&rsquo;agitation assure l&rsquo;homog\u00e9n\u00e9isation sans bulles des deux composants dans toute la cartouche.<\/p>\n","protected":false},"excerpt":{"rendered":"<p><em>Kartuschenr\u00fchrer<\/em><\/p>\n<p>Accessoires pour le m\u00e9lange sans bulles du produit d&rsquo;\u00e9tanch\u00e9it\u00e9 stable PROXAN\u00ae dans les cartouches<\/p>\n[fusion_global id=\"12385\"]\n","protected":false},"featured_media":9466,"comment_status":"closed","ping_status":"closed","template":"","meta":[],"product_brand":[],"product_cat":[945,949,948],"product_tag":[],"class_list":{"0":"post-9465","1":"product","2":"type-product","3":"status-publish","4":"has-post-thumbnail","6":"product_cat-strassenbau-fr","7":"product_cat-maschinen-werkzeuge-fr","8":"product_cat-zusatzprodukte-fr","10":"first","11":"instock","12":"shipping-taxable","13":"product-type-simple"},"_links":{"self":[{"href":"https:\/\/dga.de\/fr\/wp-json\/wp\/v2\/product\/9465","targetHints":{"allow":["GET"]}}],"collection":[{"href":"https:\/\/dga.de\/fr\/wp-json\/wp\/v2\/product"}],"about":[{"href":"https:\/\/dga.de\/fr\/wp-json\/wp\/v2\/types\/product"}],"replies":[{"embeddable":true,"href":"https:\/\/dga.de\/fr\/wp-json\/wp\/v2\/comments?post=9465"}],"wp:featuredmedia":[{"embeddable":true,"href":"https:\/\/dga.de\/fr\/wp-json\/wp\/v2\/media\/9466"}],"wp:attachment":[{"href":"https:\/\/dga.de\/fr\/wp-json\/wp\/v2\/media?parent=9465"}],"wp:term":[{"taxonomy":"product_brand","embeddable":true,"href":"https:\/\/dga.de\/fr\/wp-json\/wp\/v2\/product_brand?post=9465"},{"taxonomy":"product_cat","embeddable":true,"href":"https:\/\/dga.de\/fr\/wp-json\/wp\/v2\/product_cat?post=9465"},{"taxonomy":"product_tag","embeddable":true,"href":"https:\/\/dga.de\/fr\/wp-json\/wp\/v2\/product_tag?post=9465"}],"curies":[{"name":"wp","href":"https:\/\/api.w.org\/{rel}","templated":true}]}}