{"id":9467,"date":"2020-02-03T14:11:20","date_gmt":"2020-02-03T13:11:20","guid":{"rendered":"https:\/\/dga.de\/produkt\/fluegelruehrer\/"},"modified":"2021-12-09T09:33:32","modified_gmt":"2021-12-09T08:33:32","slug":"fluegelruehrer","status":"publish","type":"product","link":"https:\/\/dga.de\/fr\/produkt\/fluegelruehrer\/","title":{"rendered":"Agitateur \u00e0 pales"},"content":{"rendered":"<p>L&rsquo;agitateur \u00e0 pales convient pour l&rsquo;agitation sans bulles des deux composants d&rsquo;un produit d&rsquo;\u00e9tanch\u00e9it\u00e9 de joint coulable PROXAN\u00ae. Il se monte sur une perceuse ou un agitateur robuste et permet de m\u00e9langer le produit d&rsquo;\u00e9tanch\u00e9it\u00e9 pour joints. La conception sp\u00e9ciale de l&rsquo;agitateur permet une homog\u00e9n\u00e9isation sans bulles des produits d&rsquo;\u00e9tanch\u00e9it\u00e9 pour joints. De plus, cet agitateur convainc par sa long\u00e9vit\u00e9.<\/p>\n<p>L&rsquo;agitateur \u00e0 pales est disponible dans les largeurs de pales suivantes :<\/p>\n<ul>\n<li>pour les r\u00e9cipients de 2,5 l\/ 4,0 l : 50 mm<\/li>\n<li>pour les r\u00e9cipients de 10,0 l : 100 mm<\/li>\n<li>pour les r\u00e9cipients de 25,0 l : 150 mm<\/li>\n<\/ul>\n","protected":false},"excerpt":{"rendered":"<p><em>Fl\u00fcgelr\u00fchrer<\/em><\/p>\n<p>Accessoires pour le m\u00e9lange sans bulles du produit d&rsquo;\u00e9tanch\u00e9it\u00e9 coulable PROXAN\u00ae<\/p>\n[fusion_global id=\"12385\"]\n","protected":false},"featured_media":9468,"comment_status":"closed","ping_status":"closed","template":"","meta":[],"product_brand":[],"product_cat":[945,949,948],"product_tag":[],"class_list":{"0":"post-9467","1":"product","2":"type-product","3":"status-publish","4":"has-post-thumbnail","6":"product_cat-strassenbau-fr","7":"product_cat-maschinen-werkzeuge-fr","8":"product_cat-zusatzprodukte-fr","10":"first","11":"instock","12":"shipping-taxable","13":"product-type-simple"},"_links":{"self":[{"href":"https:\/\/dga.de\/fr\/wp-json\/wp\/v2\/product\/9467","targetHints":{"allow":["GET"]}}],"collection":[{"href":"https:\/\/dga.de\/fr\/wp-json\/wp\/v2\/product"}],"about":[{"href":"https:\/\/dga.de\/fr\/wp-json\/wp\/v2\/types\/product"}],"replies":[{"embeddable":true,"href":"https:\/\/dga.de\/fr\/wp-json\/wp\/v2\/comments?post=9467"}],"wp:featuredmedia":[{"embeddable":true,"href":"https:\/\/dga.de\/fr\/wp-json\/wp\/v2\/media\/9468"}],"wp:attachment":[{"href":"https:\/\/dga.de\/fr\/wp-json\/wp\/v2\/media?parent=9467"}],"wp:term":[{"taxonomy":"product_brand","embeddable":true,"href":"https:\/\/dga.de\/fr\/wp-json\/wp\/v2\/product_brand?post=9467"},{"taxonomy":"product_cat","embeddable":true,"href":"https:\/\/dga.de\/fr\/wp-json\/wp\/v2\/product_cat?post=9467"},{"taxonomy":"product_tag","embeddable":true,"href":"https:\/\/dga.de\/fr\/wp-json\/wp\/v2\/product_tag?post=9467"}],"curies":[{"name":"wp","href":"https:\/\/api.w.org\/{rel}","templated":true}]}}