{"id":9469,"date":"2020-02-03T13:58:23","date_gmt":"2020-02-03T12:58:23","guid":{"rendered":"https:\/\/dga.de\/produkt\/gebindehalter-fuer-kartuschen\/"},"modified":"2021-12-09T09:45:44","modified_gmt":"2021-12-09T08:45:44","slug":"gebindehalter-fuer-kartuschen","status":"publish","type":"product","link":"https:\/\/dga.de\/fr\/produkt\/gebindehalter-fuer-kartuschen\/","title":{"rendered":"Support de cartouches"},"content":{"rendered":"<p>Le support de cartouches assure un support stable et s\u00fbr lors du m\u00e9lange des produits d&rsquo;\u00e9tanch\u00e9it\u00e9 de joints stables PROXAN\u00ae. Le serre-joint garantit le maintien optimal de la cartouche dans le support. Pour \u00e9viter le renversement du support, il suffit de le tenir debout sur ses deux plaques de maintien fix\u00e9es sur le support, lorsque celui-ci est au sol.<\/p>\n","protected":false},"excerpt":{"rendered":"<p><em>Gebindehalter f\u00fcr Kartuschen<\/em><\/p>\n<p>Accessoires pour m\u00e9langer le produit d&rsquo;\u00e9tanch\u00e9it\u00e9 stable PROXAN\u00ae dans les cartouches<\/p>\n[fusion_global id=\"12385\"]\n","protected":false},"featured_media":9470,"comment_status":"closed","ping_status":"closed","template":"","meta":[],"product_brand":[],"product_cat":[945,949,948],"product_tag":[],"class_list":{"0":"post-9469","1":"product","2":"type-product","3":"status-publish","4":"has-post-thumbnail","6":"product_cat-strassenbau-fr","7":"product_cat-maschinen-werkzeuge-fr","8":"product_cat-zusatzprodukte-fr","10":"first","11":"instock","12":"shipping-taxable","13":"product-type-simple"},"_links":{"self":[{"href":"https:\/\/dga.de\/fr\/wp-json\/wp\/v2\/product\/9469","targetHints":{"allow":["GET"]}}],"collection":[{"href":"https:\/\/dga.de\/fr\/wp-json\/wp\/v2\/product"}],"about":[{"href":"https:\/\/dga.de\/fr\/wp-json\/wp\/v2\/types\/product"}],"replies":[{"embeddable":true,"href":"https:\/\/dga.de\/fr\/wp-json\/wp\/v2\/comments?post=9469"}],"wp:featuredmedia":[{"embeddable":true,"href":"https:\/\/dga.de\/fr\/wp-json\/wp\/v2\/media\/9470"}],"wp:attachment":[{"href":"https:\/\/dga.de\/fr\/wp-json\/wp\/v2\/media?parent=9469"}],"wp:term":[{"taxonomy":"product_brand","embeddable":true,"href":"https:\/\/dga.de\/fr\/wp-json\/wp\/v2\/product_brand?post=9469"},{"taxonomy":"product_cat","embeddable":true,"href":"https:\/\/dga.de\/fr\/wp-json\/wp\/v2\/product_cat?post=9469"},{"taxonomy":"product_tag","embeddable":true,"href":"https:\/\/dga.de\/fr\/wp-json\/wp\/v2\/product_tag?post=9469"}],"curies":[{"name":"wp","href":"https:\/\/api.w.org\/{rel}","templated":true}]}}