{"id":9471,"date":"2020-02-03T12:56:24","date_gmt":"2020-02-03T11:56:24","guid":{"rendered":"https:\/\/dga.de\/produkt\/mischpaddelruehrer\/"},"modified":"2021-12-09T09:47:21","modified_gmt":"2021-12-09T08:47:21","slug":"mischpaddelruehrer","status":"publish","type":"product","link":"https:\/\/dga.de\/fr\/produkt\/mischpaddelruehrer\/","title":{"rendered":"Agitateur \u00e0 pales m\u00e9langeuses"},"content":{"rendered":"<p>L&rsquo;agitateur \u00e0 pales m\u00e9langeuses convient \u00e0 l&rsquo;homog\u00e9n\u00e9isation sans bulles de nos produits d&rsquo;\u00e9tanch\u00e9it\u00e9 pour joints stables \u00e0 deux composants PROXAN\u00ae. Cet agitateur permet d&rsquo;ajouter le composant B au composant A, et de m\u00e9langer les deux. La surface particuli\u00e8rement large des pales permet un m\u00e9lange sans bulles du produit.<\/p>\n","protected":false},"excerpt":{"rendered":"<p><em>Mischpaddelr\u00fchrer<\/em><\/p>\n<p>Accessoires pour m\u00e9langer le produit d&rsquo;\u00e9tanch\u00e9it\u00e9 stable PROXAN\u00ae<\/p>\n[fusion_global id=\"12385\"]\n","protected":false},"featured_media":9472,"comment_status":"closed","ping_status":"closed","template":"","meta":[],"product_brand":[],"product_cat":[945,949,948],"product_tag":[],"class_list":{"0":"post-9471","1":"product","2":"type-product","3":"status-publish","4":"has-post-thumbnail","6":"product_cat-strassenbau-fr","7":"product_cat-maschinen-werkzeuge-fr","8":"product_cat-zusatzprodukte-fr","10":"first","11":"instock","12":"shipping-taxable","13":"product-type-simple"},"_links":{"self":[{"href":"https:\/\/dga.de\/fr\/wp-json\/wp\/v2\/product\/9471","targetHints":{"allow":["GET"]}}],"collection":[{"href":"https:\/\/dga.de\/fr\/wp-json\/wp\/v2\/product"}],"about":[{"href":"https:\/\/dga.de\/fr\/wp-json\/wp\/v2\/types\/product"}],"replies":[{"embeddable":true,"href":"https:\/\/dga.de\/fr\/wp-json\/wp\/v2\/comments?post=9471"}],"wp:featuredmedia":[{"embeddable":true,"href":"https:\/\/dga.de\/fr\/wp-json\/wp\/v2\/media\/9472"}],"wp:attachment":[{"href":"https:\/\/dga.de\/fr\/wp-json\/wp\/v2\/media?parent=9471"}],"wp:term":[{"taxonomy":"product_brand","embeddable":true,"href":"https:\/\/dga.de\/fr\/wp-json\/wp\/v2\/product_brand?post=9471"},{"taxonomy":"product_cat","embeddable":true,"href":"https:\/\/dga.de\/fr\/wp-json\/wp\/v2\/product_cat?post=9471"},{"taxonomy":"product_tag","embeddable":true,"href":"https:\/\/dga.de\/fr\/wp-json\/wp\/v2\/product_tag?post=9471"}],"curies":[{"name":"wp","href":"https:\/\/api.w.org\/{rel}","templated":true}]}}