{"id":9473,"date":"2020-02-03T12:51:30","date_gmt":"2020-02-03T11:51:30","guid":{"rendered":"https:\/\/dga.de\/produkt\/gebindehalter-fuer-dosen\/"},"modified":"2021-12-09T09:54:43","modified_gmt":"2021-12-09T08:54:43","slug":"gebindehalter-fuer-dosen","status":"publish","type":"product","link":"https:\/\/dga.de\/fr\/produkt\/gebindehalter-fuer-dosen\/","title":{"rendered":"Support de bo\u00eetes"},"content":{"rendered":"<p>Le support de bo\u00eetes assure un support stable lors du m\u00e9lange de tous les produits d&rsquo;\u00e9tanch\u00e9it\u00e9 stables PROXAN\u00ae. Ce support peut accueillir une bo\u00eete (r\u00e9cipient de 2,5 l ou 4,0 l) de produit d&rsquo;\u00e9tanch\u00e9it\u00e9 pour joints. La boucle garantit le maintien optimal du r\u00e9cipient dans le support. Pour \u00e9viter le renversement du support, il suffit de le tenir debout sur ses deux plaques de maintien fix\u00e9es sur le support, lorsque celui-ci est au sol.<\/p>\n","protected":false},"excerpt":{"rendered":"<p><em>Gebindehalter f\u00fcr Dosen<\/em><\/p>\n<p>Accessoires pour m\u00e9langer le produit d&rsquo;\u00e9tanch\u00e9it\u00e9 stable PROXAN\u00ae dans les bo\u00eetes<\/p>\n[fusion_global id=\"12385\"]\n","protected":false},"featured_media":9474,"comment_status":"closed","ping_status":"closed","template":"","meta":[],"product_brand":[],"product_cat":[945,949,948],"product_tag":[],"class_list":{"0":"post-9473","1":"product","2":"type-product","3":"status-publish","4":"has-post-thumbnail","6":"product_cat-strassenbau-fr","7":"product_cat-maschinen-werkzeuge-fr","8":"product_cat-zusatzprodukte-fr","10":"first","11":"instock","12":"shipping-taxable","13":"product-type-simple"},"_links":{"self":[{"href":"https:\/\/dga.de\/fr\/wp-json\/wp\/v2\/product\/9473","targetHints":{"allow":["GET"]}}],"collection":[{"href":"https:\/\/dga.de\/fr\/wp-json\/wp\/v2\/product"}],"about":[{"href":"https:\/\/dga.de\/fr\/wp-json\/wp\/v2\/types\/product"}],"replies":[{"embeddable":true,"href":"https:\/\/dga.de\/fr\/wp-json\/wp\/v2\/comments?post=9473"}],"wp:featuredmedia":[{"embeddable":true,"href":"https:\/\/dga.de\/fr\/wp-json\/wp\/v2\/media\/9474"}],"wp:attachment":[{"href":"https:\/\/dga.de\/fr\/wp-json\/wp\/v2\/media?parent=9473"}],"wp:term":[{"taxonomy":"product_brand","embeddable":true,"href":"https:\/\/dga.de\/fr\/wp-json\/wp\/v2\/product_brand?post=9473"},{"taxonomy":"product_cat","embeddable":true,"href":"https:\/\/dga.de\/fr\/wp-json\/wp\/v2\/product_cat?post=9473"},{"taxonomy":"product_tag","embeddable":true,"href":"https:\/\/dga.de\/fr\/wp-json\/wp\/v2\/product_tag?post=9473"}],"curies":[{"name":"wp","href":"https:\/\/api.w.org\/{rel}","templated":true}]}}