{"id":9475,"date":"2020-02-03T12:43:06","date_gmt":"2020-02-03T11:43:06","guid":{"rendered":"https:\/\/dga.de\/produkt\/primerpinselflasche\/"},"modified":"2024-02-01T13:40:29","modified_gmt":"2024-02-01T12:40:29","slug":"primerpinselflasche","status":"publish","type":"product","link":"https:\/\/dga.de\/fr\/produkt\/primerpinselflasche\/","title":{"rendered":"Flacon de primaire avec pinceau"},"content":{"rendered":"<p>Ce flacon de primaire avec pinceau permet d&rsquo;appliquer tous les primaires PROXAN\u00ae. Ce flacon re\u00e7oit directement le primaire homog\u00e9n\u00e9is\u00e9 du r\u00e9cipient. Il suffit d&rsquo;exercer une pression sur le flacon pour obtenir une dose optimale appliqu\u00e9e proprement sur le joint au travers du pinceau.<\/p>\n<p>Le flacon de primaire avec pinceau est disponible dans les tailles de 125 ml, 150 ml et 500 ml.<\/p>\n","protected":false},"excerpt":{"rendered":"<p><strong>(Primerpinselflasche<\/strong><strong>)<\/strong><\/p>\n<p>Accessoires pour l&rsquo;application du primaire PROXAN\u00ae<\/p>\n[fusion_global id=\"12385\"]\n","protected":false},"featured_media":9476,"comment_status":"closed","ping_status":"closed","template":"","meta":[],"product_brand":[],"product_cat":[945,949,948],"product_tag":[],"class_list":{"0":"post-9475","1":"product","2":"type-product","3":"status-publish","4":"has-post-thumbnail","6":"product_cat-strassenbau-fr","7":"product_cat-maschinen-werkzeuge-fr","8":"product_cat-zusatzprodukte-fr","10":"first","11":"instock","12":"shipping-taxable","13":"product-type-simple"},"_links":{"self":[{"href":"https:\/\/dga.de\/fr\/wp-json\/wp\/v2\/product\/9475","targetHints":{"allow":["GET"]}}],"collection":[{"href":"https:\/\/dga.de\/fr\/wp-json\/wp\/v2\/product"}],"about":[{"href":"https:\/\/dga.de\/fr\/wp-json\/wp\/v2\/types\/product"}],"replies":[{"embeddable":true,"href":"https:\/\/dga.de\/fr\/wp-json\/wp\/v2\/comments?post=9475"}],"wp:featuredmedia":[{"embeddable":true,"href":"https:\/\/dga.de\/fr\/wp-json\/wp\/v2\/media\/9476"}],"wp:attachment":[{"href":"https:\/\/dga.de\/fr\/wp-json\/wp\/v2\/media?parent=9475"}],"wp:term":[{"taxonomy":"product_brand","embeddable":true,"href":"https:\/\/dga.de\/fr\/wp-json\/wp\/v2\/product_brand?post=9475"},{"taxonomy":"product_cat","embeddable":true,"href":"https:\/\/dga.de\/fr\/wp-json\/wp\/v2\/product_cat?post=9475"},{"taxonomy":"product_tag","embeddable":true,"href":"https:\/\/dga.de\/fr\/wp-json\/wp\/v2\/product_tag?post=9475"}],"curies":[{"name":"wp","href":"https:\/\/api.w.org\/{rel}","templated":true}]}}