{"id":9477,"date":"2020-02-03T12:32:32","date_gmt":"2020-02-03T11:32:32","guid":{"rendered":"https:\/\/dga.de\/produkt\/fliesspistole-wubo-600-mechanisch\/"},"modified":"2023-01-13T13:03:53","modified_gmt":"2023-01-13T12:03:53","slug":"fliesspistole-wubo-600-mechanisch","status":"publish","type":"product","link":"https:\/\/dga.de\/fr\/produkt\/fliesspistole-wubo-600-mechanisch\/","title":{"rendered":"Pistolet d&rsquo;injection WUBO 600 m\u00e9caniquement"},"content":{"rendered":"<p>Le pistolet d&rsquo;injection WUBO 600 permet d&rsquo;appliquer m\u00e9caniquement tous les produits d&rsquo;\u00e9tanch\u00e9it\u00e9 PROXAN\u00ae dans tous les emballages : flacons, cartouches et bo\u00eetes. Un produit coulable homog\u00e8ne est vers\u00e9 dans le cylindre directement \u00e0 partir du r\u00e9cipient. Le produit stable en bo\u00eete est aspir\u00e9 dans le cylindre au moyen de la plaque de remplissage. Les cartouches et les flacons peuvent \u00eatre mont\u00e9s directement dans le cylindre.<\/p>\n","protected":false},"excerpt":{"rendered":"<p><em>Flie\u00dfpistole WUBO 600 mechanisch<\/em><\/p>\n<p>Pistolet d&rsquo;injection pour le remplissage manuel de tous les produits d&rsquo;\u00e9tanch\u00e9it\u00e9 PROXAN\u00ae<\/p>\n[fusion_global id=\"12385\"]\n","protected":false},"featured_media":9479,"comment_status":"closed","ping_status":"closed","template":"","meta":[],"product_brand":[],"product_cat":[945,949,948],"product_tag":[],"class_list":{"0":"post-9477","1":"product","2":"type-product","3":"status-publish","4":"has-post-thumbnail","6":"product_cat-strassenbau-fr","7":"product_cat-maschinen-werkzeuge-fr","8":"product_cat-zusatzprodukte-fr","10":"first","11":"instock","12":"shipping-taxable","13":"product-type-simple"},"_links":{"self":[{"href":"https:\/\/dga.de\/fr\/wp-json\/wp\/v2\/product\/9477","targetHints":{"allow":["GET"]}}],"collection":[{"href":"https:\/\/dga.de\/fr\/wp-json\/wp\/v2\/product"}],"about":[{"href":"https:\/\/dga.de\/fr\/wp-json\/wp\/v2\/types\/product"}],"replies":[{"embeddable":true,"href":"https:\/\/dga.de\/fr\/wp-json\/wp\/v2\/comments?post=9477"}],"wp:featuredmedia":[{"embeddable":true,"href":"https:\/\/dga.de\/fr\/wp-json\/wp\/v2\/media\/9479"}],"wp:attachment":[{"href":"https:\/\/dga.de\/fr\/wp-json\/wp\/v2\/media?parent=9477"}],"wp:term":[{"taxonomy":"product_brand","embeddable":true,"href":"https:\/\/dga.de\/fr\/wp-json\/wp\/v2\/product_brand?post=9477"},{"taxonomy":"product_cat","embeddable":true,"href":"https:\/\/dga.de\/fr\/wp-json\/wp\/v2\/product_cat?post=9477"},{"taxonomy":"product_tag","embeddable":true,"href":"https:\/\/dga.de\/fr\/wp-json\/wp\/v2\/product_tag?post=9477"}],"curies":[{"name":"wp","href":"https:\/\/api.w.org\/{rel}","templated":true}]}}