{"id":9484,"date":"2020-02-03T12:15:37","date_gmt":"2020-02-03T11:15:37","guid":{"rendered":"https:\/\/dga.de\/produkt\/druckluft-und-ansaugpistole-svv-70-560\/"},"modified":"2024-04-17T14:59:45","modified_gmt":"2024-04-17T12:59:45","slug":"druckluft-und-ansaugpistole-svv-70-560","status":"publish","type":"product","link":"https:\/\/dga.de\/fr\/produkt\/druckluft-und-ansaugpistole-svv-70-560\/","title":{"rendered":"Air comprim\u00e9 et pistolet d\u2019aspiration SVV-70\/560"},"content":{"rendered":"<p>Le pistolet \u00e0 air comprim\u00e9 et \u00e0 aspiration SVV-70\/560 convient pour l&rsquo;application de tous les produits d&rsquo;\u00e9tanch\u00e9it\u00e9 pour joints PROXAN\u00ae. Un produit d&rsquo;\u00e9tanch\u00e9it\u00e9 stable est aspir\u00e9 du r\u00e9cipient vers le cylindre du pistolet \u00e0 l&rsquo;aide de la plaque de recouvrement. Un produit d&rsquo;\u00e9tanch\u00e9it\u00e9 coulable est vers\u00e9 dans le cylindre directement \u00e0 partir du r\u00e9cipient. Diff\u00e9rentes buses en plastique sont disponibles pour vos diff\u00e9rentes applications. Le pistolet d&rsquo;injection est \u00e9galement disponible sous forme de pistolet \u00e0 air comprim\u00e9 et d&rsquo;aspiration SVV-70\/960 avec un volume de produit d&rsquo;\u00e9tanch\u00e9it\u00e9 de joints plus \u00e9lev\u00e9 et dans des dimensions plus grandes.<\/p>\n","protected":false},"excerpt":{"rendered":"<p><em>Druckluft- und Ansaugpistole SVV-70\/560<\/em><\/p>\n<p>Pistolet d&rsquo;injection pour le remplissage manuel de tous les produits d&rsquo;\u00e9tanch\u00e9it\u00e9 PROXAN\u00ae<\/p>\n[fusion_global id=\"12385\"]\n","protected":false},"featured_media":9486,"comment_status":"closed","ping_status":"closed","template":"","meta":[],"product_brand":[],"product_cat":[945,949,948],"product_tag":[],"class_list":{"0":"post-9484","1":"product","2":"type-product","3":"status-publish","4":"has-post-thumbnail","6":"product_cat-strassenbau-fr","7":"product_cat-maschinen-werkzeuge-fr","8":"product_cat-zusatzprodukte-fr","10":"first","11":"instock","12":"shipping-taxable","13":"product-type-simple"},"_links":{"self":[{"href":"https:\/\/dga.de\/fr\/wp-json\/wp\/v2\/product\/9484","targetHints":{"allow":["GET"]}}],"collection":[{"href":"https:\/\/dga.de\/fr\/wp-json\/wp\/v2\/product"}],"about":[{"href":"https:\/\/dga.de\/fr\/wp-json\/wp\/v2\/types\/product"}],"replies":[{"embeddable":true,"href":"https:\/\/dga.de\/fr\/wp-json\/wp\/v2\/comments?post=9484"}],"wp:featuredmedia":[{"embeddable":true,"href":"https:\/\/dga.de\/fr\/wp-json\/wp\/v2\/media\/9486"}],"wp:attachment":[{"href":"https:\/\/dga.de\/fr\/wp-json\/wp\/v2\/media?parent=9484"}],"wp:term":[{"taxonomy":"product_brand","embeddable":true,"href":"https:\/\/dga.de\/fr\/wp-json\/wp\/v2\/product_brand?post=9484"},{"taxonomy":"product_cat","embeddable":true,"href":"https:\/\/dga.de\/fr\/wp-json\/wp\/v2\/product_cat?post=9484"},{"taxonomy":"product_tag","embeddable":true,"href":"https:\/\/dga.de\/fr\/wp-json\/wp\/v2\/product_tag?post=9484"}],"curies":[{"name":"wp","href":"https:\/\/api.w.org\/{rel}","templated":true}]}}