{"id":9487,"date":"2019-10-31T10:36:57","date_gmt":"2019-10-31T09:36:57","guid":{"rendered":"https:\/\/dga.de\/produkt\/bigumator-mt-sealer\/"},"modified":"2024-02-01T12:48:29","modified_gmt":"2024-02-01T11:48:29","slug":"bigumator-mt-sealer","status":"publish","type":"product","link":"https:\/\/dga.de\/fr\/produkt\/bigumator-mt-sealer\/","title":{"rendered":"BIGUMAtor\u00ae- MT Sealer"},"content":{"rendered":"<p>Cette machine manuelle a \u00e9t\u00e9 con\u00e7ue pour remplir les joints avec des produits d&rsquo;\u00e9tanch\u00e9it\u00e9 bitumeux, de l&rsquo;asphalte coul\u00e9 et le syst\u00e8me BIGUMA\u00ae- Microtrenching. Elle peut \u00eatre utilis\u00e9e par une personne \u00e0 la fois, et convainc par ses performances de remplissage \u00e9lev\u00e9es. Le r\u00e9servoir de 75 litres est enduit d&rsquo;huile et \u00e9quip\u00e9 d&rsquo;un m\u00e9langeur hydraulique. Cela permet \u00e0 la machine de maintenir le mat\u00e9riau chaud et \u00e0 la bonne temp\u00e9rature pendant une longue p\u00e9riode. \u00c0 l&rsquo;aide d&rsquo;une vis hydraulique, il est possible de r\u00e9guler la sortie des masses de scellement du syst\u00e8me BIGUMA\u00ae- Microtechning-System dans le sabot d&rsquo;application ou de marquage.<br \/>\nLe moteur diesel et la traction avant hydraulique rendent la machine tr\u00e8s stable et facile \u00e0 contr\u00f4ler.<\/p>\n","protected":false},"excerpt":{"rendered":"<p>Machine de remplissage des joints apr\u00e8s le processus de mirco-tranch\u00e9e<\/p>\n[fusion_global id=\"12385\"]\n","protected":false},"featured_media":9488,"comment_status":"closed","ping_status":"closed","template":"","meta":[],"product_brand":[],"product_cat":[949,948],"product_tag":[950,951,952,953],"class_list":{"0":"post-9487","1":"product","2":"type-product","3":"status-publish","4":"has-post-thumbnail","6":"product_cat-maschinen-werkzeuge-fr","7":"product_cat-zusatzprodukte-fr","8":"product_tag-bigumator-fr","9":"product_tag-microtrenching-fr","10":"product_tag-sealer-fr","11":"product_tag-verarbeitungsgeraet-fr","13":"first","14":"instock","15":"shipping-taxable","16":"product-type-simple"},"_links":{"self":[{"href":"https:\/\/dga.de\/fr\/wp-json\/wp\/v2\/product\/9487","targetHints":{"allow":["GET"]}}],"collection":[{"href":"https:\/\/dga.de\/fr\/wp-json\/wp\/v2\/product"}],"about":[{"href":"https:\/\/dga.de\/fr\/wp-json\/wp\/v2\/types\/product"}],"replies":[{"embeddable":true,"href":"https:\/\/dga.de\/fr\/wp-json\/wp\/v2\/comments?post=9487"}],"wp:featuredmedia":[{"embeddable":true,"href":"https:\/\/dga.de\/fr\/wp-json\/wp\/v2\/media\/9488"}],"wp:attachment":[{"href":"https:\/\/dga.de\/fr\/wp-json\/wp\/v2\/media?parent=9487"}],"wp:term":[{"taxonomy":"product_brand","embeddable":true,"href":"https:\/\/dga.de\/fr\/wp-json\/wp\/v2\/product_brand?post=9487"},{"taxonomy":"product_cat","embeddable":true,"href":"https:\/\/dga.de\/fr\/wp-json\/wp\/v2\/product_cat?post=9487"},{"taxonomy":"product_tag","embeddable":true,"href":"https:\/\/dga.de\/fr\/wp-json\/wp\/v2\/product_tag?post=9487"}],"curies":[{"name":"wp","href":"https:\/\/api.w.org\/{rel}","templated":true}]}}