{"id":9489,"date":"2019-07-30T15:45:09","date_gmt":"2019-07-30T13:45:09","guid":{"rendered":"https:\/\/dga.de\/produkt\/bigumator-mb\/"},"modified":"2024-02-01T11:16:52","modified_gmt":"2024-02-01T10:16:52","slug":"bigumator-mb","status":"publish","type":"product","link":"https:\/\/dga.de\/fr\/produkt\/bigumator-mb\/","title":{"rendered":"BIGUMAtor\u00ae- MB"},"content":{"rendered":"<p>Cette machine manuelle a \u00e9t\u00e9 con\u00e7ue pour faciliter l&rsquo;application de la bande BIGUMA\u00ae- M Band dans plusieurs dimensions dans le cadre de l&rsquo;\u00e9tanch\u00e9ification des raccords dans la construction des routes en enrob\u00e9. Elle peut \u00eatre utilis\u00e9e par une personne \u00e0 la fois. BIGUMAtor\u00ae- MB se place sur le joint \u00e0 appliquer d\u00e8s la premi\u00e8re sortie du mat\u00e9riau. Alignez la buse de sortie sur le joint : elle peut \u00eatre r\u00e9gl\u00e9e au moyen d&rsquo;une roue de support.<br \/>\nLa machine BIGUMAtor\u00ae- MB est dot\u00e9e \u00e0 l&rsquo;avant d&rsquo;une buse inclinable pour un meilleur alignement\/aper\u00e7u.<\/p>\n","protected":false},"excerpt":{"rendered":"<p>Dispositif d&rsquo;application pour BIGUMA\u00ae- M Band<\/p>\n[fusion_global id=\"12385\"]\n","protected":false},"featured_media":9490,"comment_status":"closed","ping_status":"closed","template":"","meta":[],"product_brand":[],"product_cat":[949,948],"product_tag":[],"class_list":{"0":"post-9489","1":"product","2":"type-product","3":"status-publish","4":"has-post-thumbnail","6":"product_cat-maschinen-werkzeuge-fr","7":"product_cat-zusatzprodukte-fr","9":"first","10":"instock","11":"shipping-taxable","12":"product-type-simple"},"_links":{"self":[{"href":"https:\/\/dga.de\/fr\/wp-json\/wp\/v2\/product\/9489","targetHints":{"allow":["GET"]}}],"collection":[{"href":"https:\/\/dga.de\/fr\/wp-json\/wp\/v2\/product"}],"about":[{"href":"https:\/\/dga.de\/fr\/wp-json\/wp\/v2\/types\/product"}],"replies":[{"embeddable":true,"href":"https:\/\/dga.de\/fr\/wp-json\/wp\/v2\/comments?post=9489"}],"wp:featuredmedia":[{"embeddable":true,"href":"https:\/\/dga.de\/fr\/wp-json\/wp\/v2\/media\/9490"}],"wp:attachment":[{"href":"https:\/\/dga.de\/fr\/wp-json\/wp\/v2\/media?parent=9489"}],"wp:term":[{"taxonomy":"product_brand","embeddable":true,"href":"https:\/\/dga.de\/fr\/wp-json\/wp\/v2\/product_brand?post=9489"},{"taxonomy":"product_cat","embeddable":true,"href":"https:\/\/dga.de\/fr\/wp-json\/wp\/v2\/product_cat?post=9489"},{"taxonomy":"product_tag","embeddable":true,"href":"https:\/\/dga.de\/fr\/wp-json\/wp\/v2\/product_tag?post=9489"}],"curies":[{"name":"wp","href":"https:\/\/api.w.org\/{rel}","templated":true}]}}