{"id":9491,"date":"2019-07-30T15:29:36","date_gmt":"2019-07-30T13:29:36","guid":{"rendered":"https:\/\/dga.de\/produkt\/flexomat\/"},"modified":"2024-02-01T12:35:45","modified_gmt":"2024-02-01T11:35:45","slug":"flexomat","status":"publish","type":"product","link":"https:\/\/dga.de\/fr\/produkt\/flexomat\/","title":{"rendered":"PROXAN\u00ae- FLEXOMAT"},"content":{"rendered":"<p>Le dispositif d&rsquo;application PROXAN\u00ae- FLEXOMAT a \u00e9t\u00e9 sp\u00e9cialement d\u00e9velopp\u00e9 pour l&rsquo;application de produits d&rsquo;\u00e9tanch\u00e9it\u00e9 coulables \u00e0 base de polysulfure qui viennent dans des r\u00e9cipients de 25 litres pr\u00eats \u00e0 l&#8217;emploi.<br \/>\nPROXAN\u00ae- FLEXOMAT permet d&rsquo;atteindre des performances d&rsquo;application allant jusqu&rsquo;\u00e0 100 l par heure. Le r\u00e9servoir sous pression est con\u00e7u pour des pressions allant jusqu&rsquo;\u00e0 8 bars et peut accueillir des r\u00e9cipients d&rsquo;une capacit\u00e9 allant jusqu&rsquo;\u00e0 25 l.<\/p>\n","protected":false},"excerpt":{"rendered":"<p>Dispositif d&rsquo;application pour masses de scellement \u00e0 chaud \u00e0 2 composants applicables \u00e0 froid<\/p>\n[fusion_global id=\"12385\"]\n","protected":false},"featured_media":17987,"comment_status":"closed","ping_status":"closed","template":"","meta":[],"product_brand":[],"product_cat":[949,948],"product_tag":[],"class_list":{"0":"post-9491","1":"product","2":"type-product","3":"status-publish","4":"has-post-thumbnail","6":"product_cat-maschinen-werkzeuge-fr","7":"product_cat-zusatzprodukte-fr","9":"first","10":"instock","11":"shipping-taxable","12":"product-type-simple"},"_links":{"self":[{"href":"https:\/\/dga.de\/fr\/wp-json\/wp\/v2\/product\/9491","targetHints":{"allow":["GET"]}}],"collection":[{"href":"https:\/\/dga.de\/fr\/wp-json\/wp\/v2\/product"}],"about":[{"href":"https:\/\/dga.de\/fr\/wp-json\/wp\/v2\/types\/product"}],"replies":[{"embeddable":true,"href":"https:\/\/dga.de\/fr\/wp-json\/wp\/v2\/comments?post=9491"}],"wp:featuredmedia":[{"embeddable":true,"href":"https:\/\/dga.de\/fr\/wp-json\/wp\/v2\/media\/17987"}],"wp:attachment":[{"href":"https:\/\/dga.de\/fr\/wp-json\/wp\/v2\/media?parent=9491"}],"wp:term":[{"taxonomy":"product_brand","embeddable":true,"href":"https:\/\/dga.de\/fr\/wp-json\/wp\/v2\/product_brand?post=9491"},{"taxonomy":"product_cat","embeddable":true,"href":"https:\/\/dga.de\/fr\/wp-json\/wp\/v2\/product_cat?post=9491"},{"taxonomy":"product_tag","embeddable":true,"href":"https:\/\/dga.de\/fr\/wp-json\/wp\/v2\/product_tag?post=9491"}],"curies":[{"name":"wp","href":"https:\/\/api.w.org\/{rel}","templated":true}]}}