{"id":9493,"date":"2019-07-30T13:51:10","date_gmt":"2019-07-30T11:51:10","guid":{"rendered":"https:\/\/dga.de\/produkt\/manuplaster\/"},"modified":"2024-02-01T12:42:38","modified_gmt":"2024-02-01T11:42:38","slug":"manuplaster","status":"publish","type":"product","link":"https:\/\/dga.de\/fr\/produkt\/manuplaster\/","title":{"rendered":"MANUPLASTER"},"content":{"rendered":"<p>MANUPLASTER est un outil manuel pour l&rsquo;application m\u00e9canique de notre colle pour joints applicable \u00e0 froid BIGUMA\u00ae- Plast. Cet outil permet d&rsquo;appliquer la colle BIGUMA\u00ae- Plast avec rapidit\u00e9 et efficacit\u00e9 sur les raccords centraux et les autres flancs de raccords dans le cadre du proc\u00e9d\u00e9 d&rsquo;application d&rsquo;enrob\u00e9 dit \u00ab chaud \u00e0 froid \u00bb.<br \/>\nMANUPLASTER convient parfaitement \u00e0 une utilisation quotidienne au chantier.<\/p>\n","protected":false},"excerpt":{"rendered":"<p>Outil d&rsquo;application pour BIGUMA\u00ae- Plast<\/p>\n[fusion_global id=\"12385\"]\n","protected":false},"featured_media":9494,"comment_status":"closed","ping_status":"closed","template":"","meta":[],"product_brand":[],"product_cat":[949,948],"product_tag":[],"class_list":{"0":"post-9493","1":"product","2":"type-product","3":"status-publish","4":"has-post-thumbnail","6":"product_cat-maschinen-werkzeuge-fr","7":"product_cat-zusatzprodukte-fr","9":"first","10":"instock","11":"shipping-taxable","12":"product-type-simple"},"_links":{"self":[{"href":"https:\/\/dga.de\/fr\/wp-json\/wp\/v2\/product\/9493","targetHints":{"allow":["GET"]}}],"collection":[{"href":"https:\/\/dga.de\/fr\/wp-json\/wp\/v2\/product"}],"about":[{"href":"https:\/\/dga.de\/fr\/wp-json\/wp\/v2\/types\/product"}],"replies":[{"embeddable":true,"href":"https:\/\/dga.de\/fr\/wp-json\/wp\/v2\/comments?post=9493"}],"wp:featuredmedia":[{"embeddable":true,"href":"https:\/\/dga.de\/fr\/wp-json\/wp\/v2\/media\/9494"}],"wp:attachment":[{"href":"https:\/\/dga.de\/fr\/wp-json\/wp\/v2\/media?parent=9493"}],"wp:term":[{"taxonomy":"product_brand","embeddable":true,"href":"https:\/\/dga.de\/fr\/wp-json\/wp\/v2\/product_brand?post=9493"},{"taxonomy":"product_cat","embeddable":true,"href":"https:\/\/dga.de\/fr\/wp-json\/wp\/v2\/product_cat?post=9493"},{"taxonomy":"product_tag","embeddable":true,"href":"https:\/\/dga.de\/fr\/wp-json\/wp\/v2\/product_tag?post=9493"}],"curies":[{"name":"wp","href":"https:\/\/api.w.org\/{rel}","templated":true}]}}