{"id":9498,"date":"2019-03-26T11:49:45","date_gmt":"2019-03-26T10:49:45","guid":{"rendered":"https:\/\/dga.de\/produkt\/biguma-emulsion-pmb-70\/"},"modified":"2022-10-31T10:10:45","modified_gmt":"2022-10-31T09:10:45","slug":"biguma-emulsion-pmb-70","status":"publish","type":"product","link":"https:\/\/dga.de\/fr\/produkt\/biguma-emulsion-pmb-70\/","title":{"rendered":"BIGUMA\u00ae- Emulsion PMB 70+"},"content":{"rendered":"<p>BIGUMA\u00ae-\u00a0Emulsion PMB70+ est utilis\u00e9e pour le proc\u00e9d\u00e9 de r\u00e9paration \u00ab entretien des chauss\u00e9es \u00bb selon ZTV BEA-StB 09\/13. Ses propri\u00e9t\u00e9s d&rsquo;\u00e9coulement optimis\u00e9es permettent de l&rsquo;utiliser sur terrain plat et sur des l\u00e9g\u00e8rement douces. BIGUMA\u00ae-\u00a0Emulsion PMB70+ est \u00e9galement utilisable sur les routes \u00e0 trafic tr\u00e8s intense. BIGUMA\u00ae-\u00a0Emulsion PMB70+ est principalement utilis\u00e9e pour l&rsquo;entretien des chauss\u00e9es des routes de classe de construction IV \u00e0 VI et est certifi\u00e9e comme \u00e9mulsion de bitume cationique conform\u00e9ment au cadre national TL BE-StB 15 et \u00e0 la norme europ\u00e9enne harmonis\u00e9e DIN EN 13808.<\/p>\n","protected":false},"excerpt":{"rendered":"<p>\u00c9mulsion bitumeuse pour le proc\u00e9d\u00e9 d&rsquo;entretien \u00ab entretien de chauss\u00e9e \u00bb<\/p>\n[fusion_global id=\"12385\"]\n","protected":false},"featured_media":23761,"comment_status":"closed","ping_status":"closed","template":"","meta":[],"product_brand":[],"product_cat":[957,958],"product_tag":[],"class_list":{"0":"post-9498","1":"product","2":"type-product","3":"status-publish","4":"has-post-thumbnail","6":"product_cat-emulsion-fr","7":"product_cat-instandhaltung-oberflaechenbehandlung-fr","9":"first","10":"instock","11":"product-type-simple"},"_links":{"self":[{"href":"https:\/\/dga.de\/fr\/wp-json\/wp\/v2\/product\/9498","targetHints":{"allow":["GET"]}}],"collection":[{"href":"https:\/\/dga.de\/fr\/wp-json\/wp\/v2\/product"}],"about":[{"href":"https:\/\/dga.de\/fr\/wp-json\/wp\/v2\/types\/product"}],"replies":[{"embeddable":true,"href":"https:\/\/dga.de\/fr\/wp-json\/wp\/v2\/comments?post=9498"}],"wp:featuredmedia":[{"embeddable":true,"href":"https:\/\/dga.de\/fr\/wp-json\/wp\/v2\/media\/23761"}],"wp:attachment":[{"href":"https:\/\/dga.de\/fr\/wp-json\/wp\/v2\/media?parent=9498"}],"wp:term":[{"taxonomy":"product_brand","embeddable":true,"href":"https:\/\/dga.de\/fr\/wp-json\/wp\/v2\/product_brand?post=9498"},{"taxonomy":"product_cat","embeddable":true,"href":"https:\/\/dga.de\/fr\/wp-json\/wp\/v2\/product_cat?post=9498"},{"taxonomy":"product_tag","embeddable":true,"href":"https:\/\/dga.de\/fr\/wp-json\/wp\/v2\/product_tag?post=9498"}],"curies":[{"name":"wp","href":"https:\/\/api.w.org\/{rel}","templated":true}]}}