{"id":9500,"date":"2019-03-26T11:49:45","date_gmt":"2019-03-26T10:49:45","guid":{"rendered":"https:\/\/dga.de\/produkt\/biguma-emulsion-pmb65-dsk\/"},"modified":"2024-02-01T11:08:46","modified_gmt":"2024-02-01T10:08:46","slug":"biguma-emulsion-pmb65-dsk","status":"publish","type":"product","link":"https:\/\/dga.de\/fr\/produkt\/biguma-emulsion-pmb65-dsk\/","title":{"rendered":"BIGUMA\u00ae- Emulsion PMB65-DSK"},"content":{"rendered":"<p>BIGUMA\u00ae- Emulsion PMB65-DSK est utilis\u00e9e pour la production de \u00ab minces couches de surface en enrob\u00e9 dans la construction \u00e0 froid \u00bb (DSK) selon ZTV BEA-StB. La rupture de BIGUMA\u00ae- Emulsion PMB65-DSK est contr\u00f4lable et adapt\u00e9e \u00e0 la m\u00e9thode de construction habituelle de ce proc\u00e9d\u00e9 de r\u00e9paration.<br \/>\nBIGUMA\u00ae- Emulsion PMB65-DSK est certifi\u00e9e comme \u00e9mulsion de bitume cationique C65BP6-DSK selon le cadre national TL BE-StB 15 et la norme europ\u00e9enne harmonis\u00e9e DIN EN 13808.<\/p>\n","protected":false},"excerpt":{"rendered":"<p>\u00c9mulsion bitumeuse pour la fabrication de couches de surface en enrob\u00e9 dans la construction \u00e0 froid<\/p>\n[fusion_global id=\"12385\"]\n","protected":false},"featured_media":9501,"comment_status":"closed","ping_status":"closed","template":"","meta":[],"product_brand":[],"product_cat":[959,957],"product_tag":[],"class_list":{"0":"post-9500","1":"product","2":"type-product","3":"status-publish","4":"has-post-thumbnail","6":"product_cat-asphaltdeckschichten-fr","7":"product_cat-emulsion-fr","9":"first","10":"instock","11":"product-type-simple"},"_links":{"self":[{"href":"https:\/\/dga.de\/fr\/wp-json\/wp\/v2\/product\/9500","targetHints":{"allow":["GET"]}}],"collection":[{"href":"https:\/\/dga.de\/fr\/wp-json\/wp\/v2\/product"}],"about":[{"href":"https:\/\/dga.de\/fr\/wp-json\/wp\/v2\/types\/product"}],"replies":[{"embeddable":true,"href":"https:\/\/dga.de\/fr\/wp-json\/wp\/v2\/comments?post=9500"}],"wp:featuredmedia":[{"embeddable":true,"href":"https:\/\/dga.de\/fr\/wp-json\/wp\/v2\/media\/9501"}],"wp:attachment":[{"href":"https:\/\/dga.de\/fr\/wp-json\/wp\/v2\/media?parent=9500"}],"wp:term":[{"taxonomy":"product_brand","embeddable":true,"href":"https:\/\/dga.de\/fr\/wp-json\/wp\/v2\/product_brand?post=9500"},{"taxonomy":"product_cat","embeddable":true,"href":"https:\/\/dga.de\/fr\/wp-json\/wp\/v2\/product_cat?post=9500"},{"taxonomy":"product_tag","embeddable":true,"href":"https:\/\/dga.de\/fr\/wp-json\/wp\/v2\/product_tag?post=9500"}],"curies":[{"name":"wp","href":"https:\/\/api.w.org\/{rel}","templated":true}]}}