{"id":9502,"date":"2019-03-26T11:49:45","date_gmt":"2019-03-26T10:49:45","guid":{"rendered":"https:\/\/dga.de\/produkt\/biguma-emulsion-be-60-n\/"},"modified":"2026-02-23T11:36:59","modified_gmt":"2026-02-23T10:36:59","slug":"biguma-emulsion-be-60-n","status":"publish","type":"product","link":"https:\/\/dga.de\/fr\/produkt\/biguma-emulsion-be-60-n\/","title":{"rendered":"BIGUMA\u00ae- Emulsion BE60 N"},"content":{"rendered":"<p>BIGUMA\u00ae- Emulsion BE 60 N est utilis\u00e9 pour le retraitement des couches de base stabilis\u00e9es au liant hydraulique en tant que produit d&rsquo;\u00e9tanch\u00e9it\u00e9. BIGUMA\u00ae- Emulsion BE 60 N est certifi\u00e9e comme \u00e9mulsion de bitume cationique C60B4-N selon le cadre national TL BE-StB 15 et la norme europ\u00e9enne harmonis\u00e9e DIN EN 13808.<\/p>\n","protected":false},"excerpt":{"rendered":"<p>\u00c9mulsion bitumeuse de scellement<\/p>\n[fusion_global id=\"12385\"]\n","protected":false},"featured_media":19020,"comment_status":"closed","ping_status":"closed","template":"","meta":[],"product_brand":[],"product_cat":[957,958],"product_tag":[960],"class_list":{"0":"post-9502","1":"product","2":"type-product","3":"status-publish","4":"has-post-thumbnail","6":"product_cat-emulsion-fr","7":"product_cat-instandhaltung-oberflaechenbehandlung-fr","8":"product_tag-emulsion-bitumenemuslion-instandhaltung-oberflaechenbehandlung-versiegelung-fr","10":"first","11":"instock","12":"product-type-simple"},"_links":{"self":[{"href":"https:\/\/dga.de\/fr\/wp-json\/wp\/v2\/product\/9502","targetHints":{"allow":["GET"]}}],"collection":[{"href":"https:\/\/dga.de\/fr\/wp-json\/wp\/v2\/product"}],"about":[{"href":"https:\/\/dga.de\/fr\/wp-json\/wp\/v2\/types\/product"}],"replies":[{"embeddable":true,"href":"https:\/\/dga.de\/fr\/wp-json\/wp\/v2\/comments?post=9502"}],"wp:featuredmedia":[{"embeddable":true,"href":"https:\/\/dga.de\/fr\/wp-json\/wp\/v2\/media\/19020"}],"wp:attachment":[{"href":"https:\/\/dga.de\/fr\/wp-json\/wp\/v2\/media?parent=9502"}],"wp:term":[{"taxonomy":"product_brand","embeddable":true,"href":"https:\/\/dga.de\/fr\/wp-json\/wp\/v2\/product_brand?post=9502"},{"taxonomy":"product_cat","embeddable":true,"href":"https:\/\/dga.de\/fr\/wp-json\/wp\/v2\/product_cat?post=9502"},{"taxonomy":"product_tag","embeddable":true,"href":"https:\/\/dga.de\/fr\/wp-json\/wp\/v2\/product_tag?post=9502"}],"curies":[{"name":"wp","href":"https:\/\/api.w.org\/{rel}","templated":true}]}}