{"id":9504,"date":"2019-03-26T11:49:45","date_gmt":"2019-03-26T10:49:45","guid":{"rendered":"https:\/\/dga.de\/produkt\/biguma-emulsion-pm-65-pt\/"},"modified":"2026-02-24T11:38:37","modified_gmt":"2026-02-24T10:38:37","slug":"biguma-emulsion-pm-65-pt","status":"publish","type":"product","link":"https:\/\/dga.de\/fr\/produkt\/biguma-emulsion-pm-65-pt\/","title":{"rendered":"BIGUMA\u00ae- Emulsion PMB65 PT"},"content":{"rendered":"<p>BIGUMA\u00ae- Emulsion PMB65 PT est une \u00e9mulsion de bitume modifi\u00e9e par des polym\u00e8res, utilis\u00e9e dans le processus de rapi\u00e9\u00e7age. Dans le cadre de ce processus, l&rsquo;\u00e9mulsion BIGUMA\u00ae- Emulsion PMB65 PT enrobe les grains de gravier de mani\u00e8re permanente et ne s&rsquo;\u00e9coule pas. La rupture de cette \u00e9mulsion de bitume est adapt\u00e9e aux types de gravillons les plus courants et aux rev\u00eatements routiers habituels.<br \/>\nBIGUMA\u00ae- Emulsion PMB65 PT est certifi\u00e9e comme \u00e9mulsion de bitume cationique C67BP3-REP selon le cadre national TL BE-StB 15 et la norme europ\u00e9enne harmonis\u00e9e DIN EN 13808.<\/p>\n","protected":false},"excerpt":{"rendered":"<p>\u00c9mulsion bitumeuse pour une application dans le rapi\u00e9\u00e7age<\/p>\n[fusion_global id=\"12385\"]\n","protected":false},"featured_media":19056,"comment_status":"closed","ping_status":"closed","template":"","meta":[],"product_brand":[],"product_cat":[957,958],"product_tag":[961],"class_list":{"0":"post-9504","1":"product","2":"type-product","3":"status-publish","4":"has-post-thumbnail","6":"product_cat-emulsion-fr","7":"product_cat-instandhaltung-oberflaechenbehandlung-fr","8":"product_tag-emulsion-bitumenemuslion-instandhaltung-oberflaechenbehandlung-patchverfahren-fr","10":"first","11":"instock","12":"product-type-simple"},"_links":{"self":[{"href":"https:\/\/dga.de\/fr\/wp-json\/wp\/v2\/product\/9504","targetHints":{"allow":["GET"]}}],"collection":[{"href":"https:\/\/dga.de\/fr\/wp-json\/wp\/v2\/product"}],"about":[{"href":"https:\/\/dga.de\/fr\/wp-json\/wp\/v2\/types\/product"}],"replies":[{"embeddable":true,"href":"https:\/\/dga.de\/fr\/wp-json\/wp\/v2\/comments?post=9504"}],"wp:featuredmedia":[{"embeddable":true,"href":"https:\/\/dga.de\/fr\/wp-json\/wp\/v2\/media\/19056"}],"wp:attachment":[{"href":"https:\/\/dga.de\/fr\/wp-json\/wp\/v2\/media?parent=9504"}],"wp:term":[{"taxonomy":"product_brand","embeddable":true,"href":"https:\/\/dga.de\/fr\/wp-json\/wp\/v2\/product_brand?post=9504"},{"taxonomy":"product_cat","embeddable":true,"href":"https:\/\/dga.de\/fr\/wp-json\/wp\/v2\/product_cat?post=9504"},{"taxonomy":"product_tag","embeddable":true,"href":"https:\/\/dga.de\/fr\/wp-json\/wp\/v2\/product_tag?post=9504"}],"curies":[{"name":"wp","href":"https:\/\/api.w.org\/{rel}","templated":true}]}}