{"id":9506,"date":"2019-03-26T11:49:45","date_gmt":"2019-03-26T10:49:45","guid":{"rendered":"https:\/\/dga.de\/produkt\/biguma-emulsion-armierung\/"},"modified":"2021-06-14T08:33:42","modified_gmt":"2021-06-14T06:33:42","slug":"biguma-emulsion-armierung","status":"publish","type":"product","link":"https:\/\/dga.de\/fr\/produkt\/biguma-emulsion-armierung\/","title":{"rendered":"BIGUMA\u00ae- Emulsion Armierung"},"content":{"rendered":"<p>BIGUMA\u00ae- Emulsion Armierung est une \u00e9mulsion de bitume cationique hautement modifi\u00e9e par des polym\u00e8res qui, gr\u00e2ce \u00e0 l&rsquo;ajout de polym\u00e8res sp\u00e9ciaux, convient parfaitement au collage des mati\u00e8res non tiss\u00e9es et des g\u00e9otextiles. Cette \u00e9mulsion est adapt\u00e9e \u00e0 des charges de trafic \u00e9lev\u00e9es et\/ou \u00e0 des conditions climatiques particuli\u00e8res, et se caract\u00e9rise par de tr\u00e8s bonnes propri\u00e9t\u00e9s d&rsquo;utilisation \u00e0 chaud et \u00e0 froid, une adh\u00e9rence optimale et une r\u00e9sistance \u00e9lev\u00e9e au vieillissement.<\/p>\n","protected":false},"excerpt":{"rendered":"<p>\u00c9mulsion bitumeuse modifi\u00e9e par des polym\u00e8res pour le collage des mati\u00e8res non tiss\u00e9es et des g\u00e9otextiles<\/p>\n[fusion_global id=\"12385\"]\n","protected":false},"featured_media":9499,"comment_status":"closed","ping_status":"closed","template":"","meta":[],"product_brand":[],"product_cat":[962,957],"product_tag":[963],"class_list":{"0":"post-9506","1":"product","2":"type-product","3":"status-publish","4":"has-post-thumbnail","6":"product_cat-weitere-bitumenemulsionen-fr","7":"product_cat-emulsion-fr","8":"product_tag-emulsion-bitumenemuslion-instandhaltung-verklebebung-fr","10":"first","11":"instock","12":"product-type-simple"},"_links":{"self":[{"href":"https:\/\/dga.de\/fr\/wp-json\/wp\/v2\/product\/9506","targetHints":{"allow":["GET"]}}],"collection":[{"href":"https:\/\/dga.de\/fr\/wp-json\/wp\/v2\/product"}],"about":[{"href":"https:\/\/dga.de\/fr\/wp-json\/wp\/v2\/types\/product"}],"replies":[{"embeddable":true,"href":"https:\/\/dga.de\/fr\/wp-json\/wp\/v2\/comments?post=9506"}],"wp:featuredmedia":[{"embeddable":true,"href":"https:\/\/dga.de\/fr\/wp-json\/wp\/v2\/media\/9499"}],"wp:attachment":[{"href":"https:\/\/dga.de\/fr\/wp-json\/wp\/v2\/media?parent=9506"}],"wp:term":[{"taxonomy":"product_brand","embeddable":true,"href":"https:\/\/dga.de\/fr\/wp-json\/wp\/v2\/product_brand?post=9506"},{"taxonomy":"product_cat","embeddable":true,"href":"https:\/\/dga.de\/fr\/wp-json\/wp\/v2\/product_cat?post=9506"},{"taxonomy":"product_tag","embeddable":true,"href":"https:\/\/dga.de\/fr\/wp-json\/wp\/v2\/product_tag?post=9506"}],"curies":[{"name":"wp","href":"https:\/\/api.w.org\/{rel}","templated":true}]}}